{"id":596,"date":"2021-05-07T12:37:27","date_gmt":"2021-05-07T10:37:27","guid":{"rendered":"https:\/\/kunstlabor.org\/?page_id=596"},"modified":"2026-04-05T10:28:54","modified_gmt":"2026-04-05T08:28:54","slug":"oeffnungszeiten","status":"publish","type":"page","link":"https:\/\/kunstlabor.org\/en\/oeffnungszeiten\/","title":{"rendered":"Opening hours"},"content":{"rendered":"<div data-elementor-type=\"wp-page\" data-elementor-id=\"596\" class=\"elementor elementor-596\" data-elementor-post-type=\"page\">\n\t\t\t\t\t\t<section class=\"elementor-section elementor-top-section elementor-element elementor-element-f38ba65 elementor-section-full_width elementor-section-height-default elementor-section-height-default\" data-id=\"f38ba65\" data-element_type=\"section\" data-e-type=\"section\">\n\t\t\t\t\t\t<div class=\"elementor-container elementor-column-gap-default\">\n\t\t\t\t\t<div class=\"elementor-column elementor-col-50 elementor-top-column elementor-element elementor-element-dc659c1\" data-id=\"dc659c1\" data-element_type=\"column\" data-e-type=\"column\">\n\t\t\t<div class=\"elementor-widget-wrap elementor-element-populated\">\n\t\t\t\t\t\t<div class=\"elementor-element elementor-element-ac38710 elementor-widget__width-inherit elementor-widget elementor-widget-image\" data-id=\"ac38710\" data-element_type=\"widget\" data-e-type=\"widget\" data-widget_type=\"image.default\">\n\t\t\t\t<div class=\"elementor-widget-container\">\n\t\t\t\t\t\t\t\t\t\t\t\t\t\t\t<img fetchpriority=\"high\" decoding=\"async\" width=\"1126\" height=\"1024\" src=\"https:\/\/kunstlabor.org\/wp-content\/uploads\/2023\/12\/IMG_3586-scaled-e1703169238283.jpg\" class=\"attachment-full size-full wp-image-29218\" alt=\"\" srcset=\"https:\/\/kunstlabor.org\/wp-content\/uploads\/2023\/12\/IMG_3586-scaled-e1703169238283.jpg 1126w, https:\/\/kunstlabor.org\/wp-content\/uploads\/2023\/12\/IMG_3586-scaled-e1703169238283-300x273.jpg 300w, https:\/\/kunstlabor.org\/wp-content\/uploads\/2023\/12\/IMG_3586-scaled-e1703169238283-1024x931.jpg 1024w, https:\/\/kunstlabor.org\/wp-content\/uploads\/2023\/12\/IMG_3586-scaled-e1703169238283-768x698.jpg 768w, https:\/\/kunstlabor.org\/wp-content\/uploads\/2023\/12\/IMG_3586-scaled-e1703169238283-13x12.jpg 13w\" sizes=\"(max-width: 1126px) 100vw, 1126px\" \/>\t\t\t\t\t\t\t\t\t\t\t\t\t\t\t<\/div>\n\t\t\t\t<\/div>\n\t\t\t\t\t<\/div>\n\t\t<\/div>\n\t\t\t\t<div class=\"elementor-column elementor-col-50 elementor-top-column elementor-element elementor-element-c47f176\" data-id=\"c47f176\" data-element_type=\"column\" data-e-type=\"column\">\n\t\t\t<div class=\"elementor-widget-wrap elementor-element-populated\">\n\t\t\t\t\t\t<div class=\"elementor-element elementor-element-f5ec313 elementor-widget elementor-widget-heading\" data-id=\"f5ec313\" data-element_type=\"widget\" data-e-type=\"widget\" data-widget_type=\"heading.default\">\n\t\t\t\t<div class=\"elementor-widget-container\">\n\t\t\t\t\t<h2 class=\"elementor-heading-title elementor-size-default\">Opening hours<\/h2>\t\t\t\t<\/div>\n\t\t\t\t<\/div>\n\t\t\t\t<div class=\"elementor-element elementor-element-17af304 elementor-widget elementor-widget-text-editor\" data-id=\"17af304\" data-element_type=\"widget\" data-e-type=\"widget\" data-widget_type=\"text-editor.default\">\n\t\t\t\t<div class=\"elementor-widget-container\">\n\t\t\t\t\t\t\t\t\t<p><strong>The special exhibition \u201eSETH's SPIEL(T)R\u00c4UME\u201c and all exhibition areas of KUNSTLABOR 2 are open as follows:<\/strong><\/p><p>Saturdays - Sundays 10 am - 4 pm<\/p><p>Last admission: 15:15<\/p><p><strong>Guided tours, workshops and enquiries for school classes will continue to be offered individually. <\/strong>Please note our offer in the webshop. Bookings are only possible in advance <a href=\"https:\/\/shop.muca.eu\/produkt\/kunstlabor-2\/\" data-wplink-edit=\"true\">online<\/a> possible.<\/p><p>Dogs are not allowed in the building.<\/p>\t\t\t\t\t\t\t\t<\/div>\n\t\t\t\t<\/div>\n\t\t\t\t\t<\/div>\n\t\t<\/div>\n\t\t\t\t\t<\/div>\n\t\t<\/section>\n\t\t\t\t<\/div>","protected":false},"excerpt":{"rendered":"<p>Die Sonderausstellung &#8222;SETH&#8217;s SPIEL(T)R\u00c4UME&#8220; sowie alle Ausstellungsfl\u00e4chen des KUNSTLABOR 2 sind wie folgt ge\u00f6ffnet: Samstags &#8211; Sonntags 10 &#8211; 16 Uhr Letzter Einlass: 15:15 Uhr F\u00fchrungen, Workshops und Anfragen f\u00fcr&#8230;<\/p>","protected":false},"author":2,"featured_media":0,"parent":0,"menu_order":0,"comment_status":"closed","ping_status":"closed","template":"elementor_header_footer","meta":{"_acf_changed":false,"footnotes":""},"class_list":["post-596","page","type-page","status-publish","hentry"],"acf":[],"yoast_head":"<!-- This site is optimized with the Yoast SEO plugin v27.3 - https:\/\/yoast.com\/product\/yoast-seo-wordpress\/ -->\n<title>\u00d6ffnungszeiten &#8212; Kunstlabor 2<\/title>\n<meta name=\"robots\" content=\"index, follow, max-snippet:-1, max-image-preview:large, max-video-preview:-1\" \/>\n<link rel=\"canonical\" href=\"https:\/\/kunstlabor.org\/en\/oeffnungszeiten\/\" \/>\n<meta property=\"og:locale\" content=\"en_GB\" \/>\n<meta property=\"og:type\" content=\"article\" \/>\n<meta property=\"og:title\" content=\"\u00d6ffnungszeiten &#8212; Kunstlabor 2\" \/>\n<meta property=\"og:description\" content=\"Die Sonderausstellung &#8222;SETH&#8217;s SPIEL(T)R\u00c4UME&#8220; sowie alle Ausstellungsfl\u00e4chen des KUNSTLABOR 2 sind wie folgt ge\u00f6ffnet: Samstags &#8211; Sonntags 10 &#8211; 16 Uhr Letzter Einlass: 15:15 Uhr F\u00fchrungen, Workshops und Anfragen f\u00fcr...\" \/>\n<meta property=\"og:url\" content=\"https:\/\/kunstlabor.org\/en\/oeffnungszeiten\/\" \/>\n<meta property=\"og:site_name\" content=\"Kunstlabor 2\" \/>\n<meta property=\"article:modified_time\" content=\"2026-04-05T08:28:54+00:00\" \/>\n<meta property=\"og:image\" content=\"https:\/\/kunstlabor.org\/wp-content\/uploads\/2023\/12\/IMG_3586-scaled-e1703169238283.jpg\" \/>\n\t<meta property=\"og:image:width\" content=\"1126\" \/>\n\t<meta property=\"og:image:height\" content=\"1024\" \/>\n\t<meta property=\"og:image:type\" content=\"image\/jpeg\" \/>\n<meta name=\"twitter:card\" content=\"summary_large_image\" \/>\n<script type=\"application\/ld+json\" class=\"yoast-schema-graph\">{\"@context\":\"https:\\\/\\\/schema.org\",\"@graph\":[{\"@type\":\"WebPage\",\"@id\":\"https:\\\/\\\/kunstlabor.org\\\/oeffnungszeiten\\\/\",\"url\":\"https:\\\/\\\/kunstlabor.org\\\/oeffnungszeiten\\\/\",\"name\":\"\u00d6ffnungszeiten &#8212; Kunstlabor 2\",\"isPartOf\":{\"@id\":\"https:\\\/\\\/kunstlabor.org\\\/#website\"},\"primaryImageOfPage\":{\"@id\":\"https:\\\/\\\/kunstlabor.org\\\/oeffnungszeiten\\\/#primaryimage\"},\"image\":{\"@id\":\"https:\\\/\\\/kunstlabor.org\\\/oeffnungszeiten\\\/#primaryimage\"},\"thumbnailUrl\":\"https:\\\/\\\/kunstlabor.org\\\/wp-content\\\/uploads\\\/2023\\\/12\\\/IMG_3586-scaled-e1703169238283.jpg\",\"datePublished\":\"2021-05-07T10:37:27+00:00\",\"dateModified\":\"2026-04-05T08:28:54+00:00\",\"breadcrumb\":{\"@id\":\"https:\\\/\\\/kunstlabor.org\\\/oeffnungszeiten\\\/#breadcrumb\"},\"inLanguage\":\"en-GB\",\"potentialAction\":[{\"@type\":\"ReadAction\",\"target\":[\"https:\\\/\\\/kunstlabor.org\\\/oeffnungszeiten\\\/\"]}]},{\"@type\":\"ImageObject\",\"inLanguage\":\"en-GB\",\"@id\":\"https:\\\/\\\/kunstlabor.org\\\/oeffnungszeiten\\\/#primaryimage\",\"url\":\"https:\\\/\\\/kunstlabor.org\\\/wp-content\\\/uploads\\\/2023\\\/12\\\/IMG_3586-scaled-e1703169238283.jpg\",\"contentUrl\":\"https:\\\/\\\/kunstlabor.org\\\/wp-content\\\/uploads\\\/2023\\\/12\\\/IMG_3586-scaled-e1703169238283.jpg\"},{\"@type\":\"BreadcrumbList\",\"@id\":\"https:\\\/\\\/kunstlabor.org\\\/oeffnungszeiten\\\/#breadcrumb\",\"itemListElement\":[{\"@type\":\"ListItem\",\"position\":1,\"name\":\"Startseite\",\"item\":\"https:\\\/\\\/kunstlabor.org\\\/\"},{\"@type\":\"ListItem\",\"position\":2,\"name\":\"\u00d6ffnungszeiten\"}]},{\"@type\":\"WebSite\",\"@id\":\"https:\\\/\\\/kunstlabor.org\\\/#website\",\"url\":\"https:\\\/\\\/kunstlabor.org\\\/\",\"name\":\"Kunstlabor 2\",\"description\":\"M\u00fcnchens gr\u00f6\u00dfte Zwischennutzung geht an den Start\",\"publisher\":{\"@id\":\"https:\\\/\\\/kunstlabor.org\\\/#organization\"},\"potentialAction\":[{\"@type\":\"SearchAction\",\"target\":{\"@type\":\"EntryPoint\",\"urlTemplate\":\"https:\\\/\\\/kunstlabor.org\\\/?s={search_term_string}\"},\"query-input\":{\"@type\":\"PropertyValueSpecification\",\"valueRequired\":true,\"valueName\":\"search_term_string\"}}],\"inLanguage\":\"en-GB\"},{\"@type\":\"Organization\",\"@id\":\"https:\\\/\\\/kunstlabor.org\\\/#organization\",\"name\":\"Kunstlabor\",\"url\":\"https:\\\/\\\/kunstlabor.org\\\/\",\"logo\":{\"@type\":\"ImageObject\",\"inLanguage\":\"en-GB\",\"@id\":\"https:\\\/\\\/kunstlabor.org\\\/#\\\/schema\\\/logo\\\/image\\\/\",\"url\":\"https:\\\/\\\/kunstlabor.org\\\/wp-content\\\/uploads\\\/2021\\\/05\\\/logo.png\",\"contentUrl\":\"https:\\\/\\\/kunstlabor.org\\\/wp-content\\\/uploads\\\/2021\\\/05\\\/logo.png\",\"width\":490,\"height\":260,\"caption\":\"Kunstlabor\"},\"image\":{\"@id\":\"https:\\\/\\\/kunstlabor.org\\\/#\\\/schema\\\/logo\\\/image\\\/\"}}]}<\/script>\n<!-- \/ Yoast SEO plugin. -->","yoast_head_json":{"title":"Opening hours - Art Lab 2","robots":{"index":"index","follow":"follow","max-snippet":"max-snippet:-1","max-image-preview":"max-image-preview:large","max-video-preview":"max-video-preview:-1"},"canonical":"https:\/\/kunstlabor.org\/en\/oeffnungszeiten\/","og_locale":"en_GB","og_type":"article","og_title":"\u00d6ffnungszeiten &#8212; Kunstlabor 2","og_description":"Die Sonderausstellung &#8222;SETH&#8217;s SPIEL(T)R\u00c4UME&#8220; sowie alle Ausstellungsfl\u00e4chen des KUNSTLABOR 2 sind wie folgt ge\u00f6ffnet: Samstags &#8211; Sonntags 10 &#8211; 16 Uhr Letzter Einlass: 15:15 Uhr F\u00fchrungen, Workshops und Anfragen f\u00fcr...","og_url":"https:\/\/kunstlabor.org\/en\/oeffnungszeiten\/","og_site_name":"Kunstlabor 2","article_modified_time":"2026-04-05T08:28:54+00:00","og_image":[{"width":1126,"height":1024,"url":"https:\/\/kunstlabor.org\/wp-content\/uploads\/2023\/12\/IMG_3586-scaled-e1703169238283.jpg","type":"image\/jpeg"}],"twitter_card":"summary_large_image","schema":{"@context":"https:\/\/schema.org","@graph":[{"@type":"WebPage","@id":"https:\/\/kunstlabor.org\/oeffnungszeiten\/","url":"https:\/\/kunstlabor.org\/oeffnungszeiten\/","name":"Opening hours - Art Lab 2","isPartOf":{"@id":"https:\/\/kunstlabor.org\/#website"},"primaryImageOfPage":{"@id":"https:\/\/kunstlabor.org\/oeffnungszeiten\/#primaryimage"},"image":{"@id":"https:\/\/kunstlabor.org\/oeffnungszeiten\/#primaryimage"},"thumbnailUrl":"https:\/\/kunstlabor.org\/wp-content\/uploads\/2023\/12\/IMG_3586-scaled-e1703169238283.jpg","datePublished":"2021-05-07T10:37:27+00:00","dateModified":"2026-04-05T08:28:54+00:00","breadcrumb":{"@id":"https:\/\/kunstlabor.org\/oeffnungszeiten\/#breadcrumb"},"inLanguage":"en-GB","potentialAction":[{"@type":"ReadAction","target":["https:\/\/kunstlabor.org\/oeffnungszeiten\/"]}]},{"@type":"ImageObject","inLanguage":"en-GB","@id":"https:\/\/kunstlabor.org\/oeffnungszeiten\/#primaryimage","url":"https:\/\/kunstlabor.org\/wp-content\/uploads\/2023\/12\/IMG_3586-scaled-e1703169238283.jpg","contentUrl":"https:\/\/kunstlabor.org\/wp-content\/uploads\/2023\/12\/IMG_3586-scaled-e1703169238283.jpg"},{"@type":"BreadcrumbList","@id":"https:\/\/kunstlabor.org\/oeffnungszeiten\/#breadcrumb","itemListElement":[{"@type":"ListItem","position":1,"name":"Startseite","item":"https:\/\/kunstlabor.org\/"},{"@type":"ListItem","position":2,"name":"\u00d6ffnungszeiten"}]},{"@type":"WebSite","@id":"https:\/\/kunstlabor.org\/#website","url":"https:\/\/kunstlabor.org\/","name":"Kunstlabor 2","description":"Munich's largest interim use gets underway","publisher":{"@id":"https:\/\/kunstlabor.org\/#organization"},"potentialAction":[{"@type":"SearchAction","target":{"@type":"EntryPoint","urlTemplate":"https:\/\/kunstlabor.org\/?s={search_term_string}"},"query-input":{"@type":"PropertyValueSpecification","valueRequired":true,"valueName":"search_term_string"}}],"inLanguage":"en-GB"},{"@type":"Organization","@id":"https:\/\/kunstlabor.org\/#organization","name":"Art Lab","url":"https:\/\/kunstlabor.org\/","logo":{"@type":"ImageObject","inLanguage":"en-GB","@id":"https:\/\/kunstlabor.org\/#\/schema\/logo\/image\/","url":"https:\/\/kunstlabor.org\/wp-content\/uploads\/2021\/05\/logo.png","contentUrl":"https:\/\/kunstlabor.org\/wp-content\/uploads\/2021\/05\/logo.png","width":490,"height":260,"caption":"Kunstlabor"},"image":{"@id":"https:\/\/kunstlabor.org\/#\/schema\/logo\/image\/"}}]}},"_links":{"self":[{"href":"https:\/\/kunstlabor.org\/en\/wp-json\/wp\/v2\/pages\/596","targetHints":{"allow":["GET"]}}],"collection":[{"href":"https:\/\/kunstlabor.org\/en\/wp-json\/wp\/v2\/pages"}],"about":[{"href":"https:\/\/kunstlabor.org\/en\/wp-json\/wp\/v2\/types\/page"}],"author":[{"embeddable":true,"href":"https:\/\/kunstlabor.org\/en\/wp-json\/wp\/v2\/users\/2"}],"replies":[{"embeddable":true,"href":"https:\/\/kunstlabor.org\/en\/wp-json\/wp\/v2\/comments?post=596"}],"version-history":[{"count":249,"href":"https:\/\/kunstlabor.org\/en\/wp-json\/wp\/v2\/pages\/596\/revisions"}],"predecessor-version":[{"id":32778,"href":"https:\/\/kunstlabor.org\/en\/wp-json\/wp\/v2\/pages\/596\/revisions\/32778"}],"wp:attachment":[{"href":"https:\/\/kunstlabor.org\/en\/wp-json\/wp\/v2\/media?parent=596"}],"curies":[{"name":"wp","href":"https:\/\/api.w.org\/{rel}","templated":true}]}}