{"id":57,"date":"2021-05-05T13:43:40","date_gmt":"2021-05-05T11:43:40","guid":{"rendered":"https:\/\/kunstlabor2.inbearbeitung.de\/?page_id=57"},"modified":"2023-02-06T09:22:20","modified_gmt":"2023-02-06T08:22:20","slug":"kulturelle-zwischennutzung","status":"publish","type":"page","link":"https:\/\/kunstlabor.org\/en\/kulturelle-zwischennutzung\/","title":{"rendered":"The concept"},"content":{"rendered":"<div data-elementor-type=\"wp-page\" data-elementor-id=\"57\" class=\"elementor elementor-57\" data-elementor-post-type=\"page\">\n\t\t\t\t\t\t<section class=\"elementor-section elementor-top-section elementor-element elementor-element-f7fb0a2 elementor-section-full_width elementor-section-height-min-height elementor-section-items-stretch elementor-section-content-middle elementor-section-height-default\" data-id=\"f7fb0a2\" data-element_type=\"section\" data-e-type=\"section\">\n\t\t\t\t\t\t<div class=\"elementor-container elementor-column-gap-wider\">\n\t\t\t\t\t<div class=\"elementor-column elementor-col-50 elementor-top-column elementor-element elementor-element-5c48ec3\" data-id=\"5c48ec3\" data-element_type=\"column\" data-e-type=\"column\" data-settings=\"{&quot;background_background&quot;:&quot;classic&quot;}\">\n\t\t\t<div class=\"elementor-widget-wrap\">\n\t\t\t\t\t\t\t<\/div>\n\t\t<\/div>\n\t\t\t\t<div class=\"elementor-column elementor-col-50 elementor-top-column elementor-element elementor-element-c8a3f4c\" data-id=\"c8a3f4c\" data-element_type=\"column\" data-e-type=\"column\">\n\t\t\t<div class=\"elementor-widget-wrap elementor-element-populated\">\n\t\t\t\t\t\t<div class=\"elementor-element elementor-element-2b77798 elementor-widget elementor-widget-heading\" data-id=\"2b77798\" data-element_type=\"widget\" data-e-type=\"widget\" data-widget_type=\"heading.default\">\n\t\t\t\t<div class=\"elementor-widget-container\">\n\t\t\t\t\t<div class=\"elementor-heading-title elementor-size-xl\">THE CONCEPT<\/div>\t\t\t\t<\/div>\n\t\t\t\t<\/div>\n\t\t\t\t<div class=\"elementor-element elementor-element-4b01378 elementor-widget elementor-widget-heading\" data-id=\"4b01378\" data-element_type=\"widget\" data-e-type=\"widget\" data-widget_type=\"heading.default\">\n\t\t\t\t<div class=\"elementor-widget-container\">\n\t\t\t\t\t<h1 class=\"elementor-heading-title elementor-size-large\">Munich's largest interim cultural use<\/h1>\t\t\t\t<\/div>\n\t\t\t\t<\/div>\n\t\t\t\t<div class=\"elementor-element elementor-element-f1b86b1 elementor-widget elementor-widget-text-editor\" data-id=\"f1b86b1\" data-element_type=\"widget\" data-e-type=\"widget\" data-widget_type=\"text-editor.default\">\n\t\t\t\t<div class=\"elementor-widget-container\">\n\t\t\t\t\t\t\t\t\t<p style=\"margin-right: 0px; margin-bottom: 20px; margin-left: 0px; padding: 0px; border: 0px; vertical-align: baseline; overflow-wrap: break-word; color: #505050; line-height: 1.66em; font-family: 'Open Sans';\"><span style=\"font-size: 1rem;\">The KUNSTLABOR 2 is the continuation of a successful interim use project of the <\/span><a style=\"background-color: #ffffff; font-size: 1rem;\" href=\"http:\/\/www.muca.eu\">Museum of Urban and Contemporary Art (MUCA)<\/a><span style=\"font-size: 1rem;\">in which 50 artists transformed the vacant Tengelmann complex into a walk-in work of art in 2018\/19.<\/span><\/p><p style=\"margin-right: 0px; margin-bottom: 20px; margin-left: 0px; padding: 0px; border: 0px; vertical-align: baseline; overflow-wrap: break-word; color: #505050; line-height: 1.66em; font-family: 'Open Sans';\">In spring 2019, MUCA applied for Munich's largest interim cultural use project - the former health house on Dachauer Stra\u00dfe.<\/p><p style=\"margin-right: 0px; margin-bottom: 20px; margin-left: 0px; padding: 0px; border: 0px; vertical-align: baseline; overflow-wrap: break-word; color: #505050; line-height: 1.66em; font-family: 'Open Sans';\">With almost 107.639 ft\u00b2 of space on six floors and a further 64,583 ft\u00b2 of outdoor area, the former health building offers space for a variety of concepts. In a multi-stage selection process, the city of Munich chose MUCA as a competent and reliable partner.<\/p><p style=\"margin-right: 0px; margin-bottom: 20px; margin-left: 0px; padding: 0px; border: 0px; vertical-align: baseline; overflow-wrap: break-word; color: #505050; line-height: 1.66em; font-family: 'Open Sans';\">Within the one-year construction phase, the MUCA has transformed the old building into a new centre for art and culture. The project name \"KUNSTLABOR 2\" ties in with the great success of its predecessor.<\/p><p><a href=\"https:\/\/archiv.kunstlabor.org\/\">&gt; Review of the first KUNSTLABOR<\/a><\/p>\t\t\t\t\t\t\t\t<\/div>\n\t\t\t\t<\/div>\n\t\t\t\t\t<\/div>\n\t\t<\/div>\n\t\t\t\t\t<\/div>\n\t\t<\/section>\n\t\t\t\t<section class=\"elementor-section elementor-top-section elementor-element elementor-element-e1f3a77 elementor-section-full_width elementor-section-content-middle elementor-section-height-default elementor-section-height-default\" data-id=\"e1f3a77\" data-element_type=\"section\" data-e-type=\"section\">\n\t\t\t\t\t\t<div class=\"elementor-container elementor-column-gap-wider\">\n\t\t\t\t\t<div class=\"elementor-column elementor-col-50 elementor-top-column elementor-element elementor-element-b41d146\" data-id=\"b41d146\" data-element_type=\"column\" data-e-type=\"column\" data-settings=\"{&quot;background_background&quot;:&quot;classic&quot;}\">\n\t\t\t<div class=\"elementor-widget-wrap elementor-element-populated\">\n\t\t\t\t\t\t<div class=\"elementor-element elementor-element-a4ee994 elementor-widget elementor-widget-heading\" data-id=\"a4ee994\" data-element_type=\"widget\" data-e-type=\"widget\" data-widget_type=\"heading.default\">\n\t\t\t\t<div class=\"elementor-widget-container\">\n\t\t\t\t\t<h2 class=\"elementor-heading-title elementor-size-default\">Impressions of the largest interim use in Munich<\/h2>\t\t\t\t<\/div>\n\t\t\t\t<\/div>\n\t\t\t\t\t<\/div>\n\t\t<\/div>\n\t\t\t\t<div class=\"elementor-column elementor-col-50 elementor-top-column elementor-element elementor-element-6ebf07b\" data-id=\"6ebf07b\" data-element_type=\"column\" data-e-type=\"column\" data-settings=\"{&quot;background_background&quot;:&quot;classic&quot;}\">\n\t\t\t<div class=\"elementor-widget-wrap elementor-element-populated\">\n\t\t\t\t\t\t<div class=\"elementor-element elementor-element-6daad9d elementor-pagination-position-inside elementor-widget elementor-widget-image-carousel\" data-id=\"6daad9d\" data-element_type=\"widget\" data-e-type=\"widget\" data-settings=\"{&quot;slides_to_show&quot;:&quot;1&quot;,&quot;navigation&quot;:&quot;dots&quot;,&quot;autoplay&quot;:&quot;yes&quot;,&quot;pause_on_hover&quot;:&quot;yes&quot;,&quot;pause_on_interaction&quot;:&quot;yes&quot;,&quot;autoplay_speed&quot;:5000,&quot;infinite&quot;:&quot;yes&quot;,&quot;effect&quot;:&quot;slide&quot;,&quot;speed&quot;:500}\" data-widget_type=\"image-carousel.default\">\n\t\t\t\t<div class=\"elementor-widget-container\">\n\t\t\t\t\t\t\t<div class=\"elementor-image-carousel-wrapper swiper\" role=\"region\" aria-roledescription=\"carousel\" aria-label=\"Image Carousel\" dir=\"ltr\" data-no-translation-aria-label=\"\">\n\t\t\t<div class=\"elementor-image-carousel swiper-wrapper\" aria-live=\"off\">\n\t\t\t\t\t\t\t\t<div class=\"swiper-slide\" role=\"group\" aria-roledescription=\"slide\" aria-label=\"1 of 7\" data-no-translation-aria-label=\"\"><figure class=\"swiper-slide-inner\"><img decoding=\"async\" class=\"swiper-slide-image\" src=\"https:\/\/kunstlabor.org\/wp-content\/uploads\/elementor\/thumbs\/kunstlabor-2-eingangsbereich-qgicdglqtkynjbpkj12xwogbcpwcdt7ja5qev9bw2o.jpg\" alt=\"Eingang Kunstlabor 2 Dachauer Stra\u00dfe\" \/><\/figure><\/div><div class=\"swiper-slide\" role=\"group\" aria-roledescription=\"slide\" aria-label=\"2 of 7\" data-no-translation-aria-label=\"\"><figure class=\"swiper-slide-inner\"><img decoding=\"async\" class=\"swiper-slide-image\" src=\"https:\/\/kunstlabor.org\/wp-content\/uploads\/elementor\/thumbs\/kunstlabor-joschi-7-qgicdbwjves7x9weah1t27n0dsjibbovligzgviuxs.jpg\" alt=\"kunstlabor-joschi-7\" \/><\/figure><\/div><div class=\"swiper-slide\" role=\"group\" aria-roledescription=\"slide\" aria-label=\"3 of 7\" data-no-translation-aria-label=\"\"><figure class=\"swiper-slide-inner\"><img decoding=\"async\" class=\"swiper-slide-image\" src=\"https:\/\/kunstlabor.org\/wp-content\/uploads\/elementor\/thumbs\/kl2_sommerfest_06-scaled-qgicdglqtkynjbpkj12xwogbcpwcdt7ja5qev9bw2o.jpg\" alt=\"Kunstlabor 2_Sommerfest\" \/><\/figure><\/div><div class=\"swiper-slide\" role=\"group\" aria-roledescription=\"slide\" aria-label=\"4 of 7\" data-no-translation-aria-label=\"\"><figure class=\"swiper-slide-inner\"><img decoding=\"async\" class=\"swiper-slide-image\" src=\"https:\/\/kunstlabor.org\/wp-content\/uploads\/elementor\/thumbs\/reBOUND@Kunstlabor_WE-ARE-VIDEO-4-qgicdeq2fww2w3sau09oroxe5y5lyf02lwffwpeof4.jpg\" alt=\"reBOUND@Kunstlabor_WE ARE VIDEO-4\" \/><\/figure><\/div><div class=\"swiper-slide\" role=\"group\" aria-roledescription=\"slide\" aria-label=\"5 of 7\" data-no-translation-aria-label=\"\"><figure class=\"swiper-slide-inner\"><img decoding=\"async\" class=\"swiper-slide-image\" src=\"https:\/\/kunstlabor.org\/wp-content\/uploads\/elementor\/thumbs\/kl2_Yul_zeser_ateliers_stock1-qgicdglqtkynjbpkj12xwogbcpwcdt7ja5qev9bw2o.jpg\" alt=\"Kunstlabor 2_Ausstellung_Yul_Zeser\" \/><\/figure><\/div><div class=\"swiper-slide\" role=\"group\" aria-roledescription=\"slide\" aria-label=\"6 of 7\" data-no-translation-aria-label=\"\"><figure class=\"swiper-slide-inner\"><img decoding=\"async\" class=\"swiper-slide-image\" src=\"https:\/\/kunstlabor.org\/wp-content\/uploads\/elementor\/thumbs\/kunstlabor-adam-stubley-12-scaled-qgicdglqtkynjbpkj12xwogbcpwcdt7ja5qev9bw2o.jpg\" alt=\"Kunstlabor 2_Ausstellung_Adam Stubley\" \/><\/figure><\/div><div class=\"swiper-slide\" role=\"group\" aria-roledescription=\"slide\" aria-label=\"7 of 7\" data-no-translation-aria-label=\"\"><figure class=\"swiper-slide-inner\"><img decoding=\"async\" class=\"swiper-slide-image\" src=\"https:\/\/kunstlabor.org\/wp-content\/uploads\/elementor\/thumbs\/kunstlabor-fassade-case5-scaled-qgicdglqtkynjbpkj12xwogbcpwcdt7ja5qev9bw2o.jpg\" alt=\"Kunstlabor 2 Fassade\" \/><\/figure><\/div>\t\t\t<\/div>\n\t\t\t\t\t\t\t\n\t\t\t\t\t\t\t\t\t<div class=\"swiper-pagination\"><\/div>\n\t\t\t\t\t\t\t\t\t<\/div>\n\t\t\t\t\t\t<\/div>\n\t\t\t\t<\/div>\n\t\t\t\t\t<\/div>\n\t\t<\/div>\n\t\t\t\t\t<\/div>\n\t\t<\/section>\n\t\t\t\t<\/div>","protected":false},"excerpt":{"rendered":"<p>THE CONCEPT Munich's largest interim cultural use KUNSTLABOR 2 is the continuation of a successful interim use project by the Museum of Urban and Contemporary Art (MUCA), in which in 2018\/19 the vacant Tengelmann complex was...<\/p>","protected":false},"author":3,"featured_media":379,"parent":0,"menu_order":0,"comment_status":"closed","ping_status":"closed","template":"","meta":{"_acf_changed":false,"footnotes":""},"class_list":["post-57","page","type-page","status-publish","has-post-thumbnail","hentry"],"acf":[],"yoast_head":"<!-- This site is optimized with the Yoast SEO plugin v27.3 - https:\/\/yoast.com\/product\/yoast-seo-wordpress\/ -->\n<title>M\u00fcnchens gr\u00f6\u00dfte kulturelle Zwischennutzung &#8212; Kunstlabor 2<\/title>\n<meta name=\"description\" content=\"M\u00fcnchens gr\u00f6\u00dfte kulturelle Zwischennutzung mit knapp 10.000qm Fl\u00e4che auf 6 Etagen und weiteren 6.800 Au\u00dfenbereich f\u00fcr Kulturveranstaltungen!\" \/>\n<meta name=\"robots\" content=\"index, follow, max-snippet:-1, max-image-preview:large, max-video-preview:-1\" \/>\n<link rel=\"canonical\" href=\"https:\/\/kunstlabor.org\/en\/kulturelle-zwischennutzung\/\" \/>\n<meta property=\"og:locale\" content=\"en_GB\" \/>\n<meta property=\"og:type\" content=\"article\" \/>\n<meta property=\"og:title\" content=\"M\u00fcnchens gr\u00f6\u00dfte kulturelle Zwischennutzung &#8212; Kunstlabor 2\" \/>\n<meta property=\"og:description\" content=\"M\u00fcnchens gr\u00f6\u00dfte kulturelle Zwischennutzung mit knapp 10.000qm Fl\u00e4che auf 6 Etagen und weiteren 6.800 Au\u00dfenbereich f\u00fcr Kulturveranstaltungen!\" \/>\n<meta property=\"og:url\" content=\"https:\/\/kunstlabor.org\/en\/kulturelle-zwischennutzung\/\" \/>\n<meta property=\"og:site_name\" content=\"Kunstlabor 2\" \/>\n<meta property=\"article:modified_time\" content=\"2023-02-06T08:22:20+00:00\" \/>\n<meta property=\"og:image\" content=\"https:\/\/kunstlabor.org\/wp-content\/uploads\/2021\/05\/Projekt_Cover.jpg\" \/>\n\t<meta property=\"og:image:width\" content=\"1600\" \/>\n\t<meta property=\"og:image:height\" content=\"1000\" \/>\n\t<meta property=\"og:image:type\" content=\"image\/jpeg\" \/>\n<meta name=\"twitter:card\" content=\"summary_large_image\" \/>\n<script type=\"application\/ld+json\" class=\"yoast-schema-graph\">{\"@context\":\"https:\\\/\\\/schema.org\",\"@graph\":[{\"@type\":\"WebPage\",\"@id\":\"https:\\\/\\\/kunstlabor.org\\\/kulturelle-zwischennutzung\\\/\",\"url\":\"https:\\\/\\\/kunstlabor.org\\\/kulturelle-zwischennutzung\\\/\",\"name\":\"M\u00fcnchens gr\u00f6\u00dfte kulturelle Zwischennutzung &#8212; Kunstlabor 2\",\"isPartOf\":{\"@id\":\"https:\\\/\\\/kunstlabor.org\\\/#website\"},\"primaryImageOfPage\":{\"@id\":\"https:\\\/\\\/kunstlabor.org\\\/kulturelle-zwischennutzung\\\/#primaryimage\"},\"image\":{\"@id\":\"https:\\\/\\\/kunstlabor.org\\\/kulturelle-zwischennutzung\\\/#primaryimage\"},\"thumbnailUrl\":\"https:\\\/\\\/kunstlabor.org\\\/wp-content\\\/uploads\\\/2021\\\/05\\\/Projekt_Cover.jpg\",\"datePublished\":\"2021-05-05T11:43:40+00:00\",\"dateModified\":\"2023-02-06T08:22:20+00:00\",\"description\":\"M\u00fcnchens gr\u00f6\u00dfte kulturelle Zwischennutzung mit knapp 10.000qm Fl\u00e4che auf 6 Etagen und weiteren 6.800 Au\u00dfenbereich f\u00fcr Kulturveranstaltungen!\",\"breadcrumb\":{\"@id\":\"https:\\\/\\\/kunstlabor.org\\\/kulturelle-zwischennutzung\\\/#breadcrumb\"},\"inLanguage\":\"en-GB\",\"potentialAction\":[{\"@type\":\"ReadAction\",\"target\":[\"https:\\\/\\\/kunstlabor.org\\\/kulturelle-zwischennutzung\\\/\"]}]},{\"@type\":\"ImageObject\",\"inLanguage\":\"en-GB\",\"@id\":\"https:\\\/\\\/kunstlabor.org\\\/kulturelle-zwischennutzung\\\/#primaryimage\",\"url\":\"https:\\\/\\\/kunstlabor.org\\\/wp-content\\\/uploads\\\/2021\\\/05\\\/Projekt_Cover.jpg\",\"contentUrl\":\"https:\\\/\\\/kunstlabor.org\\\/wp-content\\\/uploads\\\/2021\\\/05\\\/Projekt_Cover.jpg\",\"width\":1600,\"height\":1000,\"caption\":\"M\u00fcnchens gr\u00f6\u00dfte kulturelle Zwischennutzung f\u00fcr Kulturveranstaltungen jeglicher Art - das Kunstlabor 2\"},{\"@type\":\"BreadcrumbList\",\"@id\":\"https:\\\/\\\/kunstlabor.org\\\/kulturelle-zwischennutzung\\\/#breadcrumb\",\"itemListElement\":[{\"@type\":\"ListItem\",\"position\":1,\"name\":\"Startseite\",\"item\":\"https:\\\/\\\/kunstlabor.org\\\/\"},{\"@type\":\"ListItem\",\"position\":2,\"name\":\"Das Konzept\"}]},{\"@type\":\"WebSite\",\"@id\":\"https:\\\/\\\/kunstlabor.org\\\/#website\",\"url\":\"https:\\\/\\\/kunstlabor.org\\\/\",\"name\":\"Kunstlabor 2\",\"description\":\"M\u00fcnchens gr\u00f6\u00dfte Zwischennutzung geht an den Start\",\"publisher\":{\"@id\":\"https:\\\/\\\/kunstlabor.org\\\/#organization\"},\"potentialAction\":[{\"@type\":\"SearchAction\",\"target\":{\"@type\":\"EntryPoint\",\"urlTemplate\":\"https:\\\/\\\/kunstlabor.org\\\/?s={search_term_string}\"},\"query-input\":{\"@type\":\"PropertyValueSpecification\",\"valueRequired\":true,\"valueName\":\"search_term_string\"}}],\"inLanguage\":\"en-GB\"},{\"@type\":\"Organization\",\"@id\":\"https:\\\/\\\/kunstlabor.org\\\/#organization\",\"name\":\"Kunstlabor\",\"url\":\"https:\\\/\\\/kunstlabor.org\\\/\",\"logo\":{\"@type\":\"ImageObject\",\"inLanguage\":\"en-GB\",\"@id\":\"https:\\\/\\\/kunstlabor.org\\\/#\\\/schema\\\/logo\\\/image\\\/\",\"url\":\"https:\\\/\\\/kunstlabor.org\\\/wp-content\\\/uploads\\\/2021\\\/05\\\/logo.png\",\"contentUrl\":\"https:\\\/\\\/kunstlabor.org\\\/wp-content\\\/uploads\\\/2021\\\/05\\\/logo.png\",\"width\":490,\"height\":260,\"caption\":\"Kunstlabor\"},\"image\":{\"@id\":\"https:\\\/\\\/kunstlabor.org\\\/#\\\/schema\\\/logo\\\/image\\\/\"}}]}<\/script>\n<!-- \/ Yoast SEO plugin. -->","yoast_head_json":{"title":"Munich's largest cultural interim use - Kunstlabor 2","description":"Munich's largest cultural interim use with almost 10,000 square metres of space on 6 floors and a further 6,800 outdoor areas for cultural events!","robots":{"index":"index","follow":"follow","max-snippet":"max-snippet:-1","max-image-preview":"max-image-preview:large","max-video-preview":"max-video-preview:-1"},"canonical":"https:\/\/kunstlabor.org\/en\/kulturelle-zwischennutzung\/","og_locale":"en_GB","og_type":"article","og_title":"M\u00fcnchens gr\u00f6\u00dfte kulturelle Zwischennutzung &#8212; Kunstlabor 2","og_description":"M\u00fcnchens gr\u00f6\u00dfte kulturelle Zwischennutzung mit knapp 10.000qm Fl\u00e4che auf 6 Etagen und weiteren 6.800 Au\u00dfenbereich f\u00fcr Kulturveranstaltungen!","og_url":"https:\/\/kunstlabor.org\/en\/kulturelle-zwischennutzung\/","og_site_name":"Kunstlabor 2","article_modified_time":"2023-02-06T08:22:20+00:00","og_image":[{"width":1600,"height":1000,"url":"https:\/\/kunstlabor.org\/wp-content\/uploads\/2021\/05\/Projekt_Cover.jpg","type":"image\/jpeg"}],"twitter_card":"summary_large_image","schema":{"@context":"https:\/\/schema.org","@graph":[{"@type":"WebPage","@id":"https:\/\/kunstlabor.org\/kulturelle-zwischennutzung\/","url":"https:\/\/kunstlabor.org\/kulturelle-zwischennutzung\/","name":"Munich's largest cultural interim use - Kunstlabor 2","isPartOf":{"@id":"https:\/\/kunstlabor.org\/#website"},"primaryImageOfPage":{"@id":"https:\/\/kunstlabor.org\/kulturelle-zwischennutzung\/#primaryimage"},"image":{"@id":"https:\/\/kunstlabor.org\/kulturelle-zwischennutzung\/#primaryimage"},"thumbnailUrl":"https:\/\/kunstlabor.org\/wp-content\/uploads\/2021\/05\/Projekt_Cover.jpg","datePublished":"2021-05-05T11:43:40+00:00","dateModified":"2023-02-06T08:22:20+00:00","description":"Munich's largest cultural interim use with almost 10,000 square metres of space on 6 floors and a further 6,800 outdoor areas for cultural events!","breadcrumb":{"@id":"https:\/\/kunstlabor.org\/kulturelle-zwischennutzung\/#breadcrumb"},"inLanguage":"en-GB","potentialAction":[{"@type":"ReadAction","target":["https:\/\/kunstlabor.org\/kulturelle-zwischennutzung\/"]}]},{"@type":"ImageObject","inLanguage":"en-GB","@id":"https:\/\/kunstlabor.org\/kulturelle-zwischennutzung\/#primaryimage","url":"https:\/\/kunstlabor.org\/wp-content\/uploads\/2021\/05\/Projekt_Cover.jpg","contentUrl":"https:\/\/kunstlabor.org\/wp-content\/uploads\/2021\/05\/Projekt_Cover.jpg","width":1600,"height":1000,"caption":"M\u00fcnchens gr\u00f6\u00dfte kulturelle Zwischennutzung f\u00fcr Kulturveranstaltungen jeglicher Art - das Kunstlabor 2"},{"@type":"BreadcrumbList","@id":"https:\/\/kunstlabor.org\/kulturelle-zwischennutzung\/#breadcrumb","itemListElement":[{"@type":"ListItem","position":1,"name":"Startseite","item":"https:\/\/kunstlabor.org\/"},{"@type":"ListItem","position":2,"name":"Das Konzept"}]},{"@type":"WebSite","@id":"https:\/\/kunstlabor.org\/#website","url":"https:\/\/kunstlabor.org\/","name":"Kunstlabor 2","description":"Munich's largest interim use gets underway","publisher":{"@id":"https:\/\/kunstlabor.org\/#organization"},"potentialAction":[{"@type":"SearchAction","target":{"@type":"EntryPoint","urlTemplate":"https:\/\/kunstlabor.org\/?s={search_term_string}"},"query-input":{"@type":"PropertyValueSpecification","valueRequired":true,"valueName":"search_term_string"}}],"inLanguage":"en-GB"},{"@type":"Organization","@id":"https:\/\/kunstlabor.org\/#organization","name":"Art Lab","url":"https:\/\/kunstlabor.org\/","logo":{"@type":"ImageObject","inLanguage":"en-GB","@id":"https:\/\/kunstlabor.org\/#\/schema\/logo\/image\/","url":"https:\/\/kunstlabor.org\/wp-content\/uploads\/2021\/05\/logo.png","contentUrl":"https:\/\/kunstlabor.org\/wp-content\/uploads\/2021\/05\/logo.png","width":490,"height":260,"caption":"Kunstlabor"},"image":{"@id":"https:\/\/kunstlabor.org\/#\/schema\/logo\/image\/"}}]}},"_links":{"self":[{"href":"https:\/\/kunstlabor.org\/en\/wp-json\/wp\/v2\/pages\/57","targetHints":{"allow":["GET"]}}],"collection":[{"href":"https:\/\/kunstlabor.org\/en\/wp-json\/wp\/v2\/pages"}],"about":[{"href":"https:\/\/kunstlabor.org\/en\/wp-json\/wp\/v2\/types\/page"}],"author":[{"embeddable":true,"href":"https:\/\/kunstlabor.org\/en\/wp-json\/wp\/v2\/users\/3"}],"replies":[{"embeddable":true,"href":"https:\/\/kunstlabor.org\/en\/wp-json\/wp\/v2\/comments?post=57"}],"version-history":[{"count":105,"href":"https:\/\/kunstlabor.org\/en\/wp-json\/wp\/v2\/pages\/57\/revisions"}],"predecessor-version":[{"id":26435,"href":"https:\/\/kunstlabor.org\/en\/wp-json\/wp\/v2\/pages\/57\/revisions\/26435"}],"wp:featuredmedia":[{"embeddable":true,"href":"https:\/\/kunstlabor.org\/en\/wp-json\/wp\/v2\/media\/379"}],"wp:attachment":[{"href":"https:\/\/kunstlabor.org\/en\/wp-json\/wp\/v2\/media?parent=57"}],"curies":[{"name":"wp","href":"https:\/\/api.w.org\/{rel}","templated":true}]}}