{"id":27435,"date":"2023-04-24T14:51:55","date_gmt":"2023-04-24T12:51:55","guid":{"rendered":"https:\/\/kunstlabor.org\/?page_id=27435"},"modified":"2025-04-03T14:32:08","modified_gmt":"2025-04-03T12:32:08","slug":"hof-1-terrasse-270-qm","status":"publish","type":"page","link":"https:\/\/kunstlabor.org\/en\/eventlocation-mieten-muenchen\/hof-1-terrasse-270-qm\/","title":{"rendered":"Yard 1 Terrace (270 sqm)"},"content":{"rendered":"<div data-elementor-type=\"wp-page\" data-elementor-id=\"27435\" class=\"elementor elementor-27435\" data-elementor-post-type=\"page\">\n\t\t\t\t\t\t<section class=\"elementor-section elementor-top-section elementor-element elementor-element-20698b7 elementor-section-boxed elementor-section-height-default elementor-section-height-default\" data-id=\"20698b7\" data-element_type=\"section\" data-e-type=\"section\">\n\t\t\t\t\t\t<div class=\"elementor-container elementor-column-gap-default\">\n\t\t\t\t\t<div class=\"elementor-column elementor-col-100 elementor-top-column elementor-element elementor-element-0aea07a\" data-id=\"0aea07a\" data-element_type=\"column\" data-e-type=\"column\">\n\t\t\t<div class=\"elementor-widget-wrap elementor-element-populated\">\n\t\t\t\t\t\t<div class=\"elementor-element elementor-element-49c1314 elementor-widget elementor-widget-image\" data-id=\"49c1314\" data-element_type=\"widget\" data-e-type=\"widget\" data-widget_type=\"image.default\">\n\t\t\t\t<div class=\"elementor-widget-container\">\n\t\t\t\t\t\t\t\t\t\t\t\t\t\t\t<img fetchpriority=\"high\" decoding=\"async\" width=\"1536\" height=\"500\" src=\"https:\/\/kunstlabor.org\/wp-content\/uploads\/2025\/04\/Hof-Hintergrundbild.png\" class=\"attachment-full size-full wp-image-31211\" alt=\"\" srcset=\"https:\/\/kunstlabor.org\/wp-content\/uploads\/2025\/04\/Hof-Hintergrundbild.png 1536w, https:\/\/kunstlabor.org\/wp-content\/uploads\/2025\/04\/Hof-Hintergrundbild-300x98.png 300w, https:\/\/kunstlabor.org\/wp-content\/uploads\/2025\/04\/Hof-Hintergrundbild-1024x333.png 1024w, https:\/\/kunstlabor.org\/wp-content\/uploads\/2025\/04\/Hof-Hintergrundbild-768x250.png 768w, https:\/\/kunstlabor.org\/wp-content\/uploads\/2025\/04\/Hof-Hintergrundbild-18x6.png 18w\" sizes=\"(max-width: 1536px) 100vw, 1536px\" \/>\t\t\t\t\t\t\t\t\t\t\t\t\t\t\t<\/div>\n\t\t\t\t<\/div>\n\t\t\t\t\t<\/div>\n\t\t<\/div>\n\t\t\t\t\t<\/div>\n\t\t<\/section>\n\t\t\t\t<section class=\"elementor-section elementor-top-section elementor-element elementor-element-3d594dc elementor-section-boxed elementor-section-height-default elementor-section-height-default\" data-id=\"3d594dc\" data-element_type=\"section\" data-e-type=\"section\">\n\t\t\t\t\t\t<div class=\"elementor-container elementor-column-gap-default\">\n\t\t\t\t\t<div class=\"elementor-column elementor-col-100 elementor-top-column elementor-element elementor-element-8e0f71b\" data-id=\"8e0f71b\" data-element_type=\"column\" data-e-type=\"column\">\n\t\t\t<div class=\"elementor-widget-wrap elementor-element-populated\">\n\t\t\t\t\t\t<section class=\"elementor-section elementor-inner-section elementor-element elementor-element-f10525b elementor-section-boxed elementor-section-height-default elementor-section-height-default\" data-id=\"f10525b\" data-element_type=\"section\" data-e-type=\"section\">\n\t\t\t\t\t\t<div class=\"elementor-container elementor-column-gap-default\">\n\t\t\t\t\t<div class=\"elementor-column elementor-col-100 elementor-inner-column elementor-element elementor-element-ac706da\" data-id=\"ac706da\" data-element_type=\"column\" data-e-type=\"column\">\n\t\t\t<div class=\"elementor-widget-wrap elementor-element-populated\">\n\t\t\t\t\t\t<div class=\"elementor-element elementor-element-1c5f248 elementor-widget elementor-widget-heading\" data-id=\"1c5f248\" data-element_type=\"widget\" data-e-type=\"widget\" data-widget_type=\"heading.default\">\n\t\t\t\t<div class=\"elementor-widget-container\">\n\t\t\t\t\t<h3 class=\"elementor-heading-title elementor-size-default\">Facts<\/h3>\t\t\t\t<\/div>\n\t\t\t\t<\/div>\n\t\t\t\t\t<\/div>\n\t\t<\/div>\n\t\t\t\t\t<\/div>\n\t\t<\/section>\n\t\t\t\t<div class=\"elementor-element elementor-element-ef02bcb elementor-widget elementor-widget-text-editor\" data-id=\"ef02bcb\" data-element_type=\"widget\" data-e-type=\"widget\" data-widget_type=\"text-editor.default\">\n\t\t\t\t<div class=\"elementor-widget-container\">\n\t\t\t\t\t\t\t\t\t<ul>\n<li>1ST UG<\/li>\n<li><span style=\"background-color: transparent;\">270 sqm<\/span><\/li>\n<li>beautiful wooden floor<\/li>\n<li><span style=\"background-color: transparent;\">Connected to the courtyard bar<\/span><\/li>\n<li>Stretch tent can be added<\/li>\n<li><span style=\"background-color: transparent;\">connected to the second courtyard by a bar (80 sqm)<\/span><\/li>\n<li>max. 200 people<\/li>\n<li>Courtyard 1 and Courtyard 2 can be booked individually or together<\/li>\n<\/ul>\n<div>&nbsp;<\/div>\t\t\t\t\t\t\t\t<\/div>\n\t\t\t\t<\/div>\n\t\t\t\t<div class=\"elementor-element elementor-element-973eebc elementor-align-right elementor-widget elementor-widget-button\" data-id=\"973eebc\" data-element_type=\"widget\" data-e-type=\"widget\" data-widget_type=\"button.default\">\n\t\t\t\t<div class=\"elementor-widget-container\">\n\t\t\t\t\t\t\t\t\t<div class=\"elementor-button-wrapper\">\n\t\t\t\t\t<a class=\"elementor-button elementor-button-link elementor-size-sm\" href=\"mailto:events@kunstlabor.org\">\n\t\t\t\t\t\t<span class=\"elementor-button-content-wrapper\">\n\t\t\t\t\t\t\t\t\t<span class=\"elementor-button-text\">Request room<\/span>\n\t\t\t\t\t<\/span>\n\t\t\t\t\t<\/a>\n\t\t\t\t<\/div>\n\t\t\t\t\t\t\t\t<\/div>\n\t\t\t\t<\/div>\n\t\t\t\t<div class=\"elementor-element elementor-element-9cb1f12 elementor-widget elementor-widget-heading\" data-id=\"9cb1f12\" data-element_type=\"widget\" data-e-type=\"widget\" data-widget_type=\"heading.default\">\n\t\t\t\t<div class=\"elementor-widget-container\">\n\t\t\t\t\t<h3 class=\"elementor-heading-title elementor-size-default\">Impressions<\/h3>\t\t\t\t<\/div>\n\t\t\t\t<\/div>\n\t\t\t\t<div class=\"elementor-element elementor-element-c1c20cf gallery-spacing-custom elementor-widget elementor-widget-image-gallery\" data-id=\"c1c20cf\" data-element_type=\"widget\" data-e-type=\"widget\" data-widget_type=\"image-gallery.default\">\n\t\t\t\t<div class=\"elementor-widget-container\">\n\t\t\t\t\t\t\t<div class=\"elementor-image-gallery\">\n\t\t\t<div id='gallery-1' class='gallery galleryid-27435 gallery-columns-2 gallery-size-medium_large'><figure class='gallery-item'>\n\t\t\t<div class='gallery-icon landscape'>\n\t\t\t\t<a data-elementor-open-lightbox=\"yes\" data-elementor-lightbox-slideshow=\"c1c20cf\" data-elementor-lightbox-title=\"Innnenhof 1\" data-e-action-hash=\"#elementor-action%3Aaction%3Dlightbox%26settings%3DeyJpZCI6MjgwMzcsInVybCI6Imh0dHBzOlwvXC9rdW5zdGxhYm9yLm9yZ1wvd3AtY29udGVudFwvdXBsb2Fkc1wvMjAyM1wvMDVcL0lubm5lbmhvZi0xX1lhcmQtUGFydHktMi1zY2FsZWQuanBnIiwic2xpZGVzaG93IjoiYzFjMjBjZiJ9\" href='https:\/\/kunstlabor.org\/wp-content\/uploads\/2023\/05\/Innnenhof-1_Yard-Party-2-scaled.jpg'><img decoding=\"async\" width=\"768\" height=\"576\" src=\"https:\/\/kunstlabor.org\/wp-content\/uploads\/2023\/05\/Innnenhof-1_Yard-Party-2-768x576.jpg\" class=\"attachment-medium_large size-medium_large\" alt=\"\" srcset=\"https:\/\/kunstlabor.org\/wp-content\/uploads\/2023\/05\/Innnenhof-1_Yard-Party-2-768x576.jpg 768w, https:\/\/kunstlabor.org\/wp-content\/uploads\/2023\/05\/Innnenhof-1_Yard-Party-2-300x225.jpg 300w, https:\/\/kunstlabor.org\/wp-content\/uploads\/2023\/05\/Innnenhof-1_Yard-Party-2-1024x768.jpg 1024w, https:\/\/kunstlabor.org\/wp-content\/uploads\/2023\/05\/Innnenhof-1_Yard-Party-2-1536x1152.jpg 1536w, https:\/\/kunstlabor.org\/wp-content\/uploads\/2023\/05\/Innnenhof-1_Yard-Party-2-2048x1536.jpg 2048w, https:\/\/kunstlabor.org\/wp-content\/uploads\/2023\/05\/Innnenhof-1_Yard-Party-2-16x12.jpg 16w\" sizes=\"(max-width: 768px) 100vw, 768px\" \/><\/a>\n\t\t\t<\/div><\/figure><figure class='gallery-item'>\n\t\t\t<div class='gallery-icon landscape'>\n\t\t\t\t<a data-elementor-open-lightbox=\"yes\" data-elementor-lightbox-slideshow=\"c1c20cf\" data-elementor-lightbox-title=\"hof 1\" data-e-action-hash=\"#elementor-action%3Aaction%3Dlightbox%26settings%3DeyJpZCI6MjgzMzksInVybCI6Imh0dHBzOlwvXC9rdW5zdGxhYm9yLm9yZ1wvd3AtY29udGVudFwvdXBsb2Fkc1wvMjAyM1wvMDVcL2hvZi0xLTEtc2NhbGVkLmpwZyIsInNsaWRlc2hvdyI6ImMxYzIwY2YifQ%3D%3D\" href='https:\/\/kunstlabor.org\/wp-content\/uploads\/2023\/05\/hof-1-1-scaled.jpg'><img decoding=\"async\" width=\"768\" height=\"576\" src=\"https:\/\/kunstlabor.org\/wp-content\/uploads\/2023\/05\/hof-1-1-768x576.jpg\" class=\"attachment-medium_large size-medium_large\" alt=\"\" srcset=\"https:\/\/kunstlabor.org\/wp-content\/uploads\/2023\/05\/hof-1-1-768x576.jpg 768w, https:\/\/kunstlabor.org\/wp-content\/uploads\/2023\/05\/hof-1-1-300x225.jpg 300w, https:\/\/kunstlabor.org\/wp-content\/uploads\/2023\/05\/hof-1-1-1024x768.jpg 1024w, https:\/\/kunstlabor.org\/wp-content\/uploads\/2023\/05\/hof-1-1-1536x1152.jpg 1536w, https:\/\/kunstlabor.org\/wp-content\/uploads\/2023\/05\/hof-1-1-2048x1536.jpg 2048w, https:\/\/kunstlabor.org\/wp-content\/uploads\/2023\/05\/hof-1-1-16x12.jpg 16w\" sizes=\"(max-width: 768px) 100vw, 768px\" \/><\/a>\n\t\t\t<\/div><\/figure>\n\t\t<\/div>\n\t\t<\/div>\n\t\t\t\t\t\t<\/div>\n\t\t\t\t<\/div>\n\t\t\t\t<div class=\"elementor-element elementor-element-3f536f0 elementor-widget elementor-widget-heading\" data-id=\"3f536f0\" data-element_type=\"widget\" data-e-type=\"widget\" data-widget_type=\"heading.default\">\n\t\t\t\t<div class=\"elementor-widget-container\">\n\t\t\t\t\t<h3 class=\"elementor-heading-title elementor-size-default\">Floor plan &amp; seating plans<\/h3>\t\t\t\t<\/div>\n\t\t\t\t<\/div>\n\t\t\t\t<div class=\"elementor-element elementor-element-9c0d938 elementor--h-position-center elementor--v-position-middle elementor-arrows-position-inside elementor-pagination-position-inside elementor-widget elementor-widget-slides\" data-id=\"9c0d938\" data-element_type=\"widget\" data-e-type=\"widget\" data-settings=\"{&quot;navigation&quot;:&quot;both&quot;,&quot;autoplay&quot;:&quot;yes&quot;,&quot;pause_on_hover&quot;:&quot;yes&quot;,&quot;pause_on_interaction&quot;:&quot;yes&quot;,&quot;autoplay_speed&quot;:5000,&quot;infinite&quot;:&quot;yes&quot;,&quot;transition&quot;:&quot;slide&quot;,&quot;transition_speed&quot;:500}\" data-widget_type=\"slides.default\">\n\t\t\t\t<div class=\"elementor-widget-container\">\n\t\t\t\t\t\t\t\t\t<div class=\"elementor-swiper\">\n\t\t\t\t\t<div class=\"elementor-slides-wrapper elementor-main-swiper swiper\" role=\"region\" aria-roledescription=\"carousel\" aria-label=\"Slider\" dir=\"ltr\" data-animation=\"fadeInUp\">\n\t\t\t\t<div class=\"swiper-wrapper elementor-slides\">\n\t\t\t\t\t\t\t\t\t\t<div class=\"elementor-repeater-item-8da8051 swiper-slide\" role=\"group\" aria-roledescription=\"slide\"><div class=\"swiper-slide-bg\" role=\"img\" aria-label=\"Floor plan courtyard terrace\"><\/div><div class=\"swiper-slide-inner\" ><div class=\"swiper-slide-contents\"><div  class=\"elementor-button elementor-slide-button elementor-size-sm\">Click here<\/div><\/div><\/div><\/div>\t\t\t\t<\/div>\n\t\t\t\t\t\t\t<\/div>\n\t\t\t\t<\/div>\n\t\t\t\t\t\t\t\t<\/div>\n\t\t\t\t<\/div>\n\t\t\t\t<div class=\"elementor-element elementor-element-b0b7a63 elementor-align-right elementor-widget elementor-widget-button\" data-id=\"b0b7a63\" data-element_type=\"widget\" data-e-type=\"widget\" data-widget_type=\"button.default\">\n\t\t\t\t<div class=\"elementor-widget-container\">\n\t\t\t\t\t\t\t\t\t<div class=\"elementor-button-wrapper\">\n\t\t\t\t\t<a class=\"elementor-button elementor-button-link elementor-size-sm\" href=\"mailto:events@kunstlabor.org\">\n\t\t\t\t\t\t<span class=\"elementor-button-content-wrapper\">\n\t\t\t\t\t\t\t\t\t<span class=\"elementor-button-text\">Request room<\/span>\n\t\t\t\t\t<\/span>\n\t\t\t\t\t<\/a>\n\t\t\t\t<\/div>\n\t\t\t\t\t\t\t\t<\/div>\n\t\t\t\t<\/div>\n\t\t\t\t\t<\/div>\n\t\t<\/div>\n\t\t\t\t\t<\/div>\n\t\t<\/section>\n\t\t\t\t<section class=\"elementor-section elementor-top-section elementor-element elementor-element-9da5be2 elementor-section-boxed elementor-section-height-default elementor-section-height-default\" data-id=\"9da5be2\" data-element_type=\"section\" data-e-type=\"section\">\n\t\t\t\t\t\t<div class=\"elementor-container elementor-column-gap-default\">\n\t\t\t\t\t<div class=\"elementor-column elementor-col-50 elementor-top-column elementor-element elementor-element-1b82df2\" data-id=\"1b82df2\" data-element_type=\"column\" data-e-type=\"column\">\n\t\t\t<div class=\"elementor-widget-wrap elementor-element-populated\">\n\t\t\t\t\t\t<div class=\"elementor-element elementor-element-dc02901 elementor-widget elementor-widget-text-editor\" data-id=\"dc02901\" data-element_type=\"widget\" data-e-type=\"widget\" data-widget_type=\"text-editor.default\">\n\t\t\t\t<div class=\"elementor-widget-container\">\n\t\t\t\t\t\t\t\t\t<h3>Catering service with creative cuisine<\/h3><p>The AMARi Bar, directly connected to the event areas, takes care of the culinary well-being of your guests. The visionary team focuses on regional and seasonal products and is constantly working on creative culinary adventures. Offer your guests and customers exquisite cuisine, selected wines and in-house aperitif creations in a relaxed atmosphere. The catering service provided by the AMARi team can be booked for all event spaces in KUNSTLABOR 2. We will be happy to prepare a catering offer tailored to your wishes.<\/p>\t\t\t\t\t\t\t\t<\/div>\n\t\t\t\t<\/div>\n\t\t\t\t\t<\/div>\n\t\t<\/div>\n\t\t\t\t<div class=\"elementor-column elementor-col-50 elementor-top-column elementor-element elementor-element-2d44415\" data-id=\"2d44415\" data-element_type=\"column\" data-e-type=\"column\">\n\t\t\t<div class=\"elementor-widget-wrap elementor-element-populated\">\n\t\t\t\t\t\t<div class=\"elementor-element elementor-element-968d1ed elementor-widget elementor-widget-image\" data-id=\"968d1ed\" data-element_type=\"widget\" data-e-type=\"widget\" data-widget_type=\"image.default\">\n\t\t\t\t<div class=\"elementor-widget-container\">\n\t\t\t\t\t\t\t\t\t\t\t\t\t\t\t<img loading=\"lazy\" decoding=\"async\" width=\"800\" height=\"625\" src=\"https:\/\/kunstlabor.org\/wp-content\/uploads\/2023\/04\/Amari-1.png\" class=\"attachment-large size-large wp-image-27346\" alt=\"\" srcset=\"https:\/\/kunstlabor.org\/wp-content\/uploads\/2023\/04\/Amari-1.png 1024w, https:\/\/kunstlabor.org\/wp-content\/uploads\/2023\/04\/Amari-1-300x234.png 300w, https:\/\/kunstlabor.org\/wp-content\/uploads\/2023\/04\/Amari-1-768x600.png 768w, https:\/\/kunstlabor.org\/wp-content\/uploads\/2023\/04\/Amari-1-15x12.png 15w\" sizes=\"(max-width: 800px) 100vw, 800px\" \/>\t\t\t\t\t\t\t\t\t\t\t\t\t\t\t<\/div>\n\t\t\t\t<\/div>\n\t\t\t\t\t<\/div>\n\t\t<\/div>\n\t\t\t\t\t<\/div>\n\t\t<\/section>\n\t\t\t\t<section class=\"elementor-section elementor-top-section elementor-element elementor-element-b547366 elementor-section-boxed elementor-section-height-default elementor-section-height-default\" data-id=\"b547366\" data-element_type=\"section\" data-e-type=\"section\">\n\t\t\t\t\t\t<div class=\"elementor-container elementor-column-gap-default\">\n\t\t\t\t\t<div class=\"elementor-column elementor-col-100 elementor-top-column elementor-element elementor-element-e78a178\" data-id=\"e78a178\" data-element_type=\"column\" data-e-type=\"column\">\n\t\t\t<div class=\"elementor-widget-wrap elementor-element-populated\">\n\t\t\t\t\t\t<div class=\"elementor-element elementor-element-2cdbf6b elementor-widget elementor-widget-text-editor\" data-id=\"2cdbf6b\" data-element_type=\"widget\" data-e-type=\"widget\" data-widget_type=\"text-editor.default\">\n\t\t\t\t<div class=\"elementor-widget-container\">\n\t\t\t\t\t\t\t\t\t<h5>Interested? Then ask without obligation under: <a href=\"mailto:events@kunstlabor.org\">events@kunstlabor.org<\/a><\/h5>\t\t\t\t\t\t\t\t<\/div>\n\t\t\t\t<\/div>\n\t\t\t\t\t<\/div>\n\t\t<\/div>\n\t\t\t\t\t<\/div>\n\t\t<\/section>\n\t\t\t\t<\/div>","protected":false},"excerpt":{"rendered":"<p>Facts 1st floor 270 sqm beautiful wooden floor connected to the courtyard bar stretch tent bookable through a bar (80 sqm) connected to the second courtyard max. 200 people courtyard 1 and courtyard...<\/p>","protected":false},"author":4,"featured_media":0,"parent":25536,"menu_order":0,"comment_status":"closed","ping_status":"closed","template":"","meta":{"_acf_changed":false,"footnotes":""},"class_list":["post-27435","page","type-page","status-publish","hentry"],"acf":[],"yoast_head":"<!-- This site is optimized with the Yoast SEO plugin v27.3 - https:\/\/yoast.com\/product\/yoast-seo-wordpress\/ -->\n<title>Sch\u00f6ne outdoor Location in M\u00fcnchen mieten &#8212; Kunstlabor 2<\/title>\n<meta name=\"description\" content=\"Miete unsere sch\u00f6ne Hof Terrasse als perfekte Outdoor Location f\u00fcr jegliche Events in M\u00fcnchen. Viele weitere Optionen sind optional buchbar.\" \/>\n<meta name=\"robots\" content=\"index, follow, max-snippet:-1, max-image-preview:large, max-video-preview:-1\" \/>\n<link rel=\"canonical\" href=\"https:\/\/kunstlabor.org\/en\/eventlocation-mieten-muenchen\/hof-1-terrasse-270-qm\/\" \/>\n<meta property=\"og:locale\" content=\"en_GB\" \/>\n<meta property=\"og:type\" content=\"article\" \/>\n<meta property=\"og:title\" content=\"Sch\u00f6ne outdoor Location in M\u00fcnchen mieten &#8212; Kunstlabor 2\" \/>\n<meta property=\"og:description\" content=\"Miete unsere sch\u00f6ne Hof Terrasse als perfekte Outdoor Location f\u00fcr jegliche Events in M\u00fcnchen. Viele weitere Optionen sind optional buchbar.\" \/>\n<meta property=\"og:url\" content=\"https:\/\/kunstlabor.org\/en\/eventlocation-mieten-muenchen\/hof-1-terrasse-270-qm\/\" \/>\n<meta property=\"og:site_name\" content=\"Kunstlabor 2\" \/>\n<meta property=\"article:modified_time\" content=\"2025-04-03T12:32:08+00:00\" \/>\n<meta property=\"og:image\" content=\"https:\/\/kunstlabor.org\/wp-content\/uploads\/2025\/04\/Hof-Hintergrundbild.png\" \/>\n\t<meta property=\"og:image:width\" content=\"1536\" \/>\n\t<meta property=\"og:image:height\" content=\"500\" \/>\n\t<meta property=\"og:image:type\" content=\"image\/png\" \/>\n<meta name=\"twitter:card\" content=\"summary_large_image\" \/>\n<script type=\"application\/ld+json\" class=\"yoast-schema-graph\">{\"@context\":\"https:\\\/\\\/schema.org\",\"@graph\":[{\"@type\":\"WebPage\",\"@id\":\"https:\\\/\\\/kunstlabor.org\\\/eventlocation-mieten-muenchen\\\/hof-1-terrasse-270-qm\\\/\",\"url\":\"https:\\\/\\\/kunstlabor.org\\\/eventlocation-mieten-muenchen\\\/hof-1-terrasse-270-qm\\\/\",\"name\":\"Sch\u00f6ne outdoor Location in M\u00fcnchen mieten &#8212; Kunstlabor 2\",\"isPartOf\":{\"@id\":\"https:\\\/\\\/kunstlabor.org\\\/#website\"},\"primaryImageOfPage\":{\"@id\":\"https:\\\/\\\/kunstlabor.org\\\/eventlocation-mieten-muenchen\\\/hof-1-terrasse-270-qm\\\/#primaryimage\"},\"image\":{\"@id\":\"https:\\\/\\\/kunstlabor.org\\\/eventlocation-mieten-muenchen\\\/hof-1-terrasse-270-qm\\\/#primaryimage\"},\"thumbnailUrl\":\"https:\\\/\\\/kunstlabor.org\\\/wp-content\\\/uploads\\\/2025\\\/04\\\/Hof-Hintergrundbild.png\",\"datePublished\":\"2023-04-24T12:51:55+00:00\",\"dateModified\":\"2025-04-03T12:32:08+00:00\",\"description\":\"Miete unsere sch\u00f6ne Hof Terrasse als perfekte Outdoor Location f\u00fcr jegliche Events in M\u00fcnchen. Viele weitere Optionen sind optional buchbar.\",\"breadcrumb\":{\"@id\":\"https:\\\/\\\/kunstlabor.org\\\/eventlocation-mieten-muenchen\\\/hof-1-terrasse-270-qm\\\/#breadcrumb\"},\"inLanguage\":\"en-GB\",\"potentialAction\":[{\"@type\":\"ReadAction\",\"target\":[\"https:\\\/\\\/kunstlabor.org\\\/eventlocation-mieten-muenchen\\\/hof-1-terrasse-270-qm\\\/\"]}]},{\"@type\":\"ImageObject\",\"inLanguage\":\"en-GB\",\"@id\":\"https:\\\/\\\/kunstlabor.org\\\/eventlocation-mieten-muenchen\\\/hof-1-terrasse-270-qm\\\/#primaryimage\",\"url\":\"https:\\\/\\\/kunstlabor.org\\\/wp-content\\\/uploads\\\/2025\\\/04\\\/Hof-Hintergrundbild.png\",\"contentUrl\":\"https:\\\/\\\/kunstlabor.org\\\/wp-content\\\/uploads\\\/2025\\\/04\\\/Hof-Hintergrundbild.png\"},{\"@type\":\"BreadcrumbList\",\"@id\":\"https:\\\/\\\/kunstlabor.org\\\/eventlocation-mieten-muenchen\\\/hof-1-terrasse-270-qm\\\/#breadcrumb\",\"itemListElement\":[{\"@type\":\"ListItem\",\"position\":1,\"name\":\"Startseite\",\"item\":\"https:\\\/\\\/kunstlabor.org\\\/\"},{\"@type\":\"ListItem\",\"position\":2,\"name\":\"Das KUNSTLABOR 2 als Eventlocation mieten\",\"item\":\"https:\\\/\\\/kunstlabor.org\\\/eventlocation-mieten-muenchen\\\/\"},{\"@type\":\"ListItem\",\"position\":3,\"name\":\"Hof 1 Terrasse (270 qm)\"}]},{\"@type\":\"WebSite\",\"@id\":\"https:\\\/\\\/kunstlabor.org\\\/#website\",\"url\":\"https:\\\/\\\/kunstlabor.org\\\/\",\"name\":\"Kunstlabor 2\",\"description\":\"M\u00fcnchens gr\u00f6\u00dfte Zwischennutzung geht an den Start\",\"publisher\":{\"@id\":\"https:\\\/\\\/kunstlabor.org\\\/#organization\"},\"potentialAction\":[{\"@type\":\"SearchAction\",\"target\":{\"@type\":\"EntryPoint\",\"urlTemplate\":\"https:\\\/\\\/kunstlabor.org\\\/?s={search_term_string}\"},\"query-input\":{\"@type\":\"PropertyValueSpecification\",\"valueRequired\":true,\"valueName\":\"search_term_string\"}}],\"inLanguage\":\"en-GB\"},{\"@type\":\"Organization\",\"@id\":\"https:\\\/\\\/kunstlabor.org\\\/#organization\",\"name\":\"Kunstlabor\",\"url\":\"https:\\\/\\\/kunstlabor.org\\\/\",\"logo\":{\"@type\":\"ImageObject\",\"inLanguage\":\"en-GB\",\"@id\":\"https:\\\/\\\/kunstlabor.org\\\/#\\\/schema\\\/logo\\\/image\\\/\",\"url\":\"https:\\\/\\\/kunstlabor.org\\\/wp-content\\\/uploads\\\/2021\\\/05\\\/logo.png\",\"contentUrl\":\"https:\\\/\\\/kunstlabor.org\\\/wp-content\\\/uploads\\\/2021\\\/05\\\/logo.png\",\"width\":490,\"height\":260,\"caption\":\"Kunstlabor\"},\"image\":{\"@id\":\"https:\\\/\\\/kunstlabor.org\\\/#\\\/schema\\\/logo\\\/image\\\/\"}}]}<\/script>\n<!-- \/ Yoast SEO plugin. -->","yoast_head_json":{"title":"Rent a beautiful outdoor location in Munich - Kunstlabor 2","description":"Rent our beautiful courtyard terrace as the perfect outdoor location for any event in Munich. Many other options are optionally bookable.","robots":{"index":"index","follow":"follow","max-snippet":"max-snippet:-1","max-image-preview":"max-image-preview:large","max-video-preview":"max-video-preview:-1"},"canonical":"https:\/\/kunstlabor.org\/en\/eventlocation-mieten-muenchen\/hof-1-terrasse-270-qm\/","og_locale":"en_GB","og_type":"article","og_title":"Sch\u00f6ne outdoor Location in M\u00fcnchen mieten &#8212; Kunstlabor 2","og_description":"Miete unsere sch\u00f6ne Hof Terrasse als perfekte Outdoor Location f\u00fcr jegliche Events in M\u00fcnchen. Viele weitere Optionen sind optional buchbar.","og_url":"https:\/\/kunstlabor.org\/en\/eventlocation-mieten-muenchen\/hof-1-terrasse-270-qm\/","og_site_name":"Kunstlabor 2","article_modified_time":"2025-04-03T12:32:08+00:00","og_image":[{"width":1536,"height":500,"url":"https:\/\/kunstlabor.org\/wp-content\/uploads\/2025\/04\/Hof-Hintergrundbild.png","type":"image\/png"}],"twitter_card":"summary_large_image","schema":{"@context":"https:\/\/schema.org","@graph":[{"@type":"WebPage","@id":"https:\/\/kunstlabor.org\/eventlocation-mieten-muenchen\/hof-1-terrasse-270-qm\/","url":"https:\/\/kunstlabor.org\/eventlocation-mieten-muenchen\/hof-1-terrasse-270-qm\/","name":"Rent a beautiful outdoor location in Munich - Kunstlabor 2","isPartOf":{"@id":"https:\/\/kunstlabor.org\/#website"},"primaryImageOfPage":{"@id":"https:\/\/kunstlabor.org\/eventlocation-mieten-muenchen\/hof-1-terrasse-270-qm\/#primaryimage"},"image":{"@id":"https:\/\/kunstlabor.org\/eventlocation-mieten-muenchen\/hof-1-terrasse-270-qm\/#primaryimage"},"thumbnailUrl":"https:\/\/kunstlabor.org\/wp-content\/uploads\/2025\/04\/Hof-Hintergrundbild.png","datePublished":"2023-04-24T12:51:55+00:00","dateModified":"2025-04-03T12:32:08+00:00","description":"Rent our beautiful courtyard terrace as the perfect outdoor location for any event in Munich. Many other options are optionally bookable.","breadcrumb":{"@id":"https:\/\/kunstlabor.org\/eventlocation-mieten-muenchen\/hof-1-terrasse-270-qm\/#breadcrumb"},"inLanguage":"en-GB","potentialAction":[{"@type":"ReadAction","target":["https:\/\/kunstlabor.org\/eventlocation-mieten-muenchen\/hof-1-terrasse-270-qm\/"]}]},{"@type":"ImageObject","inLanguage":"en-GB","@id":"https:\/\/kunstlabor.org\/eventlocation-mieten-muenchen\/hof-1-terrasse-270-qm\/#primaryimage","url":"https:\/\/kunstlabor.org\/wp-content\/uploads\/2025\/04\/Hof-Hintergrundbild.png","contentUrl":"https:\/\/kunstlabor.org\/wp-content\/uploads\/2025\/04\/Hof-Hintergrundbild.png"},{"@type":"BreadcrumbList","@id":"https:\/\/kunstlabor.org\/eventlocation-mieten-muenchen\/hof-1-terrasse-270-qm\/#breadcrumb","itemListElement":[{"@type":"ListItem","position":1,"name":"Startseite","item":"https:\/\/kunstlabor.org\/"},{"@type":"ListItem","position":2,"name":"Das KUNSTLABOR 2 als Eventlocation mieten","item":"https:\/\/kunstlabor.org\/eventlocation-mieten-muenchen\/"},{"@type":"ListItem","position":3,"name":"Hof 1 Terrasse (270 qm)"}]},{"@type":"WebSite","@id":"https:\/\/kunstlabor.org\/#website","url":"https:\/\/kunstlabor.org\/","name":"Kunstlabor 2","description":"Munich's largest interim use gets underway","publisher":{"@id":"https:\/\/kunstlabor.org\/#organization"},"potentialAction":[{"@type":"SearchAction","target":{"@type":"EntryPoint","urlTemplate":"https:\/\/kunstlabor.org\/?s={search_term_string}"},"query-input":{"@type":"PropertyValueSpecification","valueRequired":true,"valueName":"search_term_string"}}],"inLanguage":"en-GB"},{"@type":"Organization","@id":"https:\/\/kunstlabor.org\/#organization","name":"Art Lab","url":"https:\/\/kunstlabor.org\/","logo":{"@type":"ImageObject","inLanguage":"en-GB","@id":"https:\/\/kunstlabor.org\/#\/schema\/logo\/image\/","url":"https:\/\/kunstlabor.org\/wp-content\/uploads\/2021\/05\/logo.png","contentUrl":"https:\/\/kunstlabor.org\/wp-content\/uploads\/2021\/05\/logo.png","width":490,"height":260,"caption":"Kunstlabor"},"image":{"@id":"https:\/\/kunstlabor.org\/#\/schema\/logo\/image\/"}}]}},"_links":{"self":[{"href":"https:\/\/kunstlabor.org\/en\/wp-json\/wp\/v2\/pages\/27435","targetHints":{"allow":["GET"]}}],"collection":[{"href":"https:\/\/kunstlabor.org\/en\/wp-json\/wp\/v2\/pages"}],"about":[{"href":"https:\/\/kunstlabor.org\/en\/wp-json\/wp\/v2\/types\/page"}],"author":[{"embeddable":true,"href":"https:\/\/kunstlabor.org\/en\/wp-json\/wp\/v2\/users\/4"}],"replies":[{"embeddable":true,"href":"https:\/\/kunstlabor.org\/en\/wp-json\/wp\/v2\/comments?post=27435"}],"version-history":[{"count":47,"href":"https:\/\/kunstlabor.org\/en\/wp-json\/wp\/v2\/pages\/27435\/revisions"}],"predecessor-version":[{"id":31215,"href":"https:\/\/kunstlabor.org\/en\/wp-json\/wp\/v2\/pages\/27435\/revisions\/31215"}],"up":[{"embeddable":true,"href":"https:\/\/kunstlabor.org\/en\/wp-json\/wp\/v2\/pages\/25536"}],"wp:attachment":[{"href":"https:\/\/kunstlabor.org\/en\/wp-json\/wp\/v2\/media?parent=27435"}],"curies":[{"name":"wp","href":"https:\/\/api.w.org\/{rel}","templated":true}]}}