{"id":27433,"date":"2023-04-24T14:44:05","date_gmt":"2023-04-24T12:44:05","guid":{"rendered":"https:\/\/kunstlabor.org\/?page_id=27433"},"modified":"2024-02-14T14:30:14","modified_gmt":"2024-02-14T13:30:14","slug":"showroom-400-qm","status":"publish","type":"page","link":"https:\/\/kunstlabor.org\/en\/eventlocation-mieten-muenchen\/showroom-400-qm\/","title":{"rendered":"Showroom (400 sqm)"},"content":{"rendered":"<div data-elementor-type=\"wp-page\" data-elementor-id=\"27433\" class=\"elementor elementor-27433\" data-elementor-post-type=\"page\">\n\t\t\t\t\t\t<section class=\"elementor-section elementor-top-section elementor-element elementor-element-20698b7 elementor-section-boxed elementor-section-height-default elementor-section-height-default\" data-id=\"20698b7\" data-element_type=\"section\" data-e-type=\"section\">\n\t\t\t\t\t\t<div class=\"elementor-container elementor-column-gap-default\">\n\t\t\t\t\t<div class=\"elementor-column elementor-col-100 elementor-top-column elementor-element elementor-element-0aea07a\" data-id=\"0aea07a\" data-element_type=\"column\" data-e-type=\"column\">\n\t\t\t<div class=\"elementor-widget-wrap elementor-element-populated\">\n\t\t\t\t\t\t<div class=\"elementor-element elementor-element-49c1314 elementor-widget elementor-widget-image\" data-id=\"49c1314\" data-element_type=\"widget\" data-e-type=\"widget\" data-widget_type=\"image.default\">\n\t\t\t\t<div class=\"elementor-widget-container\">\n\t\t\t\t\t\t\t\t\t\t\t\t\t\t\t<img fetchpriority=\"high\" decoding=\"async\" width=\"1536\" height=\"500\" src=\"https:\/\/kunstlabor.org\/wp-content\/uploads\/2023\/05\/Amari-1.png\" class=\"attachment-full size-full wp-image-27748\" alt=\"Showroom KUNSTLABOR 2\" srcset=\"https:\/\/kunstlabor.org\/wp-content\/uploads\/2023\/05\/Amari-1.png 1536w, https:\/\/kunstlabor.org\/wp-content\/uploads\/2023\/05\/Amari-1-300x98.png 300w, https:\/\/kunstlabor.org\/wp-content\/uploads\/2023\/05\/Amari-1-1024x333.png 1024w, https:\/\/kunstlabor.org\/wp-content\/uploads\/2023\/05\/Amari-1-768x250.png 768w, https:\/\/kunstlabor.org\/wp-content\/uploads\/2023\/05\/Amari-1-18x6.png 18w\" sizes=\"(max-width: 1536px) 100vw, 1536px\" \/>\t\t\t\t\t\t\t\t\t\t\t\t\t\t\t<\/div>\n\t\t\t\t<\/div>\n\t\t\t\t\t<\/div>\n\t\t<\/div>\n\t\t\t\t\t<\/div>\n\t\t<\/section>\n\t\t\t\t<section class=\"elementor-section elementor-top-section elementor-element elementor-element-3d594dc elementor-section-boxed elementor-section-height-default elementor-section-height-default\" data-id=\"3d594dc\" data-element_type=\"section\" data-e-type=\"section\">\n\t\t\t\t\t\t<div class=\"elementor-container elementor-column-gap-default\">\n\t\t\t\t\t<div class=\"elementor-column elementor-col-100 elementor-top-column elementor-element elementor-element-8e0f71b\" data-id=\"8e0f71b\" data-element_type=\"column\" data-e-type=\"column\">\n\t\t\t<div class=\"elementor-widget-wrap elementor-element-populated\">\n\t\t\t\t\t\t<section class=\"elementor-section elementor-inner-section elementor-element elementor-element-f10525b elementor-section-boxed elementor-section-height-default elementor-section-height-default\" data-id=\"f10525b\" data-element_type=\"section\" data-e-type=\"section\">\n\t\t\t\t\t\t<div class=\"elementor-container elementor-column-gap-default\">\n\t\t\t\t\t<div class=\"elementor-column elementor-col-100 elementor-inner-column elementor-element elementor-element-ac706da\" data-id=\"ac706da\" data-element_type=\"column\" data-e-type=\"column\">\n\t\t\t<div class=\"elementor-widget-wrap elementor-element-populated\">\n\t\t\t\t\t\t<div class=\"elementor-element elementor-element-1c5f248 elementor-widget elementor-widget-heading\" data-id=\"1c5f248\" data-element_type=\"widget\" data-e-type=\"widget\" data-widget_type=\"heading.default\">\n\t\t\t\t<div class=\"elementor-widget-container\">\n\t\t\t\t\t<h3 class=\"elementor-heading-title elementor-size-default\">Facts<\/h3>\t\t\t\t<\/div>\n\t\t\t\t<\/div>\n\t\t\t\t\t<\/div>\n\t\t<\/div>\n\t\t\t\t\t<\/div>\n\t\t<\/section>\n\t\t\t\t<div class=\"elementor-element elementor-element-ef02bcb elementor-widget elementor-widget-text-editor\" data-id=\"ef02bcb\" data-element_type=\"widget\" data-e-type=\"widget\" data-widget_type=\"text-editor.default\">\n\t\t\t\t<div class=\"elementor-widget-container\">\n\t\t\t\t\t\t\t\t\t<ul><li>1ST UG<\/li><li>400 sqm<\/li><li>Large open area separated by a half wall<\/li><li>Adjacent to our two courtyards and the courtyard bar<\/li><li>Separate input and output<\/li><li>at ground level<\/li><\/ul><div>\u00a0<\/div>\t\t\t\t\t\t\t\t<\/div>\n\t\t\t\t<\/div>\n\t\t\t\t<div class=\"elementor-element elementor-element-973eebc elementor-align-right elementor-widget elementor-widget-button\" data-id=\"973eebc\" data-element_type=\"widget\" data-e-type=\"widget\" data-widget_type=\"button.default\">\n\t\t\t\t<div class=\"elementor-widget-container\">\n\t\t\t\t\t\t\t\t\t<div class=\"elementor-button-wrapper\">\n\t\t\t\t\t<a class=\"elementor-button elementor-button-link elementor-size-sm\" href=\"mailto:events@kunstlabor.org\">\n\t\t\t\t\t\t<span class=\"elementor-button-content-wrapper\">\n\t\t\t\t\t\t\t\t\t<span class=\"elementor-button-text\">Request room<\/span>\n\t\t\t\t\t<\/span>\n\t\t\t\t\t<\/a>\n\t\t\t\t<\/div>\n\t\t\t\t\t\t\t\t<\/div>\n\t\t\t\t<\/div>\n\t\t\t\t<div class=\"elementor-element elementor-element-9cb1f12 elementor-widget elementor-widget-heading\" data-id=\"9cb1f12\" data-element_type=\"widget\" data-e-type=\"widget\" data-widget_type=\"heading.default\">\n\t\t\t\t<div class=\"elementor-widget-container\">\n\t\t\t\t\t<h3 class=\"elementor-heading-title elementor-size-default\">Impressions<\/h3>\t\t\t\t<\/div>\n\t\t\t\t<\/div>\n\t\t\t\t<div class=\"elementor-element elementor-element-c1c20cf gallery-spacing-custom elementor-widget elementor-widget-image-gallery\" data-id=\"c1c20cf\" data-element_type=\"widget\" data-e-type=\"widget\" data-widget_type=\"image-gallery.default\">\n\t\t\t\t<div class=\"elementor-widget-container\">\n\t\t\t\t\t\t\t<div class=\"elementor-image-gallery\">\n\t\t\t<div id='gallery-1' class='gallery galleryid-27433 gallery-columns-2 gallery-size-medium_large'><figure class='gallery-item'>\n\t\t\t<div class='gallery-icon landscape'>\n\t\t\t\t<a data-elementor-open-lightbox=\"yes\" data-elementor-lightbox-slideshow=\"c1c20cf\" data-elementor-lightbox-title=\"showroom2-min\" data-e-action-hash=\"#elementor-action%3Aaction%3Dlightbox%26settings%3DeyJpZCI6MjgzNzcsInVybCI6Imh0dHBzOlwvXC9rdW5zdGxhYm9yLm9yZ1wvd3AtY29udGVudFwvdXBsb2Fkc1wvMjAyM1wvMDVcL3Nob3dyb29tMi1taW4uanBnIiwic2xpZGVzaG93IjoiYzFjMjBjZiJ9\" href='https:\/\/kunstlabor.org\/wp-content\/uploads\/2023\/05\/showroom2-min.jpg'><img decoding=\"async\" width=\"768\" height=\"576\" src=\"https:\/\/kunstlabor.org\/wp-content\/uploads\/2023\/05\/showroom2-min-768x576.jpg\" class=\"attachment-medium_large size-medium_large\" alt=\"\" srcset=\"https:\/\/kunstlabor.org\/wp-content\/uploads\/2023\/05\/showroom2-min-768x576.jpg 768w, https:\/\/kunstlabor.org\/wp-content\/uploads\/2023\/05\/showroom2-min-300x225.jpg 300w, https:\/\/kunstlabor.org\/wp-content\/uploads\/2023\/05\/showroom2-min-1024x768.jpg 1024w, https:\/\/kunstlabor.org\/wp-content\/uploads\/2023\/05\/showroom2-min-1536x1152.jpg 1536w, https:\/\/kunstlabor.org\/wp-content\/uploads\/2023\/05\/showroom2-min-16x12.jpg 16w, https:\/\/kunstlabor.org\/wp-content\/uploads\/2023\/05\/showroom2-min.jpg 2016w\" sizes=\"(max-width: 768px) 100vw, 768px\" \/><\/a>\n\t\t\t<\/div><\/figure><figure class='gallery-item'>\n\t\t\t<div class='gallery-icon landscape'>\n\t\t\t\t<a data-elementor-open-lightbox=\"yes\" data-elementor-lightbox-slideshow=\"c1c20cf\" data-elementor-lightbox-title=\"showroom3-min\" data-e-action-hash=\"#elementor-action%3Aaction%3Dlightbox%26settings%3DeyJpZCI6MjgzNzgsInVybCI6Imh0dHBzOlwvXC9rdW5zdGxhYm9yLm9yZ1wvd3AtY29udGVudFwvdXBsb2Fkc1wvMjAyM1wvMDVcL3Nob3dyb29tMy1taW4tc2NhbGVkLmpwZyIsInNsaWRlc2hvdyI6ImMxYzIwY2YifQ%3D%3D\" href='https:\/\/kunstlabor.org\/wp-content\/uploads\/2023\/05\/showroom3-min-scaled.jpg'><img decoding=\"async\" width=\"768\" height=\"576\" src=\"https:\/\/kunstlabor.org\/wp-content\/uploads\/2023\/05\/showroom3-min-768x576.jpg\" class=\"attachment-medium_large size-medium_large\" alt=\"\" srcset=\"https:\/\/kunstlabor.org\/wp-content\/uploads\/2023\/05\/showroom3-min-768x576.jpg 768w, https:\/\/kunstlabor.org\/wp-content\/uploads\/2023\/05\/showroom3-min-300x225.jpg 300w, https:\/\/kunstlabor.org\/wp-content\/uploads\/2023\/05\/showroom3-min-1024x768.jpg 1024w, https:\/\/kunstlabor.org\/wp-content\/uploads\/2023\/05\/showroom3-min-1536x1152.jpg 1536w, https:\/\/kunstlabor.org\/wp-content\/uploads\/2023\/05\/showroom3-min-2048x1536.jpg 2048w, https:\/\/kunstlabor.org\/wp-content\/uploads\/2023\/05\/showroom3-min-16x12.jpg 16w\" sizes=\"(max-width: 768px) 100vw, 768px\" \/><\/a>\n\t\t\t<\/div><\/figure><figure class='gallery-item'>\n\t\t\t<div class='gallery-icon portrait'>\n\t\t\t\t<a data-elementor-open-lightbox=\"yes\" data-elementor-lightbox-slideshow=\"c1c20cf\" data-elementor-lightbox-title=\"showroom-min\" data-e-action-hash=\"#elementor-action%3Aaction%3Dlightbox%26settings%3DeyJpZCI6MjgzNzksInVybCI6Imh0dHBzOlwvXC9rdW5zdGxhYm9yLm9yZ1wvd3AtY29udGVudFwvdXBsb2Fkc1wvMjAyM1wvMDVcL3Nob3dyb29tLW1pbi5qcGciLCJzbGlkZXNob3ciOiJjMWMyMGNmIn0%3D\" href='https:\/\/kunstlabor.org\/wp-content\/uploads\/2023\/05\/showroom-min.jpg'><img loading=\"lazy\" decoding=\"async\" width=\"768\" height=\"1024\" src=\"https:\/\/kunstlabor.org\/wp-content\/uploads\/2023\/05\/showroom-min-768x1024.jpg\" class=\"attachment-medium_large size-medium_large\" alt=\"\" srcset=\"https:\/\/kunstlabor.org\/wp-content\/uploads\/2023\/05\/showroom-min-768x1024.jpg 768w, https:\/\/kunstlabor.org\/wp-content\/uploads\/2023\/05\/showroom-min-225x300.jpg 225w, https:\/\/kunstlabor.org\/wp-content\/uploads\/2023\/05\/showroom-min-1152x1536.jpg 1152w, https:\/\/kunstlabor.org\/wp-content\/uploads\/2023\/05\/showroom-min-9x12.jpg 9w, https:\/\/kunstlabor.org\/wp-content\/uploads\/2023\/05\/showroom-min.jpg 1512w\" sizes=\"(max-width: 768px) 100vw, 768px\" \/><\/a>\n\t\t\t<\/div><\/figure>\n\t\t<\/div>\n\t\t<\/div>\n\t\t\t\t\t\t<\/div>\n\t\t\t\t<\/div>\n\t\t\t\t<div class=\"elementor-element elementor-element-3f536f0 elementor-widget elementor-widget-heading\" data-id=\"3f536f0\" data-element_type=\"widget\" data-e-type=\"widget\" data-widget_type=\"heading.default\">\n\t\t\t\t<div class=\"elementor-widget-container\">\n\t\t\t\t\t<h3 class=\"elementor-heading-title elementor-size-default\">Floor plan &amp; seating plans<\/h3>\t\t\t\t<\/div>\n\t\t\t\t<\/div>\n\t\t\t\t<div class=\"elementor-element elementor-element-b0b7a63 elementor-align-right elementor-widget elementor-widget-button\" data-id=\"b0b7a63\" data-element_type=\"widget\" data-e-type=\"widget\" data-widget_type=\"button.default\">\n\t\t\t\t<div class=\"elementor-widget-container\">\n\t\t\t\t\t\t\t\t\t<div class=\"elementor-button-wrapper\">\n\t\t\t\t\t<a class=\"elementor-button elementor-button-link elementor-size-sm\" href=\"mailto:events@kunstlabor.org\">\n\t\t\t\t\t\t<span class=\"elementor-button-content-wrapper\">\n\t\t\t\t\t\t\t\t\t<span class=\"elementor-button-text\">Request room<\/span>\n\t\t\t\t\t<\/span>\n\t\t\t\t\t<\/a>\n\t\t\t\t<\/div>\n\t\t\t\t\t\t\t\t<\/div>\n\t\t\t\t<\/div>\n\t\t\t\t<div class=\"elementor-element elementor-element-9c0d938 elementor--h-position-center elementor--v-position-middle elementor-arrows-position-inside elementor-pagination-position-inside elementor-widget elementor-widget-slides\" data-id=\"9c0d938\" data-element_type=\"widget\" data-e-type=\"widget\" data-settings=\"{&quot;navigation&quot;:&quot;both&quot;,&quot;autoplay&quot;:&quot;yes&quot;,&quot;pause_on_hover&quot;:&quot;yes&quot;,&quot;pause_on_interaction&quot;:&quot;yes&quot;,&quot;autoplay_speed&quot;:5000,&quot;infinite&quot;:&quot;yes&quot;,&quot;transition&quot;:&quot;slide&quot;,&quot;transition_speed&quot;:500}\" data-widget_type=\"slides.default\">\n\t\t\t\t<div class=\"elementor-widget-container\">\n\t\t\t\t\t\t\t\t\t<div class=\"elementor-swiper\">\n\t\t\t\t\t<div class=\"elementor-slides-wrapper elementor-main-swiper swiper\" role=\"region\" aria-roledescription=\"carousel\" aria-label=\"Slider\" dir=\"ltr\" data-animation=\"fadeInUp\">\n\t\t\t\t<div class=\"swiper-wrapper elementor-slides\">\n\t\t\t\t\t\t\t\t\t\t<div class=\"elementor-repeater-item-a3bfb2c swiper-slide\" role=\"group\" aria-roledescription=\"slide\"><div class=\"swiper-slide-bg\" role=\"img\" aria-label=\"Floor plan Exhibition_Workshop-05\"><\/div><div class=\"swiper-slide-inner\" ><div class=\"swiper-slide-contents\"><div class=\"elementor-slide-heading\">Floor plan<\/div><\/div><\/div><\/div>\t\t\t\t<\/div>\n\t\t\t\t\t\t\t<\/div>\n\t\t\t\t<\/div>\n\t\t\t\t\t\t\t\t<\/div>\n\t\t\t\t<\/div>\n\t\t\t\t\t<\/div>\n\t\t<\/div>\n\t\t\t\t\t<\/div>\n\t\t<\/section>\n\t\t\t\t<section class=\"elementor-section elementor-top-section elementor-element elementor-element-9da5be2 elementor-section-boxed elementor-section-height-default elementor-section-height-default\" data-id=\"9da5be2\" data-element_type=\"section\" data-e-type=\"section\">\n\t\t\t\t\t\t<div class=\"elementor-container elementor-column-gap-default\">\n\t\t\t\t\t<div class=\"elementor-column elementor-col-50 elementor-top-column elementor-element elementor-element-1b82df2\" data-id=\"1b82df2\" data-element_type=\"column\" data-e-type=\"column\">\n\t\t\t<div class=\"elementor-widget-wrap elementor-element-populated\">\n\t\t\t\t\t\t<div class=\"elementor-element elementor-element-dc02901 elementor-widget elementor-widget-text-editor\" data-id=\"dc02901\" data-element_type=\"widget\" data-e-type=\"widget\" data-widget_type=\"text-editor.default\">\n\t\t\t\t<div class=\"elementor-widget-container\">\n\t\t\t\t\t\t\t\t\t<h3>Catering service with creative cuisine<\/h3><p>The AMARi Bar, directly connected to the event areas, takes care of the culinary well-being of your guests. The visionary team focuses on regional and seasonal products and is constantly working on creative culinary adventures. Offer your guests and customers exquisite cuisine, selected wines and in-house aperitif creations in a relaxed atmosphere. The catering service provided by the AMARi team can be booked for all event spaces in KUNSTLABOR 2. We will be happy to prepare a catering offer tailored to your wishes.<\/p>\t\t\t\t\t\t\t\t<\/div>\n\t\t\t\t<\/div>\n\t\t\t\t\t<\/div>\n\t\t<\/div>\n\t\t\t\t<div class=\"elementor-column elementor-col-50 elementor-top-column elementor-element elementor-element-2d44415\" data-id=\"2d44415\" data-element_type=\"column\" data-e-type=\"column\">\n\t\t\t<div class=\"elementor-widget-wrap elementor-element-populated\">\n\t\t\t\t\t\t<div class=\"elementor-element elementor-element-968d1ed elementor-widget elementor-widget-image\" data-id=\"968d1ed\" data-element_type=\"widget\" data-e-type=\"widget\" data-widget_type=\"image.default\">\n\t\t\t\t<div class=\"elementor-widget-container\">\n\t\t\t\t\t\t\t\t\t\t\t\t\t\t\t<img loading=\"lazy\" decoding=\"async\" width=\"800\" height=\"625\" src=\"https:\/\/kunstlabor.org\/wp-content\/uploads\/2023\/04\/Amari-1.png\" class=\"attachment-large size-large wp-image-27346\" alt=\"\" srcset=\"https:\/\/kunstlabor.org\/wp-content\/uploads\/2023\/04\/Amari-1.png 1024w, https:\/\/kunstlabor.org\/wp-content\/uploads\/2023\/04\/Amari-1-300x234.png 300w, https:\/\/kunstlabor.org\/wp-content\/uploads\/2023\/04\/Amari-1-768x600.png 768w, https:\/\/kunstlabor.org\/wp-content\/uploads\/2023\/04\/Amari-1-15x12.png 15w\" sizes=\"(max-width: 800px) 100vw, 800px\" \/>\t\t\t\t\t\t\t\t\t\t\t\t\t\t\t<\/div>\n\t\t\t\t<\/div>\n\t\t\t\t\t<\/div>\n\t\t<\/div>\n\t\t\t\t\t<\/div>\n\t\t<\/section>\n\t\t\t\t<section class=\"elementor-section elementor-top-section elementor-element elementor-element-b547366 elementor-section-boxed elementor-section-height-default elementor-section-height-default\" data-id=\"b547366\" data-element_type=\"section\" data-e-type=\"section\">\n\t\t\t\t\t\t<div class=\"elementor-container elementor-column-gap-default\">\n\t\t\t\t\t<div class=\"elementor-column elementor-col-100 elementor-top-column elementor-element elementor-element-e78a178\" data-id=\"e78a178\" data-element_type=\"column\" data-e-type=\"column\">\n\t\t\t<div class=\"elementor-widget-wrap elementor-element-populated\">\n\t\t\t\t\t\t<div class=\"elementor-element elementor-element-2cdbf6b elementor-widget elementor-widget-text-editor\" data-id=\"2cdbf6b\" data-element_type=\"widget\" data-e-type=\"widget\" data-widget_type=\"text-editor.default\">\n\t\t\t\t<div class=\"elementor-widget-container\">\n\t\t\t\t\t\t\t\t\t<h5>Interested? Then ask without obligation under: <a href=\"mailto:events@kunstlabor.org\">events@kunstlabor.org<\/a><\/h5>\t\t\t\t\t\t\t\t<\/div>\n\t\t\t\t<\/div>\n\t\t\t\t\t<\/div>\n\t\t<\/div>\n\t\t\t\t\t<\/div>\n\t\t<\/section>\n\t\t\t\t<\/div>","protected":false},"excerpt":{"rendered":"<p>Facts 1st floor 400 sqm Large open-plan area separated by half a wall Adjacent to our two inner courtyards and the courtyard bar Separate entrance and exit at ground level Request room Impressions Floor plan...<\/p>","protected":false},"author":4,"featured_media":0,"parent":25536,"menu_order":0,"comment_status":"closed","ping_status":"closed","template":"","meta":{"_acf_changed":false,"footnotes":""},"class_list":["post-27433","page","type-page","status-publish","hentry"],"acf":[],"yoast_head":"<!-- This site is optimized with the Yoast SEO plugin v27.3 - https:\/\/yoast.com\/product\/yoast-seo-wordpress\/ -->\n<title>400qm cooler Showroom in M\u00fcnchen mieten &#8212; Kunstlabor 2<\/title>\n<meta name=\"description\" content=\"Miete unseren gr\u00f6\u00dften Bereich - den 400qm Showroom getrennt durch halbe Wand und sonst offenem Bereich. Mehr Infos einfach anfragen!\" \/>\n<meta name=\"robots\" content=\"index, follow, max-snippet:-1, max-image-preview:large, max-video-preview:-1\" \/>\n<link rel=\"canonical\" href=\"https:\/\/kunstlabor.org\/en\/eventlocation-mieten-muenchen\/showroom-400-qm\/\" \/>\n<meta property=\"og:locale\" content=\"en_GB\" \/>\n<meta property=\"og:type\" content=\"article\" \/>\n<meta property=\"og:title\" content=\"400qm cooler Showroom in M\u00fcnchen mieten &#8212; Kunstlabor 2\" \/>\n<meta property=\"og:description\" content=\"Miete unseren gr\u00f6\u00dften Bereich - den 400qm Showroom getrennt durch halbe Wand und sonst offenem Bereich. Mehr Infos einfach anfragen!\" \/>\n<meta property=\"og:url\" content=\"https:\/\/kunstlabor.org\/en\/eventlocation-mieten-muenchen\/showroom-400-qm\/\" \/>\n<meta property=\"og:site_name\" content=\"Kunstlabor 2\" \/>\n<meta property=\"article:modified_time\" content=\"2024-02-14T13:30:14+00:00\" \/>\n<meta property=\"og:image\" content=\"https:\/\/kunstlabor.org\/wp-content\/uploads\/2023\/05\/Amari-1.png\" \/>\n<meta name=\"twitter:card\" content=\"summary_large_image\" \/>\n<script type=\"application\/ld+json\" class=\"yoast-schema-graph\">{\"@context\":\"https:\\\/\\\/schema.org\",\"@graph\":[{\"@type\":\"WebPage\",\"@id\":\"https:\\\/\\\/kunstlabor.org\\\/eventlocation-mieten-muenchen\\\/showroom-400-qm\\\/\",\"url\":\"https:\\\/\\\/kunstlabor.org\\\/eventlocation-mieten-muenchen\\\/showroom-400-qm\\\/\",\"name\":\"400qm cooler Showroom in M\u00fcnchen mieten &#8212; Kunstlabor 2\",\"isPartOf\":{\"@id\":\"https:\\\/\\\/kunstlabor.org\\\/#website\"},\"primaryImageOfPage\":{\"@id\":\"https:\\\/\\\/kunstlabor.org\\\/eventlocation-mieten-muenchen\\\/showroom-400-qm\\\/#primaryimage\"},\"image\":{\"@id\":\"https:\\\/\\\/kunstlabor.org\\\/eventlocation-mieten-muenchen\\\/showroom-400-qm\\\/#primaryimage\"},\"thumbnailUrl\":\"https:\\\/\\\/kunstlabor.org\\\/wp-content\\\/uploads\\\/2023\\\/05\\\/Amari-1.png\",\"datePublished\":\"2023-04-24T12:44:05+00:00\",\"dateModified\":\"2024-02-14T13:30:14+00:00\",\"description\":\"Miete unseren gr\u00f6\u00dften Bereich - den 400qm Showroom getrennt durch halbe Wand und sonst offenem Bereich. Mehr Infos einfach anfragen!\",\"breadcrumb\":{\"@id\":\"https:\\\/\\\/kunstlabor.org\\\/eventlocation-mieten-muenchen\\\/showroom-400-qm\\\/#breadcrumb\"},\"inLanguage\":\"en-GB\",\"potentialAction\":[{\"@type\":\"ReadAction\",\"target\":[\"https:\\\/\\\/kunstlabor.org\\\/eventlocation-mieten-muenchen\\\/showroom-400-qm\\\/\"]}]},{\"@type\":\"ImageObject\",\"inLanguage\":\"en-GB\",\"@id\":\"https:\\\/\\\/kunstlabor.org\\\/eventlocation-mieten-muenchen\\\/showroom-400-qm\\\/#primaryimage\",\"url\":\"https:\\\/\\\/kunstlabor.org\\\/wp-content\\\/uploads\\\/2023\\\/05\\\/Amari-1.png\",\"contentUrl\":\"https:\\\/\\\/kunstlabor.org\\\/wp-content\\\/uploads\\\/2023\\\/05\\\/Amari-1.png\"},{\"@type\":\"BreadcrumbList\",\"@id\":\"https:\\\/\\\/kunstlabor.org\\\/eventlocation-mieten-muenchen\\\/showroom-400-qm\\\/#breadcrumb\",\"itemListElement\":[{\"@type\":\"ListItem\",\"position\":1,\"name\":\"Startseite\",\"item\":\"https:\\\/\\\/kunstlabor.org\\\/\"},{\"@type\":\"ListItem\",\"position\":2,\"name\":\"Das KUNSTLABOR 2 als Eventlocation mieten\",\"item\":\"https:\\\/\\\/kunstlabor.org\\\/eventlocation-mieten-muenchen\\\/\"},{\"@type\":\"ListItem\",\"position\":3,\"name\":\"Showroom (400 qm)\"}]},{\"@type\":\"WebSite\",\"@id\":\"https:\\\/\\\/kunstlabor.org\\\/#website\",\"url\":\"https:\\\/\\\/kunstlabor.org\\\/\",\"name\":\"Kunstlabor 2\",\"description\":\"M\u00fcnchens gr\u00f6\u00dfte Zwischennutzung geht an den Start\",\"publisher\":{\"@id\":\"https:\\\/\\\/kunstlabor.org\\\/#organization\"},\"potentialAction\":[{\"@type\":\"SearchAction\",\"target\":{\"@type\":\"EntryPoint\",\"urlTemplate\":\"https:\\\/\\\/kunstlabor.org\\\/?s={search_term_string}\"},\"query-input\":{\"@type\":\"PropertyValueSpecification\",\"valueRequired\":true,\"valueName\":\"search_term_string\"}}],\"inLanguage\":\"en-GB\"},{\"@type\":\"Organization\",\"@id\":\"https:\\\/\\\/kunstlabor.org\\\/#organization\",\"name\":\"Kunstlabor\",\"url\":\"https:\\\/\\\/kunstlabor.org\\\/\",\"logo\":{\"@type\":\"ImageObject\",\"inLanguage\":\"en-GB\",\"@id\":\"https:\\\/\\\/kunstlabor.org\\\/#\\\/schema\\\/logo\\\/image\\\/\",\"url\":\"https:\\\/\\\/kunstlabor.org\\\/wp-content\\\/uploads\\\/2021\\\/05\\\/logo.png\",\"contentUrl\":\"https:\\\/\\\/kunstlabor.org\\\/wp-content\\\/uploads\\\/2021\\\/05\\\/logo.png\",\"width\":490,\"height\":260,\"caption\":\"Kunstlabor\"},\"image\":{\"@id\":\"https:\\\/\\\/kunstlabor.org\\\/#\\\/schema\\\/logo\\\/image\\\/\"}}]}<\/script>\n<!-- \/ Yoast SEO plugin. -->","yoast_head_json":{"title":"400 square metres of cool showroom for rent in Munich - Kunstlabor 2","description":"Rent our largest area - the 400 square metre showroom separated by half a wall and otherwise an open area. Simply enquire for more information!","robots":{"index":"index","follow":"follow","max-snippet":"max-snippet:-1","max-image-preview":"max-image-preview:large","max-video-preview":"max-video-preview:-1"},"canonical":"https:\/\/kunstlabor.org\/en\/eventlocation-mieten-muenchen\/showroom-400-qm\/","og_locale":"en_GB","og_type":"article","og_title":"400qm cooler Showroom in M\u00fcnchen mieten &#8212; Kunstlabor 2","og_description":"Miete unseren gr\u00f6\u00dften Bereich - den 400qm Showroom getrennt durch halbe Wand und sonst offenem Bereich. Mehr Infos einfach anfragen!","og_url":"https:\/\/kunstlabor.org\/en\/eventlocation-mieten-muenchen\/showroom-400-qm\/","og_site_name":"Kunstlabor 2","article_modified_time":"2024-02-14T13:30:14+00:00","og_image":[{"url":"https:\/\/kunstlabor.org\/wp-content\/uploads\/2023\/05\/Amari-1.png","type":"","width":"","height":""}],"twitter_card":"summary_large_image","schema":{"@context":"https:\/\/schema.org","@graph":[{"@type":"WebPage","@id":"https:\/\/kunstlabor.org\/eventlocation-mieten-muenchen\/showroom-400-qm\/","url":"https:\/\/kunstlabor.org\/eventlocation-mieten-muenchen\/showroom-400-qm\/","name":"400 square metres of cool showroom for rent in Munich - Kunstlabor 2","isPartOf":{"@id":"https:\/\/kunstlabor.org\/#website"},"primaryImageOfPage":{"@id":"https:\/\/kunstlabor.org\/eventlocation-mieten-muenchen\/showroom-400-qm\/#primaryimage"},"image":{"@id":"https:\/\/kunstlabor.org\/eventlocation-mieten-muenchen\/showroom-400-qm\/#primaryimage"},"thumbnailUrl":"https:\/\/kunstlabor.org\/wp-content\/uploads\/2023\/05\/Amari-1.png","datePublished":"2023-04-24T12:44:05+00:00","dateModified":"2024-02-14T13:30:14+00:00","description":"Rent our largest area - the 400 square metre showroom separated by half a wall and otherwise an open area. Simply enquire for more information!","breadcrumb":{"@id":"https:\/\/kunstlabor.org\/eventlocation-mieten-muenchen\/showroom-400-qm\/#breadcrumb"},"inLanguage":"en-GB","potentialAction":[{"@type":"ReadAction","target":["https:\/\/kunstlabor.org\/eventlocation-mieten-muenchen\/showroom-400-qm\/"]}]},{"@type":"ImageObject","inLanguage":"en-GB","@id":"https:\/\/kunstlabor.org\/eventlocation-mieten-muenchen\/showroom-400-qm\/#primaryimage","url":"https:\/\/kunstlabor.org\/wp-content\/uploads\/2023\/05\/Amari-1.png","contentUrl":"https:\/\/kunstlabor.org\/wp-content\/uploads\/2023\/05\/Amari-1.png"},{"@type":"BreadcrumbList","@id":"https:\/\/kunstlabor.org\/eventlocation-mieten-muenchen\/showroom-400-qm\/#breadcrumb","itemListElement":[{"@type":"ListItem","position":1,"name":"Startseite","item":"https:\/\/kunstlabor.org\/"},{"@type":"ListItem","position":2,"name":"Das KUNSTLABOR 2 als Eventlocation mieten","item":"https:\/\/kunstlabor.org\/eventlocation-mieten-muenchen\/"},{"@type":"ListItem","position":3,"name":"Showroom (400 qm)"}]},{"@type":"WebSite","@id":"https:\/\/kunstlabor.org\/#website","url":"https:\/\/kunstlabor.org\/","name":"Kunstlabor 2","description":"Munich's largest interim use gets underway","publisher":{"@id":"https:\/\/kunstlabor.org\/#organization"},"potentialAction":[{"@type":"SearchAction","target":{"@type":"EntryPoint","urlTemplate":"https:\/\/kunstlabor.org\/?s={search_term_string}"},"query-input":{"@type":"PropertyValueSpecification","valueRequired":true,"valueName":"search_term_string"}}],"inLanguage":"en-GB"},{"@type":"Organization","@id":"https:\/\/kunstlabor.org\/#organization","name":"Art Lab","url":"https:\/\/kunstlabor.org\/","logo":{"@type":"ImageObject","inLanguage":"en-GB","@id":"https:\/\/kunstlabor.org\/#\/schema\/logo\/image\/","url":"https:\/\/kunstlabor.org\/wp-content\/uploads\/2021\/05\/logo.png","contentUrl":"https:\/\/kunstlabor.org\/wp-content\/uploads\/2021\/05\/logo.png","width":490,"height":260,"caption":"Kunstlabor"},"image":{"@id":"https:\/\/kunstlabor.org\/#\/schema\/logo\/image\/"}}]}},"_links":{"self":[{"href":"https:\/\/kunstlabor.org\/en\/wp-json\/wp\/v2\/pages\/27433","targetHints":{"allow":["GET"]}}],"collection":[{"href":"https:\/\/kunstlabor.org\/en\/wp-json\/wp\/v2\/pages"}],"about":[{"href":"https:\/\/kunstlabor.org\/en\/wp-json\/wp\/v2\/types\/page"}],"author":[{"embeddable":true,"href":"https:\/\/kunstlabor.org\/en\/wp-json\/wp\/v2\/users\/4"}],"replies":[{"embeddable":true,"href":"https:\/\/kunstlabor.org\/en\/wp-json\/wp\/v2\/comments?post=27433"}],"version-history":[{"count":33,"href":"https:\/\/kunstlabor.org\/en\/wp-json\/wp\/v2\/pages\/27433\/revisions"}],"predecessor-version":[{"id":29475,"href":"https:\/\/kunstlabor.org\/en\/wp-json\/wp\/v2\/pages\/27433\/revisions\/29475"}],"up":[{"embeddable":true,"href":"https:\/\/kunstlabor.org\/en\/wp-json\/wp\/v2\/pages\/25536"}],"wp:attachment":[{"href":"https:\/\/kunstlabor.org\/en\/wp-json\/wp\/v2\/media?parent=27433"}],"curies":[{"name":"wp","href":"https:\/\/api.w.org\/{rel}","templated":true}]}}