{"id":26461,"date":"2023-02-08T16:28:56","date_gmt":"2023-02-08T15:28:56","guid":{"rendered":"https:\/\/kunstlabor.org\/?page_id=26461"},"modified":"2023-05-02T10:30:58","modified_gmt":"2023-05-02T08:30:58","slug":"upcycling-workshop","status":"publish","type":"page","link":"https:\/\/kunstlabor.org\/en\/workshops\/upcycling-workshop\/","title":{"rendered":"Upcycling Workshop"},"content":{"rendered":"<div data-elementor-type=\"wp-page\" data-elementor-id=\"26461\" class=\"elementor elementor-26461\" data-elementor-post-type=\"page\">\n\t\t\t\t\t\t<section class=\"elementor-section elementor-top-section elementor-element elementor-element-f38ba65 elementor-section-full_width elementor-section-height-default elementor-section-height-default\" data-id=\"f38ba65\" data-element_type=\"section\" data-e-type=\"section\">\n\t\t\t\t\t\t<div class=\"elementor-container elementor-column-gap-default\">\n\t\t\t\t\t<div class=\"elementor-column elementor-col-50 elementor-top-column elementor-element elementor-element-dc659c1\" data-id=\"dc659c1\" data-element_type=\"column\" data-e-type=\"column\">\n\t\t\t<div class=\"elementor-widget-wrap elementor-element-populated\">\n\t\t\t\t\t\t<div class=\"elementor-element elementor-element-ac38710 elementor-widget__width-inherit elementor-widget elementor-widget-image\" data-id=\"ac38710\" data-element_type=\"widget\" data-e-type=\"widget\" data-widget_type=\"image.default\">\n\t\t\t\t<div class=\"elementor-widget-container\">\n\t\t\t\t\t\t\t\t\t\t\t\t<figure class=\"wp-caption\">\n\t\t\t\t\t\t\t\t\t\t<img fetchpriority=\"high\" decoding=\"async\" width=\"768\" height=\"1152\" src=\"https:\/\/kunstlabor.org\/wp-content\/uploads\/2023\/02\/upcycling-kunst-dan-rawling-1-scaled-768x1152.jpg\" class=\"attachment-medium_large size-medium_large wp-image-26556\" alt=\"\" srcset=\"https:\/\/kunstlabor.org\/wp-content\/uploads\/2023\/02\/upcycling-kunst-dan-rawling-1-scaled-768x1152.jpg 768w, https:\/\/kunstlabor.org\/wp-content\/uploads\/2023\/02\/upcycling-kunst-dan-rawling-1-scaled-200x300.jpg 200w, https:\/\/kunstlabor.org\/wp-content\/uploads\/2023\/02\/upcycling-kunst-dan-rawling-1-scaled-683x1024.jpg 683w, https:\/\/kunstlabor.org\/wp-content\/uploads\/2023\/02\/upcycling-kunst-dan-rawling-1-scaled-1024x1536.jpg 1024w, https:\/\/kunstlabor.org\/wp-content\/uploads\/2023\/02\/upcycling-kunst-dan-rawling-1-scaled-1366x2048.jpg 1366w, https:\/\/kunstlabor.org\/wp-content\/uploads\/2023\/02\/upcycling-kunst-dan-rawling-1-scaled.jpg 1707w\" sizes=\"(max-width: 768px) 100vw, 768px\" \/>\t\t\t\t\t\t\t\t\t\t\t<figcaption class=\"widget-image-caption wp-caption-text\">Dan Rawlings, whose works are currently on show at MUCA, cuts artworks out of discarded industrial waste.<\/figcaption>\n\t\t\t\t\t\t\t\t\t\t<\/figure>\n\t\t\t\t\t\t\t\t\t<\/div>\n\t\t\t\t<\/div>\n\t\t\t\t\t<\/div>\n\t\t<\/div>\n\t\t\t\t<div class=\"elementor-column elementor-col-50 elementor-top-column elementor-element elementor-element-c47f176\" data-id=\"c47f176\" data-element_type=\"column\" data-e-type=\"column\">\n\t\t\t<div class=\"elementor-widget-wrap elementor-element-populated\">\n\t\t\t\t\t\t<div class=\"elementor-element elementor-element-f5ec313 elementor-widget elementor-widget-heading\" data-id=\"f5ec313\" data-element_type=\"widget\" data-e-type=\"widget\" data-widget_type=\"heading.default\">\n\t\t\t\t<div class=\"elementor-widget-container\">\n\t\t\t\t\t<h1 class=\"elementor-heading-title elementor-size-default\">Upcycling Workshop<\/h1>\t\t\t\t<\/div>\n\t\t\t\t<\/div>\n\t\t\t\t<div class=\"elementor-element elementor-element-17af304 elementor-widget elementor-widget-text-editor\" data-id=\"17af304\" data-element_type=\"widget\" data-e-type=\"widget\" data-widget_type=\"text-editor.default\">\n\t\t\t\t<div class=\"elementor-widget-container\">\n\t\t\t\t\t\t\t\t\t<p>Every day, we throw away more than three million tonnes of waste worldwide. Yet many of the supposedly worn-out packaging can be given a new lease of life through upcycling.<\/p><p>In contemporary art, upcycling has already established itself as a trend in its own right. Upcycling art holds up a mirror to our throwaway society. You can find out more about this art movement and upcycling artists at KUNSTLABOR 2. <a href=\"https:\/\/kunstlabor.org\/en\/upcycling-kunst\/\">here<\/a>.<\/p><p>We always offer workshops on the topic of \"upcycling\".<\/p>\t\t\t\t\t\t\t\t<\/div>\n\t\t\t\t<\/div>\n\t\t\t\t<div class=\"elementor-element elementor-element-761b5b7 elementor-widget elementor-widget-button\" data-id=\"761b5b7\" data-element_type=\"widget\" data-e-type=\"widget\" data-widget_type=\"button.default\">\n\t\t\t\t<div class=\"elementor-widget-container\">\n\t\t\t\t\t\t\t\t\t<div class=\"elementor-button-wrapper\">\n\t\t\t\t\t<a class=\"elementor-button elementor-button-link elementor-size-sm\" href=\"https:\/\/shop.muca.eu\/kunstlabor\/\" target=\"_blank\">\n\t\t\t\t\t\t<span class=\"elementor-button-content-wrapper\">\n\t\t\t\t\t\t\t\t\t<span class=\"elementor-button-text\">Just have a look at our webshop<\/span>\n\t\t\t\t\t<\/span>\n\t\t\t\t\t<\/a>\n\t\t\t\t<\/div>\n\t\t\t\t\t\t\t\t<\/div>\n\t\t\t\t<\/div>\n\t\t\t\t\t<\/div>\n\t\t<\/div>\n\t\t\t\t\t<\/div>\n\t\t<\/section>\n\t\t\t\t<section class=\"elementor-section elementor-top-section elementor-element elementor-element-333d0d6 elementor-section-boxed elementor-section-height-default elementor-section-height-default\" data-id=\"333d0d6\" data-element_type=\"section\" data-e-type=\"section\" data-settings=\"{&quot;background_background&quot;:&quot;classic&quot;}\">\n\t\t\t\t\t\t<div class=\"elementor-container elementor-column-gap-default\">\n\t\t\t\t\t<div class=\"elementor-column elementor-col-100 elementor-top-column elementor-element elementor-element-6e33967\" data-id=\"6e33967\" data-element_type=\"column\" data-e-type=\"column\">\n\t\t\t<div class=\"elementor-widget-wrap elementor-element-populated\">\n\t\t\t\t\t\t<section class=\"elementor-section elementor-inner-section elementor-element elementor-element-95739d0 elementor-section-boxed elementor-section-height-default elementor-section-height-default\" data-id=\"95739d0\" data-element_type=\"section\" data-e-type=\"section\">\n\t\t\t\t\t\t<div class=\"elementor-container elementor-column-gap-no\">\n\t\t\t\t\t<div class=\"elementor-column elementor-col-100 elementor-inner-column elementor-element elementor-element-2067913\" data-id=\"2067913\" data-element_type=\"column\" data-e-type=\"column\">\n\t\t\t<div class=\"elementor-widget-wrap elementor-element-populated\">\n\t\t\t\t\t\t<div class=\"elementor-element elementor-element-ffdbb77 elementor-posts--align-left elementor-grid-3 elementor-grid-tablet-2 elementor-grid-mobile-1 elementor-posts--thumbnail-top elementor-card-shadow-yes elementor-posts__hover-gradient elementor-widget elementor-widget-posts\" data-id=\"ffdbb77\" data-element_type=\"widget\" data-e-type=\"widget\" data-settings=\"{&quot;cards_row_gap&quot;:{&quot;unit&quot;:&quot;px&quot;,&quot;size&quot;:30,&quot;sizes&quot;:[]},&quot;cards_columns&quot;:&quot;3&quot;,&quot;cards_columns_tablet&quot;:&quot;2&quot;,&quot;cards_columns_mobile&quot;:&quot;1&quot;,&quot;cards_row_gap_tablet&quot;:{&quot;unit&quot;:&quot;px&quot;,&quot;size&quot;:&quot;&quot;,&quot;sizes&quot;:[]},&quot;cards_row_gap_mobile&quot;:{&quot;unit&quot;:&quot;px&quot;,&quot;size&quot;:&quot;&quot;,&quot;sizes&quot;:[]}}\" data-widget_type=\"posts.cards\">\n\t\t\t\t<div class=\"elementor-widget-container\">\n\t\t\t\t\t\t\t<div class=\"elementor-posts-container elementor-posts elementor-posts--skin-cards elementor-grid\" role=\"list\">\n\t\t\t\t<article class=\"elementor-post elementor-grid-item post-31580 page type-page status-publish post-password-required hentry\" role=\"listitem\">\n\t\t\t<div class=\"elementor-post__card\">\n\t\t\t\t<a class=\"elementor-post__thumbnail__link\" href=\"https:\/\/kunstlabor.org\/en\/das-neue-kunst-kulturzentrum-muenchen-entwurf-seth\/\" tabindex=\"-1\" ><div class=\"elementor-post__thumbnail\"><img decoding=\"async\" width=\"300\" height=\"300\" src=\"https:\/\/kunstlabor.org\/wp-content\/uploads\/2022\/01\/Kulturzentrum-Muenchen-Kunstlabor2-1-300x300.jpeg\" class=\"attachment-medium size-medium wp-image-24751\" alt=\"Fotocredits: wunderland media GmbH\" srcset=\"https:\/\/kunstlabor.org\/wp-content\/uploads\/2022\/01\/Kulturzentrum-Muenchen-Kunstlabor2-1-300x300.jpeg 300w, https:\/\/kunstlabor.org\/wp-content\/uploads\/2022\/01\/Kulturzentrum-Muenchen-Kunstlabor2-1-1024x1024.jpeg 1024w, https:\/\/kunstlabor.org\/wp-content\/uploads\/2022\/01\/Kulturzentrum-Muenchen-Kunstlabor2-1-150x150.jpeg 150w, https:\/\/kunstlabor.org\/wp-content\/uploads\/2022\/01\/Kulturzentrum-Muenchen-Kunstlabor2-1-768x769.jpeg 768w, https:\/\/kunstlabor.org\/wp-content\/uploads\/2022\/01\/Kulturzentrum-Muenchen-Kunstlabor2-1.jpeg 1365w\" sizes=\"(max-width: 300px) 100vw, 300px\" \/><\/div><\/a>\n\t\t\t\t<div class=\"elementor-post__text\">\n\t\t\t\t<h3 class=\"elementor-post__title\">\n\t\t\t<a href=\"https:\/\/kunstlabor.org\/en\/das-neue-kunst-kulturzentrum-muenchen-entwurf-seth\/\" >\n\t\t\t\tProtected: The new art &amp; cultural centre in Munich - SETH design\t\t\t<\/a>\n\t\t<\/h3>\n\t\t\t\t<div class=\"elementor-post__excerpt\">\n\t\t\t<p>There is no excerpt because this is a protected post.<\/p>\n\t\t<\/div>\n\t\t\n\t\t<a class=\"elementor-post__read-more\" href=\"https:\/\/kunstlabor.org\/en\/das-neue-kunst-kulturzentrum-muenchen-entwurf-seth\/\" aria-label=\"Read more about Protected: The new art &amp; cultural centre in Munich - SETH design\" tabindex=\"-1\" >\n\t\t\tRead more \"\t\t<\/a>\n\n\t\t\t\t<\/div>\n\t\t\t\t\t<\/div>\n\t\t<\/article>\n\t\t\t\t<article class=\"elementor-post elementor-grid-item post-31416 page type-page status-publish hentry\" role=\"listitem\">\n\t\t\t<div class=\"elementor-post__card\">\n\t\t\t\t<div class=\"elementor-post__text\">\n\t\t\t\t<h3 class=\"elementor-post__title\">\n\t\t\t<a href=\"https:\/\/kunstlabor.org\/en\/kunst-fuer-kinder-muenchen\/\" >\n\t\t\t\tArt for children Munich - Experience SETH's indoor playground\t\t\t<\/a>\n\t\t<\/h3>\n\t\t\t\t<div class=\"elementor-post__excerpt\">\n\t\t\t<p>Art for children in Munich: Join-in exhibition Seth's Spiel(t)r\u00e4ume Art meets playful fun - cross-generational, for the whole family \u201eI want this exhibition to be a journey to our inner child, to our...<\/p>\n\t\t<\/div>\n\t\t\n\t\t<a class=\"elementor-post__read-more\" href=\"https:\/\/kunstlabor.org\/en\/kunst-fuer-kinder-muenchen\/\" aria-label=\"Read more about Art for children Munich - Experience SETH&#039;s indoor playground\" tabindex=\"-1\" >\n\t\t\tRead more \"\t\t<\/a>\n\n\t\t\t\t<\/div>\n\t\t\t\t\t<\/div>\n\t\t<\/article>\n\t\t\t\t<article class=\"elementor-post elementor-grid-item post-30385 page type-page status-publish hentry\" role=\"listitem\">\n\t\t\t<div class=\"elementor-post__card\">\n\t\t\t\t<div class=\"elementor-post__text\">\n\t\t\t\t<h3 class=\"elementor-post__title\">\n\t\t\t<a href=\"https:\/\/kunstlabor.org\/en\/vergangene-pop-up-ausstellungen\/\" >\n\t\t\t\tPast pop-up exhibitions\t\t\t<\/a>\n\t\t<\/h3>\n\t\t\t\t<div class=\"elementor-post__excerpt\">\n\t\t\t<p>Past pop-up exhibitions April 2024 Apr 13 13 April 2024 - 28 April 2024EXHIBITION - A BETTER PLANET, A BETTER WORLDFind out moreMarch 2024 Mar 09 09 March 2024 - 17...<\/p>\n\t\t<\/div>\n\t\t\n\t\t<a class=\"elementor-post__read-more\" href=\"https:\/\/kunstlabor.org\/en\/vergangene-pop-up-ausstellungen\/\" aria-label=\"Read more about Past pop-up exhibitions\" tabindex=\"-1\" >\n\t\t\tRead more \"\t\t<\/a>\n\n\t\t\t\t<\/div>\n\t\t\t\t\t<\/div>\n\t\t<\/article>\n\t\t\t\t<\/div>\n\t\t\n\t\t\t\t\t\t<\/div>\n\t\t\t\t<\/div>\n\t\t\t\t\t<\/div>\n\t\t<\/div>\n\t\t\t\t\t<\/div>\n\t\t<\/section>\n\t\t\t\t\t<\/div>\n\t\t<\/div>\n\t\t\t\t\t<\/div>\n\t\t<\/section>\n\t\t\t\t<\/div>","protected":false},"excerpt":{"rendered":"<p>Dan Rawlings, whose works are currently on show at MUCA, cuts artworks from discarded industrial waste. Every day, we throw away over three million tonnes of waste worldwide. Yet many of the...<\/p>","protected":false},"author":2,"featured_media":24715,"parent":26441,"menu_order":0,"comment_status":"closed","ping_status":"closed","template":"elementor_header_footer","meta":{"_acf_changed":false,"footnotes":""},"class_list":["post-26461","page","type-page","status-publish","has-post-thumbnail","hentry"],"acf":[],"yoast_head":"<!-- This site is optimized with the Yoast SEO plugin v27.3 - https:\/\/yoast.com\/product\/yoast-seo-wordpress\/ -->\n<title>Upcycling Workshop &#8212; Kunstlabor 2<\/title>\n<meta name=\"description\" content=\"In den Upcycling-Workshops im KUNSTLABOR 2 in M\u00fcnchen hauchen wir Verpackungsm\u00fcll neues Leben ein.\" \/>\n<meta name=\"robots\" content=\"index, follow, max-snippet:-1, max-image-preview:large, max-video-preview:-1\" \/>\n<link rel=\"canonical\" href=\"https:\/\/kunstlabor.org\/en\/workshops\/upcycling-workshop\/\" \/>\n<meta property=\"og:locale\" content=\"en_GB\" \/>\n<meta property=\"og:type\" content=\"article\" \/>\n<meta property=\"og:title\" content=\"Upcycling Workshop &#8212; Kunstlabor 2\" \/>\n<meta property=\"og:description\" content=\"In den Upcycling-Workshops im KUNSTLABOR 2 in M\u00fcnchen hauchen wir Verpackungsm\u00fcll neues Leben ein.\" \/>\n<meta property=\"og:url\" content=\"https:\/\/kunstlabor.org\/en\/workshops\/upcycling-workshop\/\" \/>\n<meta property=\"og:site_name\" content=\"Kunstlabor 2\" \/>\n<meta property=\"article:modified_time\" content=\"2023-05-02T08:30:58+00:00\" \/>\n<meta property=\"og:image\" content=\"https:\/\/kunstlabor.org\/wp-content\/uploads\/2021\/09\/Kunstlabor-Adam-Stubley-06-scaled.jpg\" \/>\n\t<meta property=\"og:image:width\" content=\"1707\" \/>\n\t<meta property=\"og:image:height\" content=\"2560\" \/>\n\t<meta property=\"og:image:type\" content=\"image\/jpeg\" \/>\n<meta name=\"twitter:card\" content=\"summary_large_image\" \/>\n<script type=\"application\/ld+json\" class=\"yoast-schema-graph\">{\"@context\":\"https:\\\/\\\/schema.org\",\"@graph\":[{\"@type\":\"WebPage\",\"@id\":\"https:\\\/\\\/kunstlabor.org\\\/workshops\\\/upcycling-workshop\\\/\",\"url\":\"https:\\\/\\\/kunstlabor.org\\\/workshops\\\/upcycling-workshop\\\/\",\"name\":\"Upcycling Workshop &#8212; Kunstlabor 2\",\"isPartOf\":{\"@id\":\"https:\\\/\\\/kunstlabor.org\\\/#website\"},\"primaryImageOfPage\":{\"@id\":\"https:\\\/\\\/kunstlabor.org\\\/workshops\\\/upcycling-workshop\\\/#primaryimage\"},\"image\":{\"@id\":\"https:\\\/\\\/kunstlabor.org\\\/workshops\\\/upcycling-workshop\\\/#primaryimage\"},\"thumbnailUrl\":\"https:\\\/\\\/kunstlabor.org\\\/wp-content\\\/uploads\\\/2021\\\/09\\\/Kunstlabor-Adam-Stubley-06-scaled.jpg\",\"datePublished\":\"2023-02-08T15:28:56+00:00\",\"dateModified\":\"2023-05-02T08:30:58+00:00\",\"description\":\"In den Upcycling-Workshops im KUNSTLABOR 2 in M\u00fcnchen hauchen wir Verpackungsm\u00fcll neues Leben ein.\",\"breadcrumb\":{\"@id\":\"https:\\\/\\\/kunstlabor.org\\\/workshops\\\/upcycling-workshop\\\/#breadcrumb\"},\"inLanguage\":\"en-GB\",\"potentialAction\":[{\"@type\":\"ReadAction\",\"target\":[\"https:\\\/\\\/kunstlabor.org\\\/workshops\\\/upcycling-workshop\\\/\"]}]},{\"@type\":\"ImageObject\",\"inLanguage\":\"en-GB\",\"@id\":\"https:\\\/\\\/kunstlabor.org\\\/workshops\\\/upcycling-workshop\\\/#primaryimage\",\"url\":\"https:\\\/\\\/kunstlabor.org\\\/wp-content\\\/uploads\\\/2021\\\/09\\\/Kunstlabor-Adam-Stubley-06-scaled.jpg\",\"contentUrl\":\"https:\\\/\\\/kunstlabor.org\\\/wp-content\\\/uploads\\\/2021\\\/09\\\/Kunstlabor-Adam-Stubley-06-scaled.jpg\",\"width\":1707,\"height\":2560,\"caption\":\"Kunstlabor-Adam Stubley-06_Upcycling\"},{\"@type\":\"BreadcrumbList\",\"@id\":\"https:\\\/\\\/kunstlabor.org\\\/workshops\\\/upcycling-workshop\\\/#breadcrumb\",\"itemListElement\":[{\"@type\":\"ListItem\",\"position\":1,\"name\":\"Startseite\",\"item\":\"https:\\\/\\\/kunstlabor.org\\\/\"},{\"@type\":\"ListItem\",\"position\":2,\"name\":\"Workshops\",\"item\":\"https:\\\/\\\/kunstlabor.org\\\/workshops\\\/\"},{\"@type\":\"ListItem\",\"position\":3,\"name\":\"Upcycling Workshop\"}]},{\"@type\":\"WebSite\",\"@id\":\"https:\\\/\\\/kunstlabor.org\\\/#website\",\"url\":\"https:\\\/\\\/kunstlabor.org\\\/\",\"name\":\"Kunstlabor 2\",\"description\":\"M\u00fcnchens gr\u00f6\u00dfte Zwischennutzung geht an den Start\",\"publisher\":{\"@id\":\"https:\\\/\\\/kunstlabor.org\\\/#organization\"},\"potentialAction\":[{\"@type\":\"SearchAction\",\"target\":{\"@type\":\"EntryPoint\",\"urlTemplate\":\"https:\\\/\\\/kunstlabor.org\\\/?s={search_term_string}\"},\"query-input\":{\"@type\":\"PropertyValueSpecification\",\"valueRequired\":true,\"valueName\":\"search_term_string\"}}],\"inLanguage\":\"en-GB\"},{\"@type\":\"Organization\",\"@id\":\"https:\\\/\\\/kunstlabor.org\\\/#organization\",\"name\":\"Kunstlabor\",\"url\":\"https:\\\/\\\/kunstlabor.org\\\/\",\"logo\":{\"@type\":\"ImageObject\",\"inLanguage\":\"en-GB\",\"@id\":\"https:\\\/\\\/kunstlabor.org\\\/#\\\/schema\\\/logo\\\/image\\\/\",\"url\":\"https:\\\/\\\/kunstlabor.org\\\/wp-content\\\/uploads\\\/2021\\\/05\\\/logo.png\",\"contentUrl\":\"https:\\\/\\\/kunstlabor.org\\\/wp-content\\\/uploads\\\/2021\\\/05\\\/logo.png\",\"width\":490,\"height\":260,\"caption\":\"Kunstlabor\"},\"image\":{\"@id\":\"https:\\\/\\\/kunstlabor.org\\\/#\\\/schema\\\/logo\\\/image\\\/\"}}]}<\/script>\n<!-- \/ Yoast SEO plugin. -->","yoast_head_json":{"title":"Upcycling Workshop - Art Lab 2","description":"In the upcycling workshops at KUNSTLABOR 2 in Munich, we breathe new life into packaging waste.","robots":{"index":"index","follow":"follow","max-snippet":"max-snippet:-1","max-image-preview":"max-image-preview:large","max-video-preview":"max-video-preview:-1"},"canonical":"https:\/\/kunstlabor.org\/en\/workshops\/upcycling-workshop\/","og_locale":"en_GB","og_type":"article","og_title":"Upcycling Workshop &#8212; Kunstlabor 2","og_description":"In den Upcycling-Workshops im KUNSTLABOR 2 in M\u00fcnchen hauchen wir Verpackungsm\u00fcll neues Leben ein.","og_url":"https:\/\/kunstlabor.org\/en\/workshops\/upcycling-workshop\/","og_site_name":"Kunstlabor 2","article_modified_time":"2023-05-02T08:30:58+00:00","og_image":[{"width":1707,"height":2560,"url":"https:\/\/kunstlabor.org\/wp-content\/uploads\/2021\/09\/Kunstlabor-Adam-Stubley-06-scaled.jpg","type":"image\/jpeg"}],"twitter_card":"summary_large_image","schema":{"@context":"https:\/\/schema.org","@graph":[{"@type":"WebPage","@id":"https:\/\/kunstlabor.org\/workshops\/upcycling-workshop\/","url":"https:\/\/kunstlabor.org\/workshops\/upcycling-workshop\/","name":"Upcycling Workshop - Art Lab 2","isPartOf":{"@id":"https:\/\/kunstlabor.org\/#website"},"primaryImageOfPage":{"@id":"https:\/\/kunstlabor.org\/workshops\/upcycling-workshop\/#primaryimage"},"image":{"@id":"https:\/\/kunstlabor.org\/workshops\/upcycling-workshop\/#primaryimage"},"thumbnailUrl":"https:\/\/kunstlabor.org\/wp-content\/uploads\/2021\/09\/Kunstlabor-Adam-Stubley-06-scaled.jpg","datePublished":"2023-02-08T15:28:56+00:00","dateModified":"2023-05-02T08:30:58+00:00","description":"In the upcycling workshops at KUNSTLABOR 2 in Munich, we breathe new life into packaging waste.","breadcrumb":{"@id":"https:\/\/kunstlabor.org\/workshops\/upcycling-workshop\/#breadcrumb"},"inLanguage":"en-GB","potentialAction":[{"@type":"ReadAction","target":["https:\/\/kunstlabor.org\/workshops\/upcycling-workshop\/"]}]},{"@type":"ImageObject","inLanguage":"en-GB","@id":"https:\/\/kunstlabor.org\/workshops\/upcycling-workshop\/#primaryimage","url":"https:\/\/kunstlabor.org\/wp-content\/uploads\/2021\/09\/Kunstlabor-Adam-Stubley-06-scaled.jpg","contentUrl":"https:\/\/kunstlabor.org\/wp-content\/uploads\/2021\/09\/Kunstlabor-Adam-Stubley-06-scaled.jpg","width":1707,"height":2560,"caption":"Kunstlabor-Adam Stubley-06_Upcycling"},{"@type":"BreadcrumbList","@id":"https:\/\/kunstlabor.org\/workshops\/upcycling-workshop\/#breadcrumb","itemListElement":[{"@type":"ListItem","position":1,"name":"Startseite","item":"https:\/\/kunstlabor.org\/"},{"@type":"ListItem","position":2,"name":"Workshops","item":"https:\/\/kunstlabor.org\/workshops\/"},{"@type":"ListItem","position":3,"name":"Upcycling Workshop"}]},{"@type":"WebSite","@id":"https:\/\/kunstlabor.org\/#website","url":"https:\/\/kunstlabor.org\/","name":"Kunstlabor 2","description":"Munich's largest interim use gets underway","publisher":{"@id":"https:\/\/kunstlabor.org\/#organization"},"potentialAction":[{"@type":"SearchAction","target":{"@type":"EntryPoint","urlTemplate":"https:\/\/kunstlabor.org\/?s={search_term_string}"},"query-input":{"@type":"PropertyValueSpecification","valueRequired":true,"valueName":"search_term_string"}}],"inLanguage":"en-GB"},{"@type":"Organization","@id":"https:\/\/kunstlabor.org\/#organization","name":"Art Lab","url":"https:\/\/kunstlabor.org\/","logo":{"@type":"ImageObject","inLanguage":"en-GB","@id":"https:\/\/kunstlabor.org\/#\/schema\/logo\/image\/","url":"https:\/\/kunstlabor.org\/wp-content\/uploads\/2021\/05\/logo.png","contentUrl":"https:\/\/kunstlabor.org\/wp-content\/uploads\/2021\/05\/logo.png","width":490,"height":260,"caption":"Kunstlabor"},"image":{"@id":"https:\/\/kunstlabor.org\/#\/schema\/logo\/image\/"}}]}},"_links":{"self":[{"href":"https:\/\/kunstlabor.org\/en\/wp-json\/wp\/v2\/pages\/26461","targetHints":{"allow":["GET"]}}],"collection":[{"href":"https:\/\/kunstlabor.org\/en\/wp-json\/wp\/v2\/pages"}],"about":[{"href":"https:\/\/kunstlabor.org\/en\/wp-json\/wp\/v2\/types\/page"}],"author":[{"embeddable":true,"href":"https:\/\/kunstlabor.org\/en\/wp-json\/wp\/v2\/users\/2"}],"replies":[{"embeddable":true,"href":"https:\/\/kunstlabor.org\/en\/wp-json\/wp\/v2\/comments?post=26461"}],"version-history":[{"count":62,"href":"https:\/\/kunstlabor.org\/en\/wp-json\/wp\/v2\/pages\/26461\/revisions"}],"predecessor-version":[{"id":27664,"href":"https:\/\/kunstlabor.org\/en\/wp-json\/wp\/v2\/pages\/26461\/revisions\/27664"}],"up":[{"embeddable":true,"href":"https:\/\/kunstlabor.org\/en\/wp-json\/wp\/v2\/pages\/26441"}],"wp:featuredmedia":[{"embeddable":true,"href":"https:\/\/kunstlabor.org\/en\/wp-json\/wp\/v2\/media\/24715"}],"wp:attachment":[{"href":"https:\/\/kunstlabor.org\/en\/wp-json\/wp\/v2\/media?parent=26461"}],"curies":[{"name":"wp","href":"https:\/\/api.w.org\/{rel}","templated":true}]}}