{"id":25018,"date":"2022-02-21T17:41:05","date_gmt":"2022-02-21T16:41:05","guid":{"rendered":"https:\/\/kunstlabor.org\/newsletter\/"},"modified":"2024-02-06T14:01:21","modified_gmt":"2024-02-06T13:01:21","slug":"newsletter","status":"publish","type":"page","link":"https:\/\/kunstlabor.org\/en\/newsletter\/","title":{"rendered":"Newsletter"},"content":{"rendered":"<div data-elementor-type=\"wp-page\" data-elementor-id=\"25018\" class=\"elementor elementor-25018\" data-elementor-post-type=\"page\">\n\t\t\t\t\t\t<section class=\"elementor-section elementor-top-section elementor-element elementor-element-cfe94c8 elementor-section-boxed elementor-section-height-default elementor-section-height-default\" data-id=\"cfe94c8\" data-element_type=\"section\" data-e-type=\"section\">\n\t\t\t\t\t\t<div class=\"elementor-container elementor-column-gap-default\">\n\t\t\t\t\t<div class=\"elementor-column elementor-col-100 elementor-top-column elementor-element elementor-element-2b97482f\" data-id=\"2b97482f\" data-element_type=\"column\" data-e-type=\"column\">\n\t\t\t<div class=\"elementor-widget-wrap elementor-element-populated\">\n\t\t\t\t\t\t<div class=\"elementor-element elementor-element-5ed0528 elementor-widget elementor-widget-heading\" data-id=\"5ed0528\" data-element_type=\"widget\" data-e-type=\"widget\" data-widget_type=\"heading.default\">\n\t\t\t\t<div class=\"elementor-widget-container\">\n\t\t\t\t\t<h2 class=\"elementor-heading-title elementor-size-default\">Newsletter<\/h2>\t\t\t\t<\/div>\n\t\t\t\t<\/div>\n\t\t\t\t<div class=\"elementor-element elementor-element-74acc6f elementor-widget elementor-widget-text-editor\" data-id=\"74acc6f\" data-element_type=\"widget\" data-e-type=\"widget\" data-widget_type=\"text-editor.default\">\n\t\t\t\t<div class=\"elementor-widget-container\">\n\t\t\t\t\t\t\t\t\t<p>In our newsletter you will regularly receive information about our exhibitions, projects and events.<\/p>\t\t\t\t\t\t\t\t<\/div>\n\t\t\t\t<\/div>\n\t\t\t\t<div class=\"elementor-element elementor-element-2a6d9506 elementor-widget elementor-widget-text-editor\" data-id=\"2a6d9506\" data-element_type=\"widget\" data-e-type=\"widget\" data-widget_type=\"text-editor.default\">\n\t\t\t\t<div class=\"elementor-widget-container\">\n\t\t\t\t\t\t\t\t\t<p><div class=\"tnp tnp-subscription\">\n<form method=\"post\" action=\"https:\/\/kunstlabor.org\/wp-admin\/admin-ajax.php?action=tnp&amp;na=s\">\n<input type=\"hidden\" name=\"nlang\" value=\"\">\n<div class=\"tnp-field tnp-field-firstname\"><label for=\"tnp-1\">First name or full name<\/label>\n<input class=\"tnp-name\" type=\"text\" name=\"nn\" id=\"tnp-1\" value=\"\" placeholder=\"\"><\/div>\n<div class=\"tnp-field tnp-field-email\"><label for=\"tnp-2\">Email<\/label>\n<input class=\"tnp-email\" type=\"email\" name=\"ne\" id=\"tnp-2\" value=\"\" placeholder=\"\" required><\/div>\n<div class=\"tnp-field tnp-privacy-field\"><label><input type=\"checkbox\" name=\"ny\" required class=\"tnp-privacy\"> By continuing, you accept our privacy policy.<\/label><\/div><div class=\"tnp-field tnp-field-button\" style=\"text-align: left\"><input class=\"tnp-submit\" type=\"submit\" value=\"Subscribe\" style=\"\">\n<\/div>\n<\/form>\n<\/div>\n<\/p>\t\t\t\t\t\t\t\t<\/div>\n\t\t\t\t<\/div>\n\t\t\t\t\t<\/div>\n\t\t<\/div>\n\t\t\t\t\t<\/div>\n\t\t<\/section>\n\t\t\t\t<\/div>","protected":false},"excerpt":{"rendered":"<p>In our newsletter you will regularly receive information about our exhibitions, projects and events.<\/p>","protected":false},"author":2,"featured_media":0,"parent":0,"menu_order":0,"comment_status":"closed","ping_status":"closed","template":"elementor_header_footer","meta":{"_acf_changed":false,"footnotes":""},"class_list":["post-25018","page","type-page","status-publish","hentry"],"acf":[],"yoast_head":"<!-- This site is optimized with the Yoast SEO plugin v27.3 - https:\/\/yoast.com\/product\/yoast-seo-wordpress\/ -->\n<title>Newsletter &#8212; Kunstlabor 2<\/title>\n<meta name=\"robots\" content=\"index, follow, max-snippet:-1, max-image-preview:large, max-video-preview:-1\" \/>\n<link rel=\"canonical\" href=\"https:\/\/kunstlabor.org\/en\/newsletter\/\" \/>\n<meta property=\"og:locale\" content=\"en_GB\" \/>\n<meta property=\"og:type\" content=\"article\" \/>\n<meta property=\"og:title\" content=\"Newsletter &#8212; Kunstlabor 2\" \/>\n<meta property=\"og:description\" content=\"In unserem Newsletter erh\u00e4lst Du regelm\u00e4\u00dfig Informationen zu unseren Ausstellungen, Projekten und Veranstaltungen.\" \/>\n<meta property=\"og:url\" content=\"https:\/\/kunstlabor.org\/en\/newsletter\/\" \/>\n<meta property=\"og:site_name\" content=\"Kunstlabor 2\" \/>\n<meta property=\"article:modified_time\" content=\"2024-02-06T13:01:21+00:00\" \/>\n<meta name=\"twitter:card\" content=\"summary_large_image\" \/>\n<script type=\"application\/ld+json\" class=\"yoast-schema-graph\">{\"@context\":\"https:\\\/\\\/schema.org\",\"@graph\":[{\"@type\":\"WebPage\",\"@id\":\"https:\\\/\\\/kunstlabor.org\\\/newsletter\\\/\",\"url\":\"https:\\\/\\\/kunstlabor.org\\\/newsletter\\\/\",\"name\":\"Newsletter &#8212; Kunstlabor 2\",\"isPartOf\":{\"@id\":\"https:\\\/\\\/kunstlabor.org\\\/#website\"},\"datePublished\":\"2022-02-21T16:41:05+00:00\",\"dateModified\":\"2024-02-06T13:01:21+00:00\",\"breadcrumb\":{\"@id\":\"https:\\\/\\\/kunstlabor.org\\\/newsletter\\\/#breadcrumb\"},\"inLanguage\":\"en-GB\",\"potentialAction\":[{\"@type\":\"ReadAction\",\"target\":[\"https:\\\/\\\/kunstlabor.org\\\/newsletter\\\/\"]}]},{\"@type\":\"BreadcrumbList\",\"@id\":\"https:\\\/\\\/kunstlabor.org\\\/newsletter\\\/#breadcrumb\",\"itemListElement\":[{\"@type\":\"ListItem\",\"position\":1,\"name\":\"Startseite\",\"item\":\"https:\\\/\\\/kunstlabor.org\\\/\"},{\"@type\":\"ListItem\",\"position\":2,\"name\":\"Newsletter\"}]},{\"@type\":\"WebSite\",\"@id\":\"https:\\\/\\\/kunstlabor.org\\\/#website\",\"url\":\"https:\\\/\\\/kunstlabor.org\\\/\",\"name\":\"Kunstlabor 2\",\"description\":\"M\u00fcnchens gr\u00f6\u00dfte Zwischennutzung geht an den Start\",\"publisher\":{\"@id\":\"https:\\\/\\\/kunstlabor.org\\\/#organization\"},\"potentialAction\":[{\"@type\":\"SearchAction\",\"target\":{\"@type\":\"EntryPoint\",\"urlTemplate\":\"https:\\\/\\\/kunstlabor.org\\\/?s={search_term_string}\"},\"query-input\":{\"@type\":\"PropertyValueSpecification\",\"valueRequired\":true,\"valueName\":\"search_term_string\"}}],\"inLanguage\":\"en-GB\"},{\"@type\":\"Organization\",\"@id\":\"https:\\\/\\\/kunstlabor.org\\\/#organization\",\"name\":\"Kunstlabor\",\"url\":\"https:\\\/\\\/kunstlabor.org\\\/\",\"logo\":{\"@type\":\"ImageObject\",\"inLanguage\":\"en-GB\",\"@id\":\"https:\\\/\\\/kunstlabor.org\\\/#\\\/schema\\\/logo\\\/image\\\/\",\"url\":\"https:\\\/\\\/kunstlabor.org\\\/wp-content\\\/uploads\\\/2021\\\/05\\\/logo.png\",\"contentUrl\":\"https:\\\/\\\/kunstlabor.org\\\/wp-content\\\/uploads\\\/2021\\\/05\\\/logo.png\",\"width\":490,\"height\":260,\"caption\":\"Kunstlabor\"},\"image\":{\"@id\":\"https:\\\/\\\/kunstlabor.org\\\/#\\\/schema\\\/logo\\\/image\\\/\"}}]}<\/script>\n<!-- \/ Yoast SEO plugin. -->","yoast_head_json":{"title":"Newsletter - Art Lab 2","robots":{"index":"index","follow":"follow","max-snippet":"max-snippet:-1","max-image-preview":"max-image-preview:large","max-video-preview":"max-video-preview:-1"},"canonical":"https:\/\/kunstlabor.org\/en\/newsletter\/","og_locale":"en_GB","og_type":"article","og_title":"Newsletter &#8212; Kunstlabor 2","og_description":"In unserem Newsletter erh\u00e4lst Du regelm\u00e4\u00dfig Informationen zu unseren Ausstellungen, Projekten und Veranstaltungen.","og_url":"https:\/\/kunstlabor.org\/en\/newsletter\/","og_site_name":"Kunstlabor 2","article_modified_time":"2024-02-06T13:01:21+00:00","twitter_card":"summary_large_image","schema":{"@context":"https:\/\/schema.org","@graph":[{"@type":"WebPage","@id":"https:\/\/kunstlabor.org\/newsletter\/","url":"https:\/\/kunstlabor.org\/newsletter\/","name":"Newsletter - Art Lab 2","isPartOf":{"@id":"https:\/\/kunstlabor.org\/#website"},"datePublished":"2022-02-21T16:41:05+00:00","dateModified":"2024-02-06T13:01:21+00:00","breadcrumb":{"@id":"https:\/\/kunstlabor.org\/newsletter\/#breadcrumb"},"inLanguage":"en-GB","potentialAction":[{"@type":"ReadAction","target":["https:\/\/kunstlabor.org\/newsletter\/"]}]},{"@type":"BreadcrumbList","@id":"https:\/\/kunstlabor.org\/newsletter\/#breadcrumb","itemListElement":[{"@type":"ListItem","position":1,"name":"Startseite","item":"https:\/\/kunstlabor.org\/"},{"@type":"ListItem","position":2,"name":"Newsletter"}]},{"@type":"WebSite","@id":"https:\/\/kunstlabor.org\/#website","url":"https:\/\/kunstlabor.org\/","name":"Kunstlabor 2","description":"Munich's largest interim use gets underway","publisher":{"@id":"https:\/\/kunstlabor.org\/#organization"},"potentialAction":[{"@type":"SearchAction","target":{"@type":"EntryPoint","urlTemplate":"https:\/\/kunstlabor.org\/?s={search_term_string}"},"query-input":{"@type":"PropertyValueSpecification","valueRequired":true,"valueName":"search_term_string"}}],"inLanguage":"en-GB"},{"@type":"Organization","@id":"https:\/\/kunstlabor.org\/#organization","name":"Art Lab","url":"https:\/\/kunstlabor.org\/","logo":{"@type":"ImageObject","inLanguage":"en-GB","@id":"https:\/\/kunstlabor.org\/#\/schema\/logo\/image\/","url":"https:\/\/kunstlabor.org\/wp-content\/uploads\/2021\/05\/logo.png","contentUrl":"https:\/\/kunstlabor.org\/wp-content\/uploads\/2021\/05\/logo.png","width":490,"height":260,"caption":"Kunstlabor"},"image":{"@id":"https:\/\/kunstlabor.org\/#\/schema\/logo\/image\/"}}]}},"_links":{"self":[{"href":"https:\/\/kunstlabor.org\/en\/wp-json\/wp\/v2\/pages\/25018","targetHints":{"allow":["GET"]}}],"collection":[{"href":"https:\/\/kunstlabor.org\/en\/wp-json\/wp\/v2\/pages"}],"about":[{"href":"https:\/\/kunstlabor.org\/en\/wp-json\/wp\/v2\/types\/page"}],"author":[{"embeddable":true,"href":"https:\/\/kunstlabor.org\/en\/wp-json\/wp\/v2\/users\/2"}],"replies":[{"embeddable":true,"href":"https:\/\/kunstlabor.org\/en\/wp-json\/wp\/v2\/comments?post=25018"}],"version-history":[{"count":6,"href":"https:\/\/kunstlabor.org\/en\/wp-json\/wp\/v2\/pages\/25018\/revisions"}],"predecessor-version":[{"id":29402,"href":"https:\/\/kunstlabor.org\/en\/wp-json\/wp\/v2\/pages\/25018\/revisions\/29402"}],"wp:attachment":[{"href":"https:\/\/kunstlabor.org\/en\/wp-json\/wp\/v2\/media?parent=25018"}],"curies":[{"name":"wp","href":"https:\/\/api.w.org\/{rel}","templated":true}]}}