{"id":209,"date":"2021-05-06T11:04:27","date_gmt":"2021-05-06T09:04:27","guid":{"rendered":"https:\/\/kunstlabor2.inbearbeitung.de\/?page_id=209"},"modified":"2024-02-21T10:10:46","modified_gmt":"2024-02-21T09:10:46","slug":"anfahrt","status":"publish","type":"page","link":"https:\/\/kunstlabor.org\/en\/anfahrt\/","title":{"rendered":"Directions"},"content":{"rendered":"<div data-elementor-type=\"wp-page\" data-elementor-id=\"209\" class=\"elementor elementor-209\" data-elementor-post-type=\"page\">\n\t\t\t\t\t\t<section class=\"elementor-section elementor-top-section elementor-element elementor-element-85dc6de elementor-section-full_width elementor-section-height-default elementor-section-height-default\" data-id=\"85dc6de\" data-element_type=\"section\" data-e-type=\"section\">\n\t\t\t\t\t\t<div class=\"elementor-container elementor-column-gap-default\">\n\t\t\t\t\t<div class=\"elementor-column elementor-col-50 elementor-top-column elementor-element elementor-element-fec2855\" data-id=\"fec2855\" data-element_type=\"column\" data-e-type=\"column\">\n\t\t\t<div class=\"elementor-widget-wrap elementor-element-populated\">\n\t\t\t\t\t\t<div class=\"elementor-element elementor-element-bd08498 elementor-widget__width-inherit elementor-widget elementor-widget-image\" data-id=\"bd08498\" data-element_type=\"widget\" data-e-type=\"widget\" data-widget_type=\"image.default\">\n\t\t\t\t<div class=\"elementor-widget-container\">\n\t\t\t\t\t\t\t\t\t\t\t\t\t\t\t<img fetchpriority=\"high\" decoding=\"async\" width=\"2500\" height=\"1668\" src=\"https:\/\/kunstlabor.org\/wp-content\/uploads\/2021\/05\/Muca_KL2-04423.jpg\" class=\"attachment-full size-full wp-image-78\" alt=\"\" srcset=\"https:\/\/kunstlabor.org\/wp-content\/uploads\/2021\/05\/Muca_KL2-04423.jpg 2500w, https:\/\/kunstlabor.org\/wp-content\/uploads\/2021\/05\/Muca_KL2-04423-300x200.jpg 300w, https:\/\/kunstlabor.org\/wp-content\/uploads\/2021\/05\/Muca_KL2-04423-1024x683.jpg 1024w, https:\/\/kunstlabor.org\/wp-content\/uploads\/2021\/05\/Muca_KL2-04423-768x512.jpg 768w, https:\/\/kunstlabor.org\/wp-content\/uploads\/2021\/05\/Muca_KL2-04423-1536x1025.jpg 1536w, https:\/\/kunstlabor.org\/wp-content\/uploads\/2021\/05\/Muca_KL2-04423-2048x1366.jpg 2048w\" sizes=\"(max-width: 2500px) 100vw, 2500px\" \/>\t\t\t\t\t\t\t\t\t\t\t\t\t\t\t<\/div>\n\t\t\t\t<\/div>\n\t\t\t\t\t<\/div>\n\t\t<\/div>\n\t\t\t\t<div class=\"elementor-column elementor-col-50 elementor-top-column elementor-element elementor-element-25b2d2c\" data-id=\"25b2d2c\" data-element_type=\"column\" data-e-type=\"column\">\n\t\t\t<div class=\"elementor-widget-wrap elementor-element-populated\">\n\t\t\t\t\t\t<div class=\"elementor-element elementor-element-0c612b2 elementor-widget elementor-widget-heading\" data-id=\"0c612b2\" data-element_type=\"widget\" data-e-type=\"widget\" data-widget_type=\"heading.default\">\n\t\t\t\t<div class=\"elementor-widget-container\">\n\t\t\t\t\t<h2 class=\"elementor-heading-title elementor-size-default\">Directions<\/h2>\t\t\t\t<\/div>\n\t\t\t\t<\/div>\n\t\t\t\t<div class=\"elementor-element elementor-element-1a70486 elementor-widget elementor-widget-text-editor\" data-id=\"1a70486\" data-element_type=\"widget\" data-e-type=\"widget\" data-widget_type=\"text-editor.default\">\n\t\t\t\t<div class=\"elementor-widget-container\">\n\t\t\t\t\t\t\t\t\t<p>KUNSTLABOR 2 is located in the former health house at Dachauer Stra\u00dfe 90.<\/p><p>The \"Sandstra\u00dfe\" tram stop (line 20\/21) is right outside the door. The underground station \"Stiglmaierplatz\" (line U1\/U7) is a two-minute walk away, the Theresienstra\u00dfe station (U2) is also only a six-minute walk away.<\/p><p>Both the old town and the Kunstareal Munich are just a few minutes' walk away.<\/p><p>Public car parks are available along Dachauer Strasse and Ma\u00dfmann Strasse.<\/p><p>KUNSTLABOR 2 is barrier-free.<\/p><p><a href=\"https:\/\/goo.gl\/maps\/wBS1chmg8DN64fG87\">&gt; Google Maps<\/a><\/p>\t\t\t\t\t\t\t\t<\/div>\n\t\t\t\t<\/div>\n\t\t\t\t\t<\/div>\n\t\t<\/div>\n\t\t\t\t\t<\/div>\n\t\t<\/section>\n\t\t\t\t<\/div>","protected":false},"excerpt":{"rendered":"<p>Directions KUNSTLABOR 2 is located in the former health centre at Dachauer Stra\u00dfe 90, with the tram station \"Sandstra\u00dfe\" (line 20\/21) right outside the door. The underground station \"Stiglmaierplatz\" (line U1\/U7)...<\/p>","protected":false},"author":3,"featured_media":0,"parent":0,"menu_order":0,"comment_status":"closed","ping_status":"closed","template":"elementor_header_footer","meta":{"_acf_changed":false,"footnotes":""},"class_list":["post-209","page","type-page","status-publish","hentry"],"acf":[],"yoast_head":"<!-- This site is optimized with the Yoast SEO plugin v27.3 - https:\/\/yoast.com\/product\/yoast-seo-wordpress\/ -->\n<title>Anfahrt &#8212; Kunstlabor 2<\/title>\n<meta name=\"robots\" content=\"index, follow, max-snippet:-1, max-image-preview:large, max-video-preview:-1\" \/>\n<link rel=\"canonical\" href=\"https:\/\/kunstlabor.org\/en\/anfahrt\/\" \/>\n<meta property=\"og:locale\" content=\"en_GB\" \/>\n<meta property=\"og:type\" content=\"article\" \/>\n<meta property=\"og:title\" content=\"Anfahrt &#8212; Kunstlabor 2\" \/>\n<meta property=\"og:description\" content=\"Anfahrt Das KUNSTLABOR 2 befindet sich im ehemaligen Gesundheitshaus an der Dachauer Stra\u00dfe 90. Die Tramstation &#8222;Sandstra\u00dfe&#8220; (Linie 20\/21) liegt direkt vor der T\u00fcre. Die U-Bahn Station &#8222;Stiglmaierplatz&#8220; (Linie U1\/U7)...\" \/>\n<meta property=\"og:url\" content=\"https:\/\/kunstlabor.org\/en\/anfahrt\/\" \/>\n<meta property=\"og:site_name\" content=\"Kunstlabor 2\" \/>\n<meta property=\"article:modified_time\" content=\"2024-02-21T09:10:46+00:00\" \/>\n<meta property=\"og:image\" content=\"https:\/\/kunstlabor.org\/wp-content\/uploads\/2021\/05\/Muca_KL2-04423.jpg\" \/>\n<meta name=\"twitter:card\" content=\"summary_large_image\" \/>\n<script type=\"application\/ld+json\" class=\"yoast-schema-graph\">{\"@context\":\"https:\\\/\\\/schema.org\",\"@graph\":[{\"@type\":\"WebPage\",\"@id\":\"https:\\\/\\\/kunstlabor.org\\\/anfahrt\\\/\",\"url\":\"https:\\\/\\\/kunstlabor.org\\\/anfahrt\\\/\",\"name\":\"Anfahrt &#8212; Kunstlabor 2\",\"isPartOf\":{\"@id\":\"https:\\\/\\\/kunstlabor.org\\\/#website\"},\"primaryImageOfPage\":{\"@id\":\"https:\\\/\\\/kunstlabor.org\\\/anfahrt\\\/#primaryimage\"},\"image\":{\"@id\":\"https:\\\/\\\/kunstlabor.org\\\/anfahrt\\\/#primaryimage\"},\"thumbnailUrl\":\"https:\\\/\\\/kunstlabor.org\\\/wp-content\\\/uploads\\\/2021\\\/05\\\/Muca_KL2-04423.jpg\",\"datePublished\":\"2021-05-06T09:04:27+00:00\",\"dateModified\":\"2024-02-21T09:10:46+00:00\",\"breadcrumb\":{\"@id\":\"https:\\\/\\\/kunstlabor.org\\\/anfahrt\\\/#breadcrumb\"},\"inLanguage\":\"en-GB\",\"potentialAction\":[{\"@type\":\"ReadAction\",\"target\":[\"https:\\\/\\\/kunstlabor.org\\\/anfahrt\\\/\"]}]},{\"@type\":\"ImageObject\",\"inLanguage\":\"en-GB\",\"@id\":\"https:\\\/\\\/kunstlabor.org\\\/anfahrt\\\/#primaryimage\",\"url\":\"https:\\\/\\\/kunstlabor.org\\\/wp-content\\\/uploads\\\/2021\\\/05\\\/Muca_KL2-04423.jpg\",\"contentUrl\":\"https:\\\/\\\/kunstlabor.org\\\/wp-content\\\/uploads\\\/2021\\\/05\\\/Muca_KL2-04423.jpg\"},{\"@type\":\"BreadcrumbList\",\"@id\":\"https:\\\/\\\/kunstlabor.org\\\/anfahrt\\\/#breadcrumb\",\"itemListElement\":[{\"@type\":\"ListItem\",\"position\":1,\"name\":\"Startseite\",\"item\":\"https:\\\/\\\/kunstlabor.org\\\/\"},{\"@type\":\"ListItem\",\"position\":2,\"name\":\"Anfahrt\"}]},{\"@type\":\"WebSite\",\"@id\":\"https:\\\/\\\/kunstlabor.org\\\/#website\",\"url\":\"https:\\\/\\\/kunstlabor.org\\\/\",\"name\":\"Kunstlabor 2\",\"description\":\"M\u00fcnchens gr\u00f6\u00dfte Zwischennutzung geht an den Start\",\"publisher\":{\"@id\":\"https:\\\/\\\/kunstlabor.org\\\/#organization\"},\"potentialAction\":[{\"@type\":\"SearchAction\",\"target\":{\"@type\":\"EntryPoint\",\"urlTemplate\":\"https:\\\/\\\/kunstlabor.org\\\/?s={search_term_string}\"},\"query-input\":{\"@type\":\"PropertyValueSpecification\",\"valueRequired\":true,\"valueName\":\"search_term_string\"}}],\"inLanguage\":\"en-GB\"},{\"@type\":\"Organization\",\"@id\":\"https:\\\/\\\/kunstlabor.org\\\/#organization\",\"name\":\"Kunstlabor\",\"url\":\"https:\\\/\\\/kunstlabor.org\\\/\",\"logo\":{\"@type\":\"ImageObject\",\"inLanguage\":\"en-GB\",\"@id\":\"https:\\\/\\\/kunstlabor.org\\\/#\\\/schema\\\/logo\\\/image\\\/\",\"url\":\"https:\\\/\\\/kunstlabor.org\\\/wp-content\\\/uploads\\\/2021\\\/05\\\/logo.png\",\"contentUrl\":\"https:\\\/\\\/kunstlabor.org\\\/wp-content\\\/uploads\\\/2021\\\/05\\\/logo.png\",\"width\":490,\"height\":260,\"caption\":\"Kunstlabor\"},\"image\":{\"@id\":\"https:\\\/\\\/kunstlabor.org\\\/#\\\/schema\\\/logo\\\/image\\\/\"}}]}<\/script>\n<!-- \/ Yoast SEO plugin. -->","yoast_head_json":{"title":"Directions - Art Lab 2","robots":{"index":"index","follow":"follow","max-snippet":"max-snippet:-1","max-image-preview":"max-image-preview:large","max-video-preview":"max-video-preview:-1"},"canonical":"https:\/\/kunstlabor.org\/en\/anfahrt\/","og_locale":"en_GB","og_type":"article","og_title":"Anfahrt &#8212; Kunstlabor 2","og_description":"Anfahrt Das KUNSTLABOR 2 befindet sich im ehemaligen Gesundheitshaus an der Dachauer Stra\u00dfe 90. Die Tramstation &#8222;Sandstra\u00dfe&#8220; (Linie 20\/21) liegt direkt vor der T\u00fcre. Die U-Bahn Station &#8222;Stiglmaierplatz&#8220; (Linie U1\/U7)...","og_url":"https:\/\/kunstlabor.org\/en\/anfahrt\/","og_site_name":"Kunstlabor 2","article_modified_time":"2024-02-21T09:10:46+00:00","og_image":[{"url":"https:\/\/kunstlabor.org\/wp-content\/uploads\/2021\/05\/Muca_KL2-04423.jpg","type":"","width":"","height":""}],"twitter_card":"summary_large_image","schema":{"@context":"https:\/\/schema.org","@graph":[{"@type":"WebPage","@id":"https:\/\/kunstlabor.org\/anfahrt\/","url":"https:\/\/kunstlabor.org\/anfahrt\/","name":"Directions - Art Lab 2","isPartOf":{"@id":"https:\/\/kunstlabor.org\/#website"},"primaryImageOfPage":{"@id":"https:\/\/kunstlabor.org\/anfahrt\/#primaryimage"},"image":{"@id":"https:\/\/kunstlabor.org\/anfahrt\/#primaryimage"},"thumbnailUrl":"https:\/\/kunstlabor.org\/wp-content\/uploads\/2021\/05\/Muca_KL2-04423.jpg","datePublished":"2021-05-06T09:04:27+00:00","dateModified":"2024-02-21T09:10:46+00:00","breadcrumb":{"@id":"https:\/\/kunstlabor.org\/anfahrt\/#breadcrumb"},"inLanguage":"en-GB","potentialAction":[{"@type":"ReadAction","target":["https:\/\/kunstlabor.org\/anfahrt\/"]}]},{"@type":"ImageObject","inLanguage":"en-GB","@id":"https:\/\/kunstlabor.org\/anfahrt\/#primaryimage","url":"https:\/\/kunstlabor.org\/wp-content\/uploads\/2021\/05\/Muca_KL2-04423.jpg","contentUrl":"https:\/\/kunstlabor.org\/wp-content\/uploads\/2021\/05\/Muca_KL2-04423.jpg"},{"@type":"BreadcrumbList","@id":"https:\/\/kunstlabor.org\/anfahrt\/#breadcrumb","itemListElement":[{"@type":"ListItem","position":1,"name":"Startseite","item":"https:\/\/kunstlabor.org\/"},{"@type":"ListItem","position":2,"name":"Anfahrt"}]},{"@type":"WebSite","@id":"https:\/\/kunstlabor.org\/#website","url":"https:\/\/kunstlabor.org\/","name":"Kunstlabor 2","description":"Munich's largest interim use gets underway","publisher":{"@id":"https:\/\/kunstlabor.org\/#organization"},"potentialAction":[{"@type":"SearchAction","target":{"@type":"EntryPoint","urlTemplate":"https:\/\/kunstlabor.org\/?s={search_term_string}"},"query-input":{"@type":"PropertyValueSpecification","valueRequired":true,"valueName":"search_term_string"}}],"inLanguage":"en-GB"},{"@type":"Organization","@id":"https:\/\/kunstlabor.org\/#organization","name":"Art Lab","url":"https:\/\/kunstlabor.org\/","logo":{"@type":"ImageObject","inLanguage":"en-GB","@id":"https:\/\/kunstlabor.org\/#\/schema\/logo\/image\/","url":"https:\/\/kunstlabor.org\/wp-content\/uploads\/2021\/05\/logo.png","contentUrl":"https:\/\/kunstlabor.org\/wp-content\/uploads\/2021\/05\/logo.png","width":490,"height":260,"caption":"Kunstlabor"},"image":{"@id":"https:\/\/kunstlabor.org\/#\/schema\/logo\/image\/"}}]}},"_links":{"self":[{"href":"https:\/\/kunstlabor.org\/en\/wp-json\/wp\/v2\/pages\/209","targetHints":{"allow":["GET"]}}],"collection":[{"href":"https:\/\/kunstlabor.org\/en\/wp-json\/wp\/v2\/pages"}],"about":[{"href":"https:\/\/kunstlabor.org\/en\/wp-json\/wp\/v2\/types\/page"}],"author":[{"embeddable":true,"href":"https:\/\/kunstlabor.org\/en\/wp-json\/wp\/v2\/users\/3"}],"replies":[{"embeddable":true,"href":"https:\/\/kunstlabor.org\/en\/wp-json\/wp\/v2\/comments?post=209"}],"version-history":[{"count":51,"href":"https:\/\/kunstlabor.org\/en\/wp-json\/wp\/v2\/pages\/209\/revisions"}],"predecessor-version":[{"id":29611,"href":"https:\/\/kunstlabor.org\/en\/wp-json\/wp\/v2\/pages\/209\/revisions\/29611"}],"wp:attachment":[{"href":"https:\/\/kunstlabor.org\/en\/wp-json\/wp\/v2\/media?parent=209"}],"curies":[{"name":"wp","href":"https:\/\/api.w.org\/{rel}","templated":true}]}}