{"id":2,"date":"2016-05-10T03:48:21","date_gmt":"2016-05-10T01:48:21","guid":{"rendered":"http:\/\/kunstlabor2.inbearbeitung.de\/?page_id=2"},"modified":"2024-02-12T08:41:16","modified_gmt":"2024-02-12T07:41:16","slug":"flowerpower","status":"publish","type":"page","link":"https:\/\/kunstlabor.org\/en\/flowerpower\/","title":{"rendered":"Flower Power x KUNSTLABOR 2"},"content":{"rendered":"<div data-elementor-type=\"wp-page\" data-elementor-id=\"2\" class=\"elementor elementor-2\" data-elementor-post-type=\"page\">\n\t\t\t\t\t\t<section class=\"elementor-section elementor-top-section elementor-element elementor-element-278cfc7 elementor-section-content-top elementor-section-boxed elementor-section-height-default elementor-section-height-default\" data-id=\"278cfc7\" data-element_type=\"section\" data-e-type=\"section\">\n\t\t\t\t\t\t<div class=\"elementor-container elementor-column-gap-wider\">\n\t\t\t\t\t<div class=\"elementor-column elementor-col-100 elementor-top-column elementor-element elementor-element-bf507e0\" data-id=\"bf507e0\" data-element_type=\"column\" data-e-type=\"column\">\n\t\t\t<div class=\"elementor-widget-wrap elementor-element-populated\">\n\t\t\t\t\t\t<div class=\"elementor-element elementor-element-f5ef4bd elementor-widget elementor-widget-image\" data-id=\"f5ef4bd\" data-element_type=\"widget\" data-e-type=\"widget\" data-widget_type=\"image.default\">\n\t\t\t\t<div class=\"elementor-widget-container\">\n\t\t\t\t\t\t\t\t\t\t\t\t\t\t\t<img decoding=\"async\" width=\"138\" height=\"144\" src=\"https:\/\/kunstlabor.org\/wp-content\/uploads\/2023\/01\/FPF-Logo-Claim-positiv.svg\" class=\"attachment-large size-large wp-image-26356\" alt=\"\" \/>\t\t\t\t\t\t\t\t\t\t\t\t\t\t\t<\/div>\n\t\t\t\t<\/div>\n\t\t\t\t<div class=\"elementor-element elementor-element-64b7801 elementor-widget elementor-widget-heading\" data-id=\"64b7801\" data-element_type=\"widget\" data-e-type=\"widget\" data-widget_type=\"heading.default\">\n\t\t\t\t<div class=\"elementor-widget-container\">\n\t\t\t\t\t<h3 class=\"elementor-heading-title elementor-size-default\">Flower Power x KUNSTLABOR 2<\/h3>\t\t\t\t<\/div>\n\t\t\t\t<\/div>\n\t\t\t\t<div class=\"elementor-element elementor-element-efd65e1 elementor-widget elementor-widget-text-editor\" data-id=\"efd65e1\" data-element_type=\"widget\" data-e-type=\"widget\" data-widget_type=\"text-editor.default\">\n\t\t\t\t<div class=\"elementor-widget-container\">\n\t\t\t\t\t\t\t\t\t<h4><strong>Review 2023: KUNSTLABOR 2 goes Flower Power Festival<\/strong><\/h4><p>Everything revolved around <strong>from February to October 2023 at <a href=\"https:\/\/flowerpowermuc.de\/festival\/\" target=\"_blank\" rel=\"noopener\">Flower Power Festival<\/a> in Munich<\/strong> around the flower. Its aesthetics. Its sustainability. Its science. It is artistic and natural, fascinating and versatile. As multifaceted as the urban society that took part in the Flower Power Festival in the most diverse areas.<\/p><p>KUNSTLABOR 2 was also in bloom as part of the Flower Power Festival: for eight months, the temporary use project presented an additional programme revolving around blossoms, flowers and plants alongside permanent room installations.<\/p><p>From the flowery exhibition \"<strong>Germany's Next Topflower\" by Natalie Strohmaier<\/strong>, about <strong>Herb tours<\/strong> and a <strong>aphrodisiac flower workshop with Laura Arnowski<\/strong>up to <strong>Ikebana courses<\/strong> in our creative workshop: A colourful programme was offered to visitors from young to old.<\/p><p>At\u00a0<span style=\"font-size: 1rem;\">In the outdoor area, wooden seating sculptures were created as a cosy place to linger in nature before or after enjoying the art. As a special highlight, the <strong>Turin artist Luca Ledda<\/strong> a 140 m\u00b2 wall at KUNSTLABOR 2, creating a floral eye-catcher.<\/span><\/p>\t\t\t\t\t\t\t\t<\/div>\n\t\t\t\t<\/div>\n\t\t\t\t<div class=\"elementor-element elementor-element-2cfcda6 elementor-widget elementor-widget-image\" data-id=\"2cfcda6\" data-element_type=\"widget\" data-e-type=\"widget\" data-widget_type=\"image.default\">\n\t\t\t\t<div class=\"elementor-widget-container\">\n\t\t\t\t\t\t\t\t\t\t\t\t\t\t\t<img fetchpriority=\"high\" decoding=\"async\" width=\"768\" height=\"512\" src=\"https:\/\/kunstlabor.org\/wp-content\/uploads\/2023\/06\/KL2_Mural_LucaLedda_WorkInProgress_3055l-768x512.jpg\" class=\"attachment-medium_large size-medium_large wp-image-28529\" alt=\"\" srcset=\"https:\/\/kunstlabor.org\/wp-content\/uploads\/2023\/06\/KL2_Mural_LucaLedda_WorkInProgress_3055l-768x512.jpg 768w, https:\/\/kunstlabor.org\/wp-content\/uploads\/2023\/06\/KL2_Mural_LucaLedda_WorkInProgress_3055l-300x200.jpg 300w, https:\/\/kunstlabor.org\/wp-content\/uploads\/2023\/06\/KL2_Mural_LucaLedda_WorkInProgress_3055l-1024x683.jpg 1024w, https:\/\/kunstlabor.org\/wp-content\/uploads\/2023\/06\/KL2_Mural_LucaLedda_WorkInProgress_3055l-1536x1024.jpg 1536w, https:\/\/kunstlabor.org\/wp-content\/uploads\/2023\/06\/KL2_Mural_LucaLedda_WorkInProgress_3055l-2048x1366.jpg 2048w, https:\/\/kunstlabor.org\/wp-content\/uploads\/2023\/06\/KL2_Mural_LucaLedda_WorkInProgress_3055l-18x12.jpg 18w\" sizes=\"(max-width: 768px) 100vw, 768px\" \/>\t\t\t\t\t\t\t\t\t\t\t\t\t\t\t<\/div>\n\t\t\t\t<\/div>\n\t\t\t\t\t<\/div>\n\t\t<\/div>\n\t\t\t\t\t<\/div>\n\t\t<\/section>\n\t\t\t\t<\/div>","protected":false},"excerpt":{"rendered":"<p>Review 2023: KUNSTLABOR 2 goes Flower Power Festival From February to October 2023, everything at the Flower Power Festival in Munich revolved around the blossom. Their aesthetics. Their sustainability. Their...<\/p>","protected":false},"author":2,"featured_media":0,"parent":0,"menu_order":0,"comment_status":"closed","ping_status":"closed","template":"elementor_header_footer","meta":{"_acf_changed":false,"footnotes":""},"class_list":["post-2","page","type-page","status-publish","hentry"],"acf":[],"yoast_head":"<!-- This site is optimized with the Yoast SEO plugin v27.3 - https:\/\/yoast.com\/product\/yoast-seo-wordpress\/ -->\n<title>Flower Power x KUNSTLABOR 2 &#8212; Kunstlabor 2<\/title>\n<meta name=\"robots\" content=\"noindex, nofollow\" \/>\n<meta property=\"og:locale\" content=\"en_GB\" \/>\n<meta property=\"og:type\" content=\"article\" \/>\n<meta property=\"og:title\" content=\"Flower Power x KUNSTLABOR 2 &#8212; Kunstlabor 2\" \/>\n<meta property=\"og:description\" content=\"R\u00fcckblick 2023: KUNSTLABOR 2 goes Flower Power Festival Alles drehte sich von Februar bis Oktober 2023 beim Flower Power Festival in M\u00fcnchen um die Bl\u00fcte. Ihre \u00c4sthetik. Ihre Nachhaltigkeit. Ihre...\" \/>\n<meta property=\"og:url\" content=\"https:\/\/kunstlabor.org\/en\/flowerpower\/\" \/>\n<meta property=\"og:site_name\" content=\"Kunstlabor 2\" \/>\n<meta property=\"article:modified_time\" content=\"2024-02-12T07:41:16+00:00\" \/>\n<meta property=\"og:image\" content=\"https:\/\/kunstlabor.org\/wp-content\/uploads\/2023\/01\/FPF-Logo-Claim-positiv.svg\" \/>\n<meta name=\"twitter:card\" content=\"summary_large_image\" \/>\n<script type=\"application\/ld+json\" class=\"yoast-schema-graph\">{\"@context\":\"https:\\\/\\\/schema.org\",\"@graph\":[{\"@type\":\"WebPage\",\"@id\":\"https:\\\/\\\/kunstlabor.org\\\/flowerpower\\\/\",\"url\":\"https:\\\/\\\/kunstlabor.org\\\/flowerpower\\\/\",\"name\":\"Flower Power x KUNSTLABOR 2 &#8212; Kunstlabor 2\",\"isPartOf\":{\"@id\":\"https:\\\/\\\/kunstlabor.org\\\/#website\"},\"primaryImageOfPage\":{\"@id\":\"https:\\\/\\\/kunstlabor.org\\\/flowerpower\\\/#primaryimage\"},\"image\":{\"@id\":\"https:\\\/\\\/kunstlabor.org\\\/flowerpower\\\/#primaryimage\"},\"thumbnailUrl\":\"https:\\\/\\\/kunstlabor.org\\\/wp-content\\\/uploads\\\/2023\\\/01\\\/FPF-Logo-Claim-positiv.svg\",\"datePublished\":\"2016-05-10T01:48:21+00:00\",\"dateModified\":\"2024-02-12T07:41:16+00:00\",\"breadcrumb\":{\"@id\":\"https:\\\/\\\/kunstlabor.org\\\/flowerpower\\\/#breadcrumb\"},\"inLanguage\":\"en-GB\",\"potentialAction\":[{\"@type\":\"ReadAction\",\"target\":[\"https:\\\/\\\/kunstlabor.org\\\/flowerpower\\\/\"]}]},{\"@type\":\"ImageObject\",\"inLanguage\":\"en-GB\",\"@id\":\"https:\\\/\\\/kunstlabor.org\\\/flowerpower\\\/#primaryimage\",\"url\":\"https:\\\/\\\/kunstlabor.org\\\/wp-content\\\/uploads\\\/2023\\\/01\\\/FPF-Logo-Claim-positiv.svg\",\"contentUrl\":\"https:\\\/\\\/kunstlabor.org\\\/wp-content\\\/uploads\\\/2023\\\/01\\\/FPF-Logo-Claim-positiv.svg\"},{\"@type\":\"BreadcrumbList\",\"@id\":\"https:\\\/\\\/kunstlabor.org\\\/flowerpower\\\/#breadcrumb\",\"itemListElement\":[{\"@type\":\"ListItem\",\"position\":1,\"name\":\"Startseite\",\"item\":\"https:\\\/\\\/kunstlabor.org\\\/\"},{\"@type\":\"ListItem\",\"position\":2,\"name\":\"Flower Power x KUNSTLABOR 2\"}]},{\"@type\":\"WebSite\",\"@id\":\"https:\\\/\\\/kunstlabor.org\\\/#website\",\"url\":\"https:\\\/\\\/kunstlabor.org\\\/\",\"name\":\"Kunstlabor 2\",\"description\":\"M\u00fcnchens gr\u00f6\u00dfte Zwischennutzung geht an den Start\",\"publisher\":{\"@id\":\"https:\\\/\\\/kunstlabor.org\\\/#organization\"},\"potentialAction\":[{\"@type\":\"SearchAction\",\"target\":{\"@type\":\"EntryPoint\",\"urlTemplate\":\"https:\\\/\\\/kunstlabor.org\\\/?s={search_term_string}\"},\"query-input\":{\"@type\":\"PropertyValueSpecification\",\"valueRequired\":true,\"valueName\":\"search_term_string\"}}],\"inLanguage\":\"en-GB\"},{\"@type\":\"Organization\",\"@id\":\"https:\\\/\\\/kunstlabor.org\\\/#organization\",\"name\":\"Kunstlabor\",\"url\":\"https:\\\/\\\/kunstlabor.org\\\/\",\"logo\":{\"@type\":\"ImageObject\",\"inLanguage\":\"en-GB\",\"@id\":\"https:\\\/\\\/kunstlabor.org\\\/#\\\/schema\\\/logo\\\/image\\\/\",\"url\":\"https:\\\/\\\/kunstlabor.org\\\/wp-content\\\/uploads\\\/2021\\\/05\\\/logo.png\",\"contentUrl\":\"https:\\\/\\\/kunstlabor.org\\\/wp-content\\\/uploads\\\/2021\\\/05\\\/logo.png\",\"width\":490,\"height\":260,\"caption\":\"Kunstlabor\"},\"image\":{\"@id\":\"https:\\\/\\\/kunstlabor.org\\\/#\\\/schema\\\/logo\\\/image\\\/\"}}]}<\/script>\n<!-- \/ Yoast SEO plugin. -->","yoast_head_json":{"title":"Flower Power x KUNSTLABOR 2 - Art Lab 2","robots":{"index":"noindex","follow":"nofollow"},"og_locale":"en_GB","og_type":"article","og_title":"Flower Power x KUNSTLABOR 2 &#8212; Kunstlabor 2","og_description":"R\u00fcckblick 2023: KUNSTLABOR 2 goes Flower Power Festival Alles drehte sich von Februar bis Oktober 2023 beim Flower Power Festival in M\u00fcnchen um die Bl\u00fcte. Ihre \u00c4sthetik. Ihre Nachhaltigkeit. Ihre...","og_url":"https:\/\/kunstlabor.org\/en\/flowerpower\/","og_site_name":"Kunstlabor 2","article_modified_time":"2024-02-12T07:41:16+00:00","og_image":[{"url":"https:\/\/kunstlabor.org\/wp-content\/uploads\/2023\/01\/FPF-Logo-Claim-positiv.svg","type":"","width":"","height":""}],"twitter_card":"summary_large_image","schema":{"@context":"https:\/\/schema.org","@graph":[{"@type":"WebPage","@id":"https:\/\/kunstlabor.org\/flowerpower\/","url":"https:\/\/kunstlabor.org\/flowerpower\/","name":"Flower Power x KUNSTLABOR 2 - Art Lab 2","isPartOf":{"@id":"https:\/\/kunstlabor.org\/#website"},"primaryImageOfPage":{"@id":"https:\/\/kunstlabor.org\/flowerpower\/#primaryimage"},"image":{"@id":"https:\/\/kunstlabor.org\/flowerpower\/#primaryimage"},"thumbnailUrl":"https:\/\/kunstlabor.org\/wp-content\/uploads\/2023\/01\/FPF-Logo-Claim-positiv.svg","datePublished":"2016-05-10T01:48:21+00:00","dateModified":"2024-02-12T07:41:16+00:00","breadcrumb":{"@id":"https:\/\/kunstlabor.org\/flowerpower\/#breadcrumb"},"inLanguage":"en-GB","potentialAction":[{"@type":"ReadAction","target":["https:\/\/kunstlabor.org\/flowerpower\/"]}]},{"@type":"ImageObject","inLanguage":"en-GB","@id":"https:\/\/kunstlabor.org\/flowerpower\/#primaryimage","url":"https:\/\/kunstlabor.org\/wp-content\/uploads\/2023\/01\/FPF-Logo-Claim-positiv.svg","contentUrl":"https:\/\/kunstlabor.org\/wp-content\/uploads\/2023\/01\/FPF-Logo-Claim-positiv.svg"},{"@type":"BreadcrumbList","@id":"https:\/\/kunstlabor.org\/flowerpower\/#breadcrumb","itemListElement":[{"@type":"ListItem","position":1,"name":"Startseite","item":"https:\/\/kunstlabor.org\/"},{"@type":"ListItem","position":2,"name":"Flower Power x KUNSTLABOR 2"}]},{"@type":"WebSite","@id":"https:\/\/kunstlabor.org\/#website","url":"https:\/\/kunstlabor.org\/","name":"Kunstlabor 2","description":"Munich's largest interim use gets underway","publisher":{"@id":"https:\/\/kunstlabor.org\/#organization"},"potentialAction":[{"@type":"SearchAction","target":{"@type":"EntryPoint","urlTemplate":"https:\/\/kunstlabor.org\/?s={search_term_string}"},"query-input":{"@type":"PropertyValueSpecification","valueRequired":true,"valueName":"search_term_string"}}],"inLanguage":"en-GB"},{"@type":"Organization","@id":"https:\/\/kunstlabor.org\/#organization","name":"Art Lab","url":"https:\/\/kunstlabor.org\/","logo":{"@type":"ImageObject","inLanguage":"en-GB","@id":"https:\/\/kunstlabor.org\/#\/schema\/logo\/image\/","url":"https:\/\/kunstlabor.org\/wp-content\/uploads\/2021\/05\/logo.png","contentUrl":"https:\/\/kunstlabor.org\/wp-content\/uploads\/2021\/05\/logo.png","width":490,"height":260,"caption":"Kunstlabor"},"image":{"@id":"https:\/\/kunstlabor.org\/#\/schema\/logo\/image\/"}}]}},"_links":{"self":[{"href":"https:\/\/kunstlabor.org\/en\/wp-json\/wp\/v2\/pages\/2","targetHints":{"allow":["GET"]}}],"collection":[{"href":"https:\/\/kunstlabor.org\/en\/wp-json\/wp\/v2\/pages"}],"about":[{"href":"https:\/\/kunstlabor.org\/en\/wp-json\/wp\/v2\/types\/page"}],"author":[{"embeddable":true,"href":"https:\/\/kunstlabor.org\/en\/wp-json\/wp\/v2\/users\/2"}],"replies":[{"embeddable":true,"href":"https:\/\/kunstlabor.org\/en\/wp-json\/wp\/v2\/comments?post=2"}],"version-history":[{"count":265,"href":"https:\/\/kunstlabor.org\/en\/wp-json\/wp\/v2\/pages\/2\/revisions"}],"predecessor-version":[{"id":29442,"href":"https:\/\/kunstlabor.org\/en\/wp-json\/wp\/v2\/pages\/2\/revisions\/29442"}],"wp:attachment":[{"href":"https:\/\/kunstlabor.org\/en\/wp-json\/wp\/v2\/media?parent=2"}],"curies":[{"name":"wp","href":"https:\/\/api.w.org\/{rel}","templated":true}]}}