{"id":1814,"date":"2021-11-03T10:48:31","date_gmt":"2021-11-03T09:48:31","guid":{"rendered":"https:\/\/kunstlabor.org\/?page_id=1814"},"modified":"2024-02-14T16:31:24","modified_gmt":"2024-02-14T15:31:24","slug":"gastronomie","status":"publish","type":"page","link":"https:\/\/kunstlabor.org\/en\/gastronomie\/","title":{"rendered":"Gastronomy"},"content":{"rendered":"<div data-elementor-type=\"wp-page\" data-elementor-id=\"1814\" class=\"elementor elementor-1814\" data-elementor-post-type=\"page\">\n\t\t\t\t\t\t<section class=\"elementor-section elementor-top-section elementor-element elementor-element-00ac0ff elementor-section-full_width elementor-section-height-default elementor-section-height-default\" data-id=\"00ac0ff\" data-element_type=\"section\" data-e-type=\"section\">\n\t\t\t\t\t\t<div class=\"elementor-container elementor-column-gap-default\">\n\t\t\t\t\t<div class=\"elementor-column elementor-col-50 elementor-top-column elementor-element elementor-element-4427ecd\" data-id=\"4427ecd\" data-element_type=\"column\" data-e-type=\"column\" data-settings=\"{&quot;background_background&quot;:&quot;classic&quot;}\">\n\t\t\t<div class=\"elementor-widget-wrap elementor-element-populated\">\n\t\t\t\t\t\t<div class=\"elementor-element elementor-element-a7d9cdc elementor-widget__width-inherit elementor-widget elementor-widget-image\" data-id=\"a7d9cdc\" data-element_type=\"widget\" data-e-type=\"widget\" data-widget_type=\"image.default\">\n\t\t\t\t<div class=\"elementor-widget-container\">\n\t\t\t\t\t\t\t\t\t\t\t\t\t\t\t<img fetchpriority=\"high\" decoding=\"async\" width=\"1024\" height=\"1536\" src=\"https:\/\/kunstlabor.org\/wp-content\/uploads\/2023\/10\/22-09-15-Amari-Bar_ThomasMarzusch_0010_1688-1024x1536.jpg\" class=\"attachment-1536x1536 size-1536x1536 wp-image-29001\" alt=\"\" srcset=\"https:\/\/kunstlabor.org\/wp-content\/uploads\/2023\/10\/22-09-15-Amari-Bar_ThomasMarzusch_0010_1688-1024x1536.jpg 1024w, https:\/\/kunstlabor.org\/wp-content\/uploads\/2023\/10\/22-09-15-Amari-Bar_ThomasMarzusch_0010_1688-200x300.jpg 200w, https:\/\/kunstlabor.org\/wp-content\/uploads\/2023\/10\/22-09-15-Amari-Bar_ThomasMarzusch_0010_1688-683x1024.jpg 683w, https:\/\/kunstlabor.org\/wp-content\/uploads\/2023\/10\/22-09-15-Amari-Bar_ThomasMarzusch_0010_1688-768x1152.jpg 768w, https:\/\/kunstlabor.org\/wp-content\/uploads\/2023\/10\/22-09-15-Amari-Bar_ThomasMarzusch_0010_1688-1366x2048.jpg 1366w, https:\/\/kunstlabor.org\/wp-content\/uploads\/2023\/10\/22-09-15-Amari-Bar_ThomasMarzusch_0010_1688-8x12.jpg 8w, https:\/\/kunstlabor.org\/wp-content\/uploads\/2023\/10\/22-09-15-Amari-Bar_ThomasMarzusch_0010_1688.jpg 1667w\" sizes=\"(max-width: 1024px) 100vw, 1024px\" \/>\t\t\t\t\t\t\t\t\t\t\t\t\t\t\t<\/div>\n\t\t\t\t<\/div>\n\t\t\t\t\t<\/div>\n\t\t<\/div>\n\t\t\t\t<div class=\"elementor-column elementor-col-50 elementor-top-column elementor-element elementor-element-4147054\" data-id=\"4147054\" data-element_type=\"column\" data-e-type=\"column\">\n\t\t\t<div class=\"elementor-widget-wrap elementor-element-populated\">\n\t\t\t\t\t\t<div class=\"elementor-element elementor-element-5df1357 elementor-widget elementor-widget-heading\" data-id=\"5df1357\" data-element_type=\"widget\" data-e-type=\"widget\" data-widget_type=\"heading.default\">\n\t\t\t\t<div class=\"elementor-widget-container\">\n\t\t\t\t\t<h2 class=\"elementor-heading-title elementor-size-default\">Gastronomy<\/h2>\t\t\t\t<\/div>\n\t\t\t\t<\/div>\n\t\t\t\t<div class=\"elementor-element elementor-element-1faa9c0 elementor-widget elementor-widget-text-editor\" data-id=\"1faa9c0\" data-element_type=\"widget\" data-e-type=\"widget\" data-widget_type=\"text-editor.default\">\n\t\t\t\t<div class=\"elementor-widget-container\">\n\t\t\t\t\t\t\t\t\t<p class=\"MsoNormal\">The <strong>AMARi <\/strong>is the culinary component at KUNSTLABOR 2. The restaurant offers first-class lunch, a relaxed atmosphere with coffee and cake, and a high-quality bar menu featuring selected wines, its own aperitif creations and exquisite cocktails.<\/p><p class=\"MsoNormal\">Originally from street food, the Zeno Kratzer team focuses on regional and seasonal products, which they lovingly conjure up on the plate and in the glass. Visionary and always on the lookout for creative innovations, the young team strives for culinary adventures in constant self-optimisation.<\/p><p>Like the entire KUNSTLABOR 2, the in-house restaurant with its large outdoor terrace cordially invites you to spend time with friends and family in an extraordinary ambience.<\/p><p>Whether a caf\u00e9 during the day or at the bar in the evening, the <strong>AMARi<\/strong>\u00a0is the new meeting place in Maxvorstadt, centrally located between Stiglmaierplatz and Ma\u00dfmannpark.<\/p><p><strong>Opening hours<\/strong><\/p><p>Monday day off<br \/>Tuesday 17:30 - 23:00<br \/>Wednesday &amp; Thursday 17:30 - 01:00<br \/>Friday 17:30 - 02:00<br \/>Saturday 10:00 - 02:00<br \/>Sunday 10:00 - 23:00<\/p><p><strong>Contact<\/strong><\/p><p>Please make reservations directly at the restaurant via: <a href=\"\/en\/info@amari.bar\/\">info@amari.bar<\/a><\/p>\t\t\t\t\t\t\t\t<\/div>\n\t\t\t\t<\/div>\n\t\t\t\t\t<\/div>\n\t\t<\/div>\n\t\t\t\t\t<\/div>\n\t\t<\/section>\n\t\t\t\t<\/div>","protected":false},"excerpt":{"rendered":"<p>Gastronomy AMARi is the culinary component of KUNSTLABOR 2. The restaurant offers a first-class lunch menu, a relaxed atmosphere with coffee and cake and a high-quality bar menu, which is complemented by a selection of...<\/p>","protected":false},"author":2,"featured_media":0,"parent":0,"menu_order":0,"comment_status":"closed","ping_status":"closed","template":"elementor_header_footer","meta":{"_acf_changed":false,"footnotes":""},"class_list":["post-1814","page","type-page","status-publish","hentry"],"acf":[],"yoast_head":"<!-- This site is optimized with the Yoast SEO plugin v27.3 - https:\/\/yoast.com\/product\/yoast-seo-wordpress\/ -->\n<title>Gastronomie &#8212; Kunstlabor 2<\/title>\n<meta name=\"description\" content=\"Das Amari ist die kulinarische Komponente im KUNSTLABOR 2. Das Restaurant bietet einen erstklassigen Mittagstisch, entspannte Atmosph\u00e4re bei Kaffee und Kuchen und eine qualitativ hochwertige Bar Karte, die durch ausgew\u00e4hlte Weine, eigene Aperitif-Kreationen und vorz\u00fcgliche Cocktails besticht.\" \/>\n<meta name=\"robots\" content=\"index, follow, max-snippet:-1, max-image-preview:large, max-video-preview:-1\" \/>\n<link rel=\"canonical\" href=\"https:\/\/kunstlabor.org\/en\/gastronomie\/\" \/>\n<meta property=\"og:locale\" content=\"en_GB\" \/>\n<meta property=\"og:type\" content=\"article\" \/>\n<meta property=\"og:title\" content=\"Gastronomie &#8212; Kunstlabor 2\" \/>\n<meta property=\"og:description\" content=\"Das Amari ist die kulinarische Komponente im KUNSTLABOR 2. Das Restaurant bietet einen erstklassigen Mittagstisch, entspannte Atmosph\u00e4re bei Kaffee und Kuchen und eine qualitativ hochwertige Bar Karte, die durch ausgew\u00e4hlte Weine, eigene Aperitif-Kreationen und vorz\u00fcgliche Cocktails besticht.\" \/>\n<meta property=\"og:url\" content=\"https:\/\/kunstlabor.org\/en\/gastronomie\/\" \/>\n<meta property=\"og:site_name\" content=\"Kunstlabor 2\" \/>\n<meta property=\"article:modified_time\" content=\"2024-02-14T15:31:24+00:00\" \/>\n<meta property=\"og:image\" content=\"https:\/\/kunstlabor.org\/wp-content\/uploads\/2023\/10\/22-09-15-Amari-Bar_ThomasMarzusch_0010_1688-1024x1536.jpg\" \/>\n<meta name=\"twitter:card\" content=\"summary_large_image\" \/>\n<script type=\"application\/ld+json\" class=\"yoast-schema-graph\">{\"@context\":\"https:\\\/\\\/schema.org\",\"@graph\":[{\"@type\":\"WebPage\",\"@id\":\"https:\\\/\\\/kunstlabor.org\\\/gastronomie\\\/\",\"url\":\"https:\\\/\\\/kunstlabor.org\\\/gastronomie\\\/\",\"name\":\"Gastronomie &#8212; Kunstlabor 2\",\"isPartOf\":{\"@id\":\"https:\\\/\\\/kunstlabor.org\\\/#website\"},\"primaryImageOfPage\":{\"@id\":\"https:\\\/\\\/kunstlabor.org\\\/gastronomie\\\/#primaryimage\"},\"image\":{\"@id\":\"https:\\\/\\\/kunstlabor.org\\\/gastronomie\\\/#primaryimage\"},\"thumbnailUrl\":\"https:\\\/\\\/kunstlabor.org\\\/wp-content\\\/uploads\\\/2023\\\/10\\\/22-09-15-Amari-Bar_ThomasMarzusch_0010_1688-1024x1536.jpg\",\"datePublished\":\"2021-11-03T09:48:31+00:00\",\"dateModified\":\"2024-02-14T15:31:24+00:00\",\"description\":\"Das Amari ist die kulinarische Komponente im KUNSTLABOR 2. Das Restaurant bietet einen erstklassigen Mittagstisch, entspannte Atmosph\u00e4re bei Kaffee und Kuchen und eine qualitativ hochwertige Bar Karte, die durch ausgew\u00e4hlte Weine, eigene Aperitif-Kreationen und vorz\u00fcgliche Cocktails besticht.\",\"breadcrumb\":{\"@id\":\"https:\\\/\\\/kunstlabor.org\\\/gastronomie\\\/#breadcrumb\"},\"inLanguage\":\"en-GB\",\"potentialAction\":[{\"@type\":\"ReadAction\",\"target\":[\"https:\\\/\\\/kunstlabor.org\\\/gastronomie\\\/\"]}]},{\"@type\":\"ImageObject\",\"inLanguage\":\"en-GB\",\"@id\":\"https:\\\/\\\/kunstlabor.org\\\/gastronomie\\\/#primaryimage\",\"url\":\"https:\\\/\\\/kunstlabor.org\\\/wp-content\\\/uploads\\\/2023\\\/10\\\/22-09-15-Amari-Bar_ThomasMarzusch_0010_1688-1024x1536.jpg\",\"contentUrl\":\"https:\\\/\\\/kunstlabor.org\\\/wp-content\\\/uploads\\\/2023\\\/10\\\/22-09-15-Amari-Bar_ThomasMarzusch_0010_1688-1024x1536.jpg\"},{\"@type\":\"BreadcrumbList\",\"@id\":\"https:\\\/\\\/kunstlabor.org\\\/gastronomie\\\/#breadcrumb\",\"itemListElement\":[{\"@type\":\"ListItem\",\"position\":1,\"name\":\"Startseite\",\"item\":\"https:\\\/\\\/kunstlabor.org\\\/\"},{\"@type\":\"ListItem\",\"position\":2,\"name\":\"Gastronomie\"}]},{\"@type\":\"WebSite\",\"@id\":\"https:\\\/\\\/kunstlabor.org\\\/#website\",\"url\":\"https:\\\/\\\/kunstlabor.org\\\/\",\"name\":\"Kunstlabor 2\",\"description\":\"M\u00fcnchens gr\u00f6\u00dfte Zwischennutzung geht an den Start\",\"publisher\":{\"@id\":\"https:\\\/\\\/kunstlabor.org\\\/#organization\"},\"potentialAction\":[{\"@type\":\"SearchAction\",\"target\":{\"@type\":\"EntryPoint\",\"urlTemplate\":\"https:\\\/\\\/kunstlabor.org\\\/?s={search_term_string}\"},\"query-input\":{\"@type\":\"PropertyValueSpecification\",\"valueRequired\":true,\"valueName\":\"search_term_string\"}}],\"inLanguage\":\"en-GB\"},{\"@type\":\"Organization\",\"@id\":\"https:\\\/\\\/kunstlabor.org\\\/#organization\",\"name\":\"Kunstlabor\",\"url\":\"https:\\\/\\\/kunstlabor.org\\\/\",\"logo\":{\"@type\":\"ImageObject\",\"inLanguage\":\"en-GB\",\"@id\":\"https:\\\/\\\/kunstlabor.org\\\/#\\\/schema\\\/logo\\\/image\\\/\",\"url\":\"https:\\\/\\\/kunstlabor.org\\\/wp-content\\\/uploads\\\/2021\\\/05\\\/logo.png\",\"contentUrl\":\"https:\\\/\\\/kunstlabor.org\\\/wp-content\\\/uploads\\\/2021\\\/05\\\/logo.png\",\"width\":490,\"height\":260,\"caption\":\"Kunstlabor\"},\"image\":{\"@id\":\"https:\\\/\\\/kunstlabor.org\\\/#\\\/schema\\\/logo\\\/image\\\/\"}}]}<\/script>\n<!-- \/ Yoast SEO plugin. -->","yoast_head_json":{"title":"Gastronomy - Art Lab 2","description":"The Amari is the culinary component of KUNSTLABOR 2. The restaurant offers a first-class lunch, a relaxed atmosphere with coffee and cake and a high-quality bar menu that impresses with selected wines, its own aperitif creations and excellent cocktails.","robots":{"index":"index","follow":"follow","max-snippet":"max-snippet:-1","max-image-preview":"max-image-preview:large","max-video-preview":"max-video-preview:-1"},"canonical":"https:\/\/kunstlabor.org\/en\/gastronomie\/","og_locale":"en_GB","og_type":"article","og_title":"Gastronomie &#8212; Kunstlabor 2","og_description":"Das Amari ist die kulinarische Komponente im KUNSTLABOR 2. Das Restaurant bietet einen erstklassigen Mittagstisch, entspannte Atmosph\u00e4re bei Kaffee und Kuchen und eine qualitativ hochwertige Bar Karte, die durch ausgew\u00e4hlte Weine, eigene Aperitif-Kreationen und vorz\u00fcgliche Cocktails besticht.","og_url":"https:\/\/kunstlabor.org\/en\/gastronomie\/","og_site_name":"Kunstlabor 2","article_modified_time":"2024-02-14T15:31:24+00:00","og_image":[{"url":"https:\/\/kunstlabor.org\/wp-content\/uploads\/2023\/10\/22-09-15-Amari-Bar_ThomasMarzusch_0010_1688-1024x1536.jpg","type":"","width":"","height":""}],"twitter_card":"summary_large_image","schema":{"@context":"https:\/\/schema.org","@graph":[{"@type":"WebPage","@id":"https:\/\/kunstlabor.org\/gastronomie\/","url":"https:\/\/kunstlabor.org\/gastronomie\/","name":"Gastronomy - Art Lab 2","isPartOf":{"@id":"https:\/\/kunstlabor.org\/#website"},"primaryImageOfPage":{"@id":"https:\/\/kunstlabor.org\/gastronomie\/#primaryimage"},"image":{"@id":"https:\/\/kunstlabor.org\/gastronomie\/#primaryimage"},"thumbnailUrl":"https:\/\/kunstlabor.org\/wp-content\/uploads\/2023\/10\/22-09-15-Amari-Bar_ThomasMarzusch_0010_1688-1024x1536.jpg","datePublished":"2021-11-03T09:48:31+00:00","dateModified":"2024-02-14T15:31:24+00:00","description":"The Amari is the culinary component of KUNSTLABOR 2. The restaurant offers a first-class lunch, a relaxed atmosphere with coffee and cake and a high-quality bar menu that impresses with selected wines, its own aperitif creations and excellent cocktails.","breadcrumb":{"@id":"https:\/\/kunstlabor.org\/gastronomie\/#breadcrumb"},"inLanguage":"en-GB","potentialAction":[{"@type":"ReadAction","target":["https:\/\/kunstlabor.org\/gastronomie\/"]}]},{"@type":"ImageObject","inLanguage":"en-GB","@id":"https:\/\/kunstlabor.org\/gastronomie\/#primaryimage","url":"https:\/\/kunstlabor.org\/wp-content\/uploads\/2023\/10\/22-09-15-Amari-Bar_ThomasMarzusch_0010_1688-1024x1536.jpg","contentUrl":"https:\/\/kunstlabor.org\/wp-content\/uploads\/2023\/10\/22-09-15-Amari-Bar_ThomasMarzusch_0010_1688-1024x1536.jpg"},{"@type":"BreadcrumbList","@id":"https:\/\/kunstlabor.org\/gastronomie\/#breadcrumb","itemListElement":[{"@type":"ListItem","position":1,"name":"Startseite","item":"https:\/\/kunstlabor.org\/"},{"@type":"ListItem","position":2,"name":"Gastronomie"}]},{"@type":"WebSite","@id":"https:\/\/kunstlabor.org\/#website","url":"https:\/\/kunstlabor.org\/","name":"Kunstlabor 2","description":"Munich's largest interim use gets underway","publisher":{"@id":"https:\/\/kunstlabor.org\/#organization"},"potentialAction":[{"@type":"SearchAction","target":{"@type":"EntryPoint","urlTemplate":"https:\/\/kunstlabor.org\/?s={search_term_string}"},"query-input":{"@type":"PropertyValueSpecification","valueRequired":true,"valueName":"search_term_string"}}],"inLanguage":"en-GB"},{"@type":"Organization","@id":"https:\/\/kunstlabor.org\/#organization","name":"Art Lab","url":"https:\/\/kunstlabor.org\/","logo":{"@type":"ImageObject","inLanguage":"en-GB","@id":"https:\/\/kunstlabor.org\/#\/schema\/logo\/image\/","url":"https:\/\/kunstlabor.org\/wp-content\/uploads\/2021\/05\/logo.png","contentUrl":"https:\/\/kunstlabor.org\/wp-content\/uploads\/2021\/05\/logo.png","width":490,"height":260,"caption":"Kunstlabor"},"image":{"@id":"https:\/\/kunstlabor.org\/#\/schema\/logo\/image\/"}}]}},"_links":{"self":[{"href":"https:\/\/kunstlabor.org\/en\/wp-json\/wp\/v2\/pages\/1814","targetHints":{"allow":["GET"]}}],"collection":[{"href":"https:\/\/kunstlabor.org\/en\/wp-json\/wp\/v2\/pages"}],"about":[{"href":"https:\/\/kunstlabor.org\/en\/wp-json\/wp\/v2\/types\/page"}],"author":[{"embeddable":true,"href":"https:\/\/kunstlabor.org\/en\/wp-json\/wp\/v2\/users\/2"}],"replies":[{"embeddable":true,"href":"https:\/\/kunstlabor.org\/en\/wp-json\/wp\/v2\/comments?post=1814"}],"version-history":[{"count":105,"href":"https:\/\/kunstlabor.org\/en\/wp-json\/wp\/v2\/pages\/1814\/revisions"}],"predecessor-version":[{"id":29522,"href":"https:\/\/kunstlabor.org\/en\/wp-json\/wp\/v2\/pages\/1814\/revisions\/29522"}],"wp:attachment":[{"href":"https:\/\/kunstlabor.org\/en\/wp-json\/wp\/v2\/media?parent=1814"}],"curies":[{"name":"wp","href":"https:\/\/api.w.org\/{rel}","templated":true}]}}